{"id":6202,"date":"2025-01-10T10:55:12","date_gmt":"2025-01-10T09:55:12","guid":{"rendered":"https:\/\/compraencieza.es\/?post_type=product&#038;p=6202"},"modified":"2025-01-10T11:06:23","modified_gmt":"2025-01-10T10:06:23","slug":"champu-para-barba-skull-men","status":"publish","type":"product","link":"https:\/\/compraencieza.es\/en\/product\/champu-para-barba-skull-men\/","title":{"rendered":"Skull Men Beard Shampoo"},"content":{"rendered":"<p>El aseo es el punto de partida hacia el \u00e9xito de tu barba, debes lavarla a diario y limpiar el fol\u00edculo, eliminando las pieles muertas que obstruyen el canal.<\/p>\n<p><strong>PRINCIPIOS ACTIVOS:<\/strong><\/p>\n<p>Propilene Glycol: Hidratante y suavizante. Facilita el peinado.<\/p>\n<p>Acido C\u00edtrico: Exfolia cabello y piel.<\/p>\n<p>Eucalipto: Antimicrobiano, antinflamatorio y elimina foliculitis.<\/p>\n<p>Panthenol: Penetra en piel y pelo y retiene la humedad.<\/p>\n<p><strong>CARACTER\u00cdSTICAS:<\/strong><\/p>\n<p>Limpia profundamente piel y pelo.<\/p>\n<p>Nutre e hidrata.<\/p>\n<p>Reduce la foliculitis.<\/p>\n<p>Aroma Blue Ocean.<\/p>\n<p><strong>MODO DE USO:<\/strong><\/p>\n<p>Aplicar una peque\u00f1a cantidad sobre la barba, masajear y a continuaci\u00f3n aclarar con abundante agua. Repetir el proceso 2 veces.<\/p>\n<p><strong>CONSEJO:\u00a0<\/strong>Seca bien tu barba despu\u00e9s del lavado antes de aportarle la hidrataci\u00f3n en un segundo paso ya que no se absorber\u00e1\u00a0con tanta facilidad si sigue h\u00fameda.<\/p>\n<div><strong>\u00a0<\/strong><\/div>\n<p>Formato: 200ml<\/p>","protected":false},"excerpt":{"rendered":"<p>El aseo es el punto de partida hacia el \u00e9xito de tu barba, debes lavarla a diario y limpiar el fol\u00edculo, eliminando las pieles muertas que obstruyen el canal. PRINCIPIOS ACTIVOS: Propilene Glycol: Hidratante y suavizante. Facilita el peinado. Acido C\u00edtrico: Exfolia cabello y piel. Eucalipto: Antimicrobiano, antinflamatorio y elimina foliculitis. Panthenol: Penetra en piel [&hellip;]<\/p>","protected":false},"featured_media":6252,"comment_status":"open","ping_status":"closed","template":"","meta":{"_acf_changed":false,"inline_featured_image":false},"product_cat":[105],"product_tag":[],"genre":[],"class_list":{"0":"post-6202","1":"product","2":"type-product","3":"status-publish","4":"has-post-thumbnail","6":"product_cat-salud","8":"first","9":"instock","10":"taxable","11":"shipping-taxable","12":"purchasable","13":"product-type-simple","14":"add-to-wishlist-after_add_to_cart"},"acf":[],"_links":{"self":[{"href":"https:\/\/compraencieza.es\/en\/wp-json\/wp\/v2\/product\/6202","targetHints":{"allow":["GET"]}}],"collection":[{"href":"https:\/\/compraencieza.es\/en\/wp-json\/wp\/v2\/product"}],"about":[{"href":"https:\/\/compraencieza.es\/en\/wp-json\/wp\/v2\/types\/product"}],"replies":[{"embeddable":true,"href":"https:\/\/compraencieza.es\/en\/wp-json\/wp\/v2\/comments?post=6202"}],"wp:featuredmedia":[{"embeddable":true,"href":"https:\/\/compraencieza.es\/en\/wp-json\/wp\/v2\/media\/6252"}],"wp:attachment":[{"href":"https:\/\/compraencieza.es\/en\/wp-json\/wp\/v2\/media?parent=6202"}],"wp:term":[{"taxonomy":"product_cat","embeddable":true,"href":"https:\/\/compraencieza.es\/en\/wp-json\/wp\/v2\/product_cat?post=6202"},{"taxonomy":"product_tag","embeddable":true,"href":"https:\/\/compraencieza.es\/en\/wp-json\/wp\/v2\/product_tag?post=6202"},{"taxonomy":"product_brand","embeddable":true,"href":"https:\/\/compraencieza.es\/en\/wp-json\/wp\/v2\/genre?post=6202"}],"curies":[{"name":"wp","href":"https:\/\/api.w.org\/{rel}","templated":true}]}}