{"id":6203,"date":"2025-01-10T10:55:12","date_gmt":"2025-01-10T09:55:12","guid":{"rendered":"https:\/\/compraencieza.es\/?post_type=product&#038;p=6203"},"modified":"2025-01-10T11:06:23","modified_gmt":"2025-01-10T10:06:23","slug":"cera-fuerte-dark-skull-men","status":"publish","type":"product","link":"https:\/\/compraencieza.es\/en\/product\/cera-fuerte-dark-skull-men\/","title":{"rendered":"Dark Skull Men Strong Wax"},"content":{"rendered":"<p>Las canas son el s\u00edmbolo de tu experiencia y no queremos que las escondas, puedes darles belleza con este matizador que te aportar\u00e1 un tono gris\u00e1ceo\u00a0y te ayudar\u00e1 a homogeneizar cuando tu cabello tenga diferentes tonalidades blancas.<\/p>\n<p><strong>PRINCIPIOS ACTIVOS:<\/strong><\/p>\n<p>Octylacrilamina: Aporta soporte y fijaci\u00f3n al cabello. Act\u00faa como agente anti est\u00e1tico.<\/p>\n<p>Methaacrilate Copolimer: Control de estilo y proporciona brillo.<\/p>\n<p><strong>CARACTER\u00cdSTICAS:<\/strong><\/p>\n<p>Base agua.<\/p>\n<p>Efecto brillo.<\/p>\n<p>&nbsp;<\/p>\n<p>Poder matizador.<\/p>\n<p>Fijaci\u00f3n fuerte.<\/p>\n<p><strong>MODO DE USO:<\/strong><\/p>\n<p>Aplicar sobre el cabello seco o mojado, una peque\u00f1a cantidad en las manos y distribuir uniformemente por el cabello. Dar la forma deseada.<\/p>\n<p><strong>CONSEJO:\u00a0<\/strong>Si no te gusta el efecto brillo puedes repartirlo por el cabello h\u00famedo y utilizar un secador despu\u00e9s.<\/p>\n<p>&nbsp;<\/p>\n<p>Formato:100ml<\/p>","protected":false},"excerpt":{"rendered":"<p>Las canas son el s\u00edmbolo de tu experiencia y no queremos que las escondas, puedes darles belleza con este matizador que te aportar\u00e1 un tono gris\u00e1ceo\u00a0y te ayudar\u00e1 a homogeneizar cuando tu cabello tenga diferentes tonalidades blancas. PRINCIPIOS ACTIVOS: Octylacrilamina: Aporta soporte y fijaci\u00f3n al cabello. Act\u00faa como agente anti est\u00e1tico. Methaacrilate Copolimer: Control de [&hellip;]<\/p>","protected":false},"featured_media":6253,"comment_status":"open","ping_status":"closed","template":"","meta":{"_acf_changed":false,"inline_featured_image":false},"product_cat":[105],"product_tag":[],"genre":[],"class_list":{"0":"post-6203","1":"product","2":"type-product","3":"status-publish","4":"has-post-thumbnail","6":"product_cat-salud","8":"first","9":"instock","10":"sale","11":"taxable","12":"shipping-taxable","13":"purchasable","14":"product-type-simple","15":"add-to-wishlist-after_add_to_cart"},"acf":[],"_links":{"self":[{"href":"https:\/\/compraencieza.es\/en\/wp-json\/wp\/v2\/product\/6203","targetHints":{"allow":["GET"]}}],"collection":[{"href":"https:\/\/compraencieza.es\/en\/wp-json\/wp\/v2\/product"}],"about":[{"href":"https:\/\/compraencieza.es\/en\/wp-json\/wp\/v2\/types\/product"}],"replies":[{"embeddable":true,"href":"https:\/\/compraencieza.es\/en\/wp-json\/wp\/v2\/comments?post=6203"}],"wp:featuredmedia":[{"embeddable":true,"href":"https:\/\/compraencieza.es\/en\/wp-json\/wp\/v2\/media\/6253"}],"wp:attachment":[{"href":"https:\/\/compraencieza.es\/en\/wp-json\/wp\/v2\/media?parent=6203"}],"wp:term":[{"taxonomy":"product_cat","embeddable":true,"href":"https:\/\/compraencieza.es\/en\/wp-json\/wp\/v2\/product_cat?post=6203"},{"taxonomy":"product_tag","embeddable":true,"href":"https:\/\/compraencieza.es\/en\/wp-json\/wp\/v2\/product_tag?post=6203"},{"taxonomy":"product_brand","embeddable":true,"href":"https:\/\/compraencieza.es\/en\/wp-json\/wp\/v2\/genre?post=6203"}],"curies":[{"name":"wp","href":"https:\/\/api.w.org\/{rel}","templated":true}]}}