{"id":6204,"date":"2025-01-10T10:55:12","date_gmt":"2025-01-10T09:55:12","guid":{"rendered":"https:\/\/compraencieza.es\/?post_type=product&#038;p=6204"},"modified":"2025-01-10T11:06:23","modified_gmt":"2025-01-10T10:06:23","slug":"cera-fuerte-skull-men","status":"publish","type":"product","link":"https:\/\/compraencieza.es\/en\/product\/cera-fuerte-skull-men\/","title":{"rendered":"Cera Fuerte Skull Men"},"content":{"rendered":"<p>Con esta cera podr\u00e1s hacerte los peinados m\u00e1s locos o m\u00e1s casual si lo prefieres, gracias al poder supremo de fijaci\u00f3n, con acabado mate y secado r\u00e1pido.<\/p>\n<p>&nbsp;<\/p>\n<p><strong>PRINCIPIOS ACTIVOS:<\/strong><\/p>\n<p>Kaolin: Aporta opacidad.<\/p>\n<p>Parafinum Liquidum: Protecci\u00f3n y antiest\u00e1tico.<\/p>\n<p><strong>CARACTER\u00cdSTICAS:<\/strong><\/p>\n<p>Efecto mate.<u><\/u><\/p>\n<p>&nbsp;<\/p>\n<p>Fijaci\u00f3n fuerte.<\/p>\n<p>Base agua.<\/p>\n<p><strong>MODO DE USO:<\/strong><\/p>\n<p>Aplicar sobre el cabello seco o mojado, una peque\u00f1a cantidad en las manos y distribuir uniformemente por el cabello. Dar la forma deseada.<\/p>\n<p><strong>CONSEJO:\u00a0<\/strong>Una vez aplicado en las manos, reparte r\u00e1pido en el cabello antes de que el producto se seque y no puedas moldearlo.<\/p>\n<p>&nbsp;<\/p>\n<p>Formato:100ml<\/p>","protected":false},"excerpt":{"rendered":"<p>Con esta cera podr\u00e1s hacerte los peinados m\u00e1s locos o m\u00e1s casual si lo prefieres, gracias al poder supremo de fijaci\u00f3n, con acabado mate y secado r\u00e1pido. &nbsp; PRINCIPIOS ACTIVOS: Kaolin: Aporta opacidad. Parafinum Liquidum: Protecci\u00f3n y antiest\u00e1tico. CARACTER\u00cdSTICAS: Efecto mate. &nbsp; Fijaci\u00f3n fuerte. Base agua. MODO DE USO: Aplicar sobre el cabello seco o [&hellip;]<\/p>","protected":false},"featured_media":6254,"comment_status":"open","ping_status":"closed","template":"","meta":{"_acf_changed":false,"inline_featured_image":false},"product_cat":[105],"product_tag":[],"genre":[],"class_list":{"0":"post-6204","1":"product","2":"type-product","3":"status-publish","4":"has-post-thumbnail","6":"product_cat-salud","8":"first","9":"outofstock","10":"taxable","11":"shipping-taxable","12":"purchasable","13":"product-type-simple","14":"add-to-wishlist-after_add_to_cart"},"acf":[],"_links":{"self":[{"href":"https:\/\/compraencieza.es\/en\/wp-json\/wp\/v2\/product\/6204","targetHints":{"allow":["GET"]}}],"collection":[{"href":"https:\/\/compraencieza.es\/en\/wp-json\/wp\/v2\/product"}],"about":[{"href":"https:\/\/compraencieza.es\/en\/wp-json\/wp\/v2\/types\/product"}],"replies":[{"embeddable":true,"href":"https:\/\/compraencieza.es\/en\/wp-json\/wp\/v2\/comments?post=6204"}],"wp:featuredmedia":[{"embeddable":true,"href":"https:\/\/compraencieza.es\/en\/wp-json\/wp\/v2\/media\/6254"}],"wp:attachment":[{"href":"https:\/\/compraencieza.es\/en\/wp-json\/wp\/v2\/media?parent=6204"}],"wp:term":[{"taxonomy":"product_cat","embeddable":true,"href":"https:\/\/compraencieza.es\/en\/wp-json\/wp\/v2\/product_cat?post=6204"},{"taxonomy":"product_tag","embeddable":true,"href":"https:\/\/compraencieza.es\/en\/wp-json\/wp\/v2\/product_tag?post=6204"},{"taxonomy":"product_brand","embeddable":true,"href":"https:\/\/compraencieza.es\/en\/wp-json\/wp\/v2\/genre?post=6204"}],"curies":[{"name":"wp","href":"https:\/\/api.w.org\/{rel}","templated":true}]}}