{"id":6206,"date":"2025-01-10T10:55:12","date_gmt":"2025-01-10T09:55:12","guid":{"rendered":"https:\/\/compraencieza.es\/?post_type=product&#038;p=6206"},"modified":"2025-01-10T11:06:23","modified_gmt":"2025-01-10T10:06:23","slug":"ultra-strong-gel-skull-men-500-ml","status":"publish","type":"product","link":"https:\/\/compraencieza.es\/en\/product\/ultra-strong-gel-skull-men-500-ml\/","title":{"rendered":"Ultra Strong Gel Skull Men 500 ml"},"content":{"rendered":"<p>F\u00e1cil aplicaci\u00f3n y extrema dureza una vez secado, este gel con base acuosa puede llegar a ser adictivo, te invitamos a que lo pruebes en cualquier tipo de cabello a cualquier hora y para cualquier cosa.<\/p>\n<p>&nbsp;<\/p>\n<p><strong>PRINCIPIOS ACTIVOS:<\/strong><\/p>\n<p>PVP Copolymer: Retenedor de humedad.<\/p>\n<p>Glicerina: Aporta hidrataci\u00f3n.<\/p>\n<p><strong>CARACTER\u00cdSTICAS:<\/strong><\/p>\n<p>Fijaci\u00f3n ultra fuerte.<\/p>\n<p>Efecto h\u00famedo.<\/p>\n<p>Acabado brillante.<\/p>\n<p>No deja residuos.<\/p>\n<p><strong>MODO DE USO:<\/strong><\/p>\n<p>Aplicar una peque\u00f1a cantidad sobre el cabello h\u00famedo y dar la forma deseada al cabello.<\/p>\n<p><strong>CONSEJO:\u00a0<\/strong>Si tienes el cabello rizado es una buena opci\u00f3n para unificar el mech\u00f3n y conseguir un efecto brillante.<\/p>\n<p>&nbsp;<\/p>\n<p>Formato: 500ml<\/p>","protected":false},"excerpt":{"rendered":"<p>F\u00e1cil aplicaci\u00f3n y extrema dureza una vez secado, este gel con base acuosa puede llegar a ser adictivo, te invitamos a que lo pruebes en cualquier tipo de cabello a cualquier hora y para cualquier cosa. &nbsp; PRINCIPIOS ACTIVOS: PVP Copolymer: Retenedor de humedad. Glicerina: Aporta hidrataci\u00f3n. CARACTER\u00cdSTICAS: Fijaci\u00f3n ultra fuerte. Efecto h\u00famedo. Acabado brillante. [&hellip;]<\/p>","protected":false},"featured_media":6262,"comment_status":"open","ping_status":"closed","template":"","meta":{"_acf_changed":false,"inline_featured_image":false},"product_cat":[105],"product_tag":[],"genre":[],"class_list":{"0":"post-6206","1":"product","2":"type-product","3":"status-publish","4":"has-post-thumbnail","6":"product_cat-salud","8":"first","9":"instock","10":"taxable","11":"shipping-taxable","12":"purchasable","13":"product-type-simple","14":"add-to-wishlist-after_add_to_cart"},"acf":[],"_links":{"self":[{"href":"https:\/\/compraencieza.es\/en\/wp-json\/wp\/v2\/product\/6206","targetHints":{"allow":["GET"]}}],"collection":[{"href":"https:\/\/compraencieza.es\/en\/wp-json\/wp\/v2\/product"}],"about":[{"href":"https:\/\/compraencieza.es\/en\/wp-json\/wp\/v2\/types\/product"}],"replies":[{"embeddable":true,"href":"https:\/\/compraencieza.es\/en\/wp-json\/wp\/v2\/comments?post=6206"}],"wp:featuredmedia":[{"embeddable":true,"href":"https:\/\/compraencieza.es\/en\/wp-json\/wp\/v2\/media\/6262"}],"wp:attachment":[{"href":"https:\/\/compraencieza.es\/en\/wp-json\/wp\/v2\/media?parent=6206"}],"wp:term":[{"taxonomy":"product_cat","embeddable":true,"href":"https:\/\/compraencieza.es\/en\/wp-json\/wp\/v2\/product_cat?post=6206"},{"taxonomy":"product_tag","embeddable":true,"href":"https:\/\/compraencieza.es\/en\/wp-json\/wp\/v2\/product_tag?post=6206"},{"taxonomy":"product_brand","embeddable":true,"href":"https:\/\/compraencieza.es\/en\/wp-json\/wp\/v2\/genre?post=6206"}],"curies":[{"name":"wp","href":"https:\/\/api.w.org\/{rel}","templated":true}]}}