{"id":6207,"date":"2025-01-10T10:55:12","date_gmt":"2025-01-10T09:55:12","guid":{"rendered":"https:\/\/compraencieza.es\/?post_type=product&#038;p=6207"},"modified":"2025-01-10T11:06:23","modified_gmt":"2025-01-10T10:06:23","slug":"cepillo-antirotura-fingerbrusch-olivia-garden","status":"publish","type":"product","link":"https:\/\/compraencieza.es\/en\/product\/cepillo-antirotura-fingerbrusch-olivia-garden\/","title":{"rendered":"Cepillo antirotura Fingerbrusch Olivia Garden"},"content":{"rendered":"<p>Haz m\u00e1s agradable el desenredado diario del cabello. El cepillo plano Olivia Garden Fingerbrush desenreda el cabello con facilidad, lo cuida y ayuda a realizar el peinado final. Gracias a su exclusivo dise\u00f1o, el cabezal del cepillo se adapta perfectamente a la forma de la cabeza. Adem\u00e1s, la mezcla de cerdas de jabal\u00ed y de nylon distribuye los aceites naturales del cuero cabelludo durante el cepillado, aport\u00e1ndole al cabello un brillo saludable.<\/p>\n<p>&nbsp;<\/p>\n<p>Propiedades:<\/p>\n<p>&nbsp;<\/p>\n<p>desenreda sin provocar dolor ni romper el cabello<\/p>\n<p>deja el cabello maravillosamente sano y brillante<\/p>\n<p>potencia el ondulado natural del cabello<\/p>\n<p>cuida del cabello ya durante el peinado<\/p>\n<p>el cabezal curvado se adapta a la forma de la cabeza<\/p>\n<p>es delicado con el cabello y el cuero cabelludo<\/p>\n<p>ideal para cabellos de todo tipo y longitud<\/p>\n<p>con separador de cabello extensible<\/p>\n<p>Material:<\/p>\n<p>&nbsp;<\/p>\n<p>mezcla de cerdas de jabal\u00ed y de nylon \u2013 dejan el cabello brillante<\/p>\n<p>Modo de uso:<\/p>\n<ol>\n<li>P\u00e9inate el cabello con el cepillo Olivia Garden Fingerbrush\u00a0 despacio y con delicadeza para evitar los da\u00f1os mec\u00e1nicos en el cabello.<\/li>\n<\/ol>","protected":false},"excerpt":{"rendered":"<p>Haz m\u00e1s agradable el desenredado diario del cabello. El cepillo plano Olivia Garden Fingerbrush desenreda el cabello con facilidad, lo cuida y ayuda a realizar el peinado final. Gracias a su exclusivo dise\u00f1o, el cabezal del cepillo se adapta perfectamente a la forma de la cabeza. Adem\u00e1s, la mezcla de cerdas de jabal\u00ed y de [&hellip;]<\/p>","protected":false},"featured_media":6263,"comment_status":"open","ping_status":"closed","template":"","meta":{"_acf_changed":false,"inline_featured_image":false},"product_cat":[105],"product_tag":[],"genre":[],"class_list":{"0":"post-6207","1":"product","2":"type-product","3":"status-publish","4":"has-post-thumbnail","6":"product_cat-salud","8":"first","9":"instock","10":"taxable","11":"shipping-taxable","12":"purchasable","13":"product-type-variable","14":"add-to-wishlist-after_add_to_cart"},"acf":[],"_links":{"self":[{"href":"https:\/\/compraencieza.es\/en\/wp-json\/wp\/v2\/product\/6207","targetHints":{"allow":["GET"]}}],"collection":[{"href":"https:\/\/compraencieza.es\/en\/wp-json\/wp\/v2\/product"}],"about":[{"href":"https:\/\/compraencieza.es\/en\/wp-json\/wp\/v2\/types\/product"}],"replies":[{"embeddable":true,"href":"https:\/\/compraencieza.es\/en\/wp-json\/wp\/v2\/comments?post=6207"}],"wp:featuredmedia":[{"embeddable":true,"href":"https:\/\/compraencieza.es\/en\/wp-json\/wp\/v2\/media\/6263"}],"wp:attachment":[{"href":"https:\/\/compraencieza.es\/en\/wp-json\/wp\/v2\/media?parent=6207"}],"wp:term":[{"taxonomy":"product_cat","embeddable":true,"href":"https:\/\/compraencieza.es\/en\/wp-json\/wp\/v2\/product_cat?post=6207"},{"taxonomy":"product_tag","embeddable":true,"href":"https:\/\/compraencieza.es\/en\/wp-json\/wp\/v2\/product_tag?post=6207"},{"taxonomy":"product_brand","embeddable":true,"href":"https:\/\/compraencieza.es\/en\/wp-json\/wp\/v2\/genre?post=6207"}],"curies":[{"name":"wp","href":"https:\/\/api.w.org\/{rel}","templated":true}]}}