{"id":6213,"date":"2025-01-10T10:55:34","date_gmt":"2025-01-10T09:55:34","guid":{"rendered":"https:\/\/compraencieza.es\/?post_type=product&#038;p=6213"},"modified":"2025-01-10T11:06:23","modified_gmt":"2025-01-10T10:06:23","slug":"tratamiento-reparador","status":"publish","type":"product","link":"https:\/\/compraencieza.es\/en\/product\/tratamiento-reparador\/","title":{"rendered":"Tratamiento Reparador"},"content":{"rendered":"<p>La Mascarilla Reparadora Intensiva de INDOLA, con queratina vegana alternativa, es una mascarilla que acondiciona en profundidad y penetra en las bases debilitadas, extremadamente da\u00f1adas y excesivamente tratadas. Regenera el interior de la fibra capilar mientras protege frente a la rotura del cabello hasta en un 95%*. F\u00f3rmula vegana**.<\/p>\n<ul>\n<li>Mascarilla reparadora con una Alternativa Vegana a la Queratina<\/li>\n<li>Proporciona una regeneraci\u00f3n en profundidad de la estructura interna del cabello muy da\u00f1ado y excesivamente tratado qu\u00edmicamente<\/li>\n<li>Penetra en profundidad en la base debilitada del cabello y regenera la estructura celular<\/li>\n<li>Reduce los da\u00f1os en el cabello hasta en un 95%**<\/li>\n<li>Sella la superficie capilar<\/li>\n<li>Proporciona un gran brillo<\/li>\n<\/ul>\n<p>*Cuando se usa junto al Champ\u00fa Reparador de INDOLA.<\/p>\n<p>**Libre de ingredientes de origen animal.<\/p>","protected":false},"excerpt":{"rendered":"<p>La Mascarilla Reparadora Intensiva de INDOLA, con queratina vegana alternativa, es una mascarilla que acondiciona en profundidad y penetra en las bases debilitadas, extremadamente da\u00f1adas y excesivamente tratadas. Regenera el interior de la fibra capilar mientras protege frente a la rotura del cabello hasta en un 95%*. F\u00f3rmula vegana**. Mascarilla reparadora con una Alternativa Vegana [&hellip;]<\/p>","protected":false},"featured_media":6264,"comment_status":"open","ping_status":"closed","template":"","meta":{"_acf_changed":false,"inline_featured_image":false},"product_cat":[105],"product_tag":[],"genre":[],"class_list":{"0":"post-6213","1":"product","2":"type-product","3":"status-publish","4":"has-post-thumbnail","6":"product_cat-salud","8":"first","9":"instock","10":"taxable","11":"shipping-taxable","12":"purchasable","13":"product-type-simple","14":"add-to-wishlist-after_add_to_cart"},"acf":[],"_links":{"self":[{"href":"https:\/\/compraencieza.es\/en\/wp-json\/wp\/v2\/product\/6213","targetHints":{"allow":["GET"]}}],"collection":[{"href":"https:\/\/compraencieza.es\/en\/wp-json\/wp\/v2\/product"}],"about":[{"href":"https:\/\/compraencieza.es\/en\/wp-json\/wp\/v2\/types\/product"}],"replies":[{"embeddable":true,"href":"https:\/\/compraencieza.es\/en\/wp-json\/wp\/v2\/comments?post=6213"}],"wp:featuredmedia":[{"embeddable":true,"href":"https:\/\/compraencieza.es\/en\/wp-json\/wp\/v2\/media\/6264"}],"wp:attachment":[{"href":"https:\/\/compraencieza.es\/en\/wp-json\/wp\/v2\/media?parent=6213"}],"wp:term":[{"taxonomy":"product_cat","embeddable":true,"href":"https:\/\/compraencieza.es\/en\/wp-json\/wp\/v2\/product_cat?post=6213"},{"taxonomy":"product_tag","embeddable":true,"href":"https:\/\/compraencieza.es\/en\/wp-json\/wp\/v2\/product_tag?post=6213"},{"taxonomy":"product_brand","embeddable":true,"href":"https:\/\/compraencieza.es\/en\/wp-json\/wp\/v2\/genre?post=6213"}],"curies":[{"name":"wp","href":"https:\/\/api.w.org\/{rel}","templated":true}]}}