{"id":6216,"date":"2025-01-10T10:55:34","date_gmt":"2025-01-10T09:55:34","guid":{"rendered":"https:\/\/compraencieza.es\/?post_type=product&#038;p=6216"},"modified":"2025-01-10T11:06:23","modified_gmt":"2025-01-10T10:06:23","slug":"champu-repair-300-ml","status":"publish","type":"product","link":"https:\/\/compraencieza.es\/en\/product\/champu-repair-300-ml\/","title":{"rendered":"Champ\u00fa Repair 300 ml"},"content":{"rendered":"<p>El Champ\u00fa Reparador de INDOLA, con queratina vegana alternativa, Limpia y nutre el cabello da\u00f1ado y poroso mientras protege el cabello frente a la rotura hasta en un 95%*. Para un cabello fuerte internamente, con elasticidad y un aspecto sano y brillante. F\u00f3rmula vegana**.<\/p>\n<ul>\n<li>F\u00f3rmula intensiva y de lujo<\/li>\n<li>Limpia y nutre el cabello da\u00f1ado y poroso<\/li>\n<li>Aporta suavidad y brillo<\/li>\n<li>Facilita la peinabilidad sin apelmazar el cabello<\/li>\n<li>Devuelve la fuerza interna y la elasticidad al cabello<\/li>\n<li>Adecuado para uso diario<\/li>\n<\/ul>\n<p>*Cuando se usa junto al Acondicionador Reparador u otros Tratamientos de INDOLA.<\/p>\n<p>**Libre de ingredientes de origen animal.<\/p>","protected":false},"excerpt":{"rendered":"<p>El Champ\u00fa Reparador de INDOLA, con queratina vegana alternativa, Limpia y nutre el cabello da\u00f1ado y poroso mientras protege el cabello frente a la rotura hasta en un 95%*. Para un cabello fuerte internamente, con elasticidad y un aspecto sano y brillante. F\u00f3rmula vegana**. F\u00f3rmula intensiva y de lujo Limpia y nutre el cabello da\u00f1ado [&hellip;]<\/p>","protected":false},"featured_media":6267,"comment_status":"open","ping_status":"closed","template":"","meta":{"_acf_changed":false,"inline_featured_image":false},"product_cat":[105],"product_tag":[],"genre":[],"class_list":{"0":"post-6216","1":"product","2":"type-product","3":"status-publish","4":"has-post-thumbnail","6":"product_cat-salud","8":"first","9":"instock","10":"taxable","11":"shipping-taxable","12":"purchasable","13":"product-type-simple","14":"add-to-wishlist-after_add_to_cart"},"acf":[],"_links":{"self":[{"href":"https:\/\/compraencieza.es\/en\/wp-json\/wp\/v2\/product\/6216","targetHints":{"allow":["GET"]}}],"collection":[{"href":"https:\/\/compraencieza.es\/en\/wp-json\/wp\/v2\/product"}],"about":[{"href":"https:\/\/compraencieza.es\/en\/wp-json\/wp\/v2\/types\/product"}],"replies":[{"embeddable":true,"href":"https:\/\/compraencieza.es\/en\/wp-json\/wp\/v2\/comments?post=6216"}],"wp:featuredmedia":[{"embeddable":true,"href":"https:\/\/compraencieza.es\/en\/wp-json\/wp\/v2\/media\/6267"}],"wp:attachment":[{"href":"https:\/\/compraencieza.es\/en\/wp-json\/wp\/v2\/media?parent=6216"}],"wp:term":[{"taxonomy":"product_cat","embeddable":true,"href":"https:\/\/compraencieza.es\/en\/wp-json\/wp\/v2\/product_cat?post=6216"},{"taxonomy":"product_tag","embeddable":true,"href":"https:\/\/compraencieza.es\/en\/wp-json\/wp\/v2\/product_tag?post=6216"},{"taxonomy":"product_brand","embeddable":true,"href":"https:\/\/compraencieza.es\/en\/wp-json\/wp\/v2\/genre?post=6216"}],"curies":[{"name":"wp","href":"https:\/\/api.w.org\/{rel}","templated":true}]}}