{"id":6217,"date":"2025-01-10T10:55:34","date_gmt":"2025-01-10T09:55:34","guid":{"rendered":"https:\/\/compraencieza.es\/?post_type=product&#038;p=6217"},"modified":"2025-01-10T11:06:23","modified_gmt":"2025-01-10T10:06:23","slug":"champu-activador-de-raices-300-ml","status":"publish","type":"product","link":"https:\/\/compraencieza.es\/en\/product\/champu-activador-de-raices-300-ml\/","title":{"rendered":"Root Activating Shampoo 300 ml"},"content":{"rendered":"<p>El primer paso del Sistema Activador de Ra\u00edces de INDOLA es el Champ\u00fa que reduce la ca\u00edda del cabello* tras 6 semanas de uso continuado. Champ\u00fa con taurina y carnitina para limpiar y estimular las ra\u00edces en el cuero cabelludo proporcionando nutrientes energ\u00e9ticos a los fol\u00edculos del cabello para fortificarlo. Para un cabello y cuero cabelludo activados a la perfecci\u00f3n. F\u00f3rmula vegana**.<\/p>\n<ul>\n<li>Primer paso para reducir la ca\u00edda del cabello no patol\u00f3gica<\/li>\n<li>Limpia mientras estimula las ra\u00edces<\/li>\n<li>Fortifica el cabello fr\u00e1gil<\/li>\n<li>Proporciona nutrientes muy energ\u00e9ticos en el fol\u00edculo piloso<\/li>\n<li>Para todo tipo de cabello<\/li>\n<li>Adecuado para uso diario<\/li>\n<\/ul>\n<p>*Ca\u00edda del cabello no patol\u00f3gica.<\/p>\n<p>** Cuando el Champ\u00fa Activador de Ra\u00edces se aplica junto a la Loci\u00f3n Activadora de Ra\u00edces.<\/p>\n<p>***Libre de ingredientes de origen animal.<\/p>","protected":false},"excerpt":{"rendered":"<p>El primer paso del Sistema Activador de Ra\u00edces de INDOLA es el Champ\u00fa que reduce la ca\u00edda del cabello* tras 6 semanas de uso continuado. Champ\u00fa con taurina y carnitina para limpiar y estimular las ra\u00edces en el cuero cabelludo proporcionando nutrientes energ\u00e9ticos a los fol\u00edculos del cabello para fortificarlo. Para un cabello y cuero [&hellip;]<\/p>","protected":false},"featured_media":6274,"comment_status":"open","ping_status":"closed","template":"","meta":{"_acf_changed":false,"inline_featured_image":false},"product_cat":[105],"product_tag":[],"genre":[],"class_list":{"0":"post-6217","1":"product","2":"type-product","3":"status-publish","4":"has-post-thumbnail","6":"product_cat-salud","8":"first","9":"instock","10":"taxable","11":"shipping-taxable","12":"purchasable","13":"product-type-simple","14":"add-to-wishlist-after_add_to_cart"},"acf":[],"_links":{"self":[{"href":"https:\/\/compraencieza.es\/en\/wp-json\/wp\/v2\/product\/6217","targetHints":{"allow":["GET"]}}],"collection":[{"href":"https:\/\/compraencieza.es\/en\/wp-json\/wp\/v2\/product"}],"about":[{"href":"https:\/\/compraencieza.es\/en\/wp-json\/wp\/v2\/types\/product"}],"replies":[{"embeddable":true,"href":"https:\/\/compraencieza.es\/en\/wp-json\/wp\/v2\/comments?post=6217"}],"wp:featuredmedia":[{"embeddable":true,"href":"https:\/\/compraencieza.es\/en\/wp-json\/wp\/v2\/media\/6274"}],"wp:attachment":[{"href":"https:\/\/compraencieza.es\/en\/wp-json\/wp\/v2\/media?parent=6217"}],"wp:term":[{"taxonomy":"product_cat","embeddable":true,"href":"https:\/\/compraencieza.es\/en\/wp-json\/wp\/v2\/product_cat?post=6217"},{"taxonomy":"product_tag","embeddable":true,"href":"https:\/\/compraencieza.es\/en\/wp-json\/wp\/v2\/product_tag?post=6217"},{"taxonomy":"product_brand","embeddable":true,"href":"https:\/\/compraencieza.es\/en\/wp-json\/wp\/v2\/genre?post=6217"}],"curies":[{"name":"wp","href":"https:\/\/api.w.org\/{rel}","templated":true}]}}