{"id":6223,"date":"2025-01-10T10:55:55","date_gmt":"2025-01-10T09:55:55","guid":{"rendered":"https:\/\/compraencieza.es\/?post_type=product&#038;p=6223"},"modified":"2025-01-10T11:06:23","modified_gmt":"2025-01-10T10:06:23","slug":"champu-hidratante-300-ml","status":"publish","type":"product","link":"https:\/\/compraencieza.es\/en\/product\/champu-hidratante-300-ml\/","title":{"rendered":"Champ\u00fa Hidratante 300 ml"},"content":{"rendered":"<p>El Champ\u00fa Hidratante de INDOLA, con derivado del \u00e1cido hialur\u00f3nico y pantenol, limpia el cabello de normal a seco y quebradizo mientras mejora el nivel de hidrataci\u00f3n del cabello para reducir el encrespamiento y realzar la elasticidad y vitalidad. Para un cabello de aspecto sano y con un gran brillo. F\u00f3rmula vegana*.<\/p>\n<ul>\n<li>Ideal para cabello seco y quebradizo<\/li>\n<li>Limpia el cabello mientras mejora el nivel de hidrataci\u00f3n<\/li>\n<li>F\u00f3rmula ligera que realza la elasticidad y la vitalidad del cabello ondulado y rizado<\/li>\n<li>Controla el encrespamiento y combate los flyaways<\/li>\n<li>Para un cabello de aspecto sano<\/li>\n<li>Adecuado para uso diario<\/li>\n<\/ul>\n<p>*Libre de ingredientes de origen animal<\/p>","protected":false},"excerpt":{"rendered":"<p>El Champ\u00fa Hidratante de INDOLA, con derivado del \u00e1cido hialur\u00f3nico y pantenol, limpia el cabello de normal a seco y quebradizo mientras mejora el nivel de hidrataci\u00f3n del cabello para reducir el encrespamiento y realzar la elasticidad y vitalidad. Para un cabello de aspecto sano y con un gran brillo. F\u00f3rmula vegana*. Ideal para cabello [&hellip;]<\/p>","protected":false},"featured_media":6275,"comment_status":"open","ping_status":"closed","template":"","meta":{"_acf_changed":false,"inline_featured_image":false},"product_cat":[105],"product_tag":[],"genre":[],"class_list":{"0":"post-6223","1":"product","2":"type-product","3":"status-publish","4":"has-post-thumbnail","6":"product_cat-salud","8":"first","9":"instock","10":"taxable","11":"shipping-taxable","12":"purchasable","13":"product-type-simple","14":"add-to-wishlist-after_add_to_cart"},"acf":[],"_links":{"self":[{"href":"https:\/\/compraencieza.es\/en\/wp-json\/wp\/v2\/product\/6223","targetHints":{"allow":["GET"]}}],"collection":[{"href":"https:\/\/compraencieza.es\/en\/wp-json\/wp\/v2\/product"}],"about":[{"href":"https:\/\/compraencieza.es\/en\/wp-json\/wp\/v2\/types\/product"}],"replies":[{"embeddable":true,"href":"https:\/\/compraencieza.es\/en\/wp-json\/wp\/v2\/comments?post=6223"}],"wp:featuredmedia":[{"embeddable":true,"href":"https:\/\/compraencieza.es\/en\/wp-json\/wp\/v2\/media\/6275"}],"wp:attachment":[{"href":"https:\/\/compraencieza.es\/en\/wp-json\/wp\/v2\/media?parent=6223"}],"wp:term":[{"taxonomy":"product_cat","embeddable":true,"href":"https:\/\/compraencieza.es\/en\/wp-json\/wp\/v2\/product_cat?post=6223"},{"taxonomy":"product_tag","embeddable":true,"href":"https:\/\/compraencieza.es\/en\/wp-json\/wp\/v2\/product_tag?post=6223"},{"taxonomy":"product_brand","embeddable":true,"href":"https:\/\/compraencieza.es\/en\/wp-json\/wp\/v2\/genre?post=6223"}],"curies":[{"name":"wp","href":"https:\/\/api.w.org\/{rel}","templated":true}]}}