{"id":6224,"date":"2025-01-10T10:55:55","date_gmt":"2025-01-10T09:55:55","guid":{"rendered":"https:\/\/compraencieza.es\/?post_type=product&#038;p=6224"},"modified":"2025-01-10T11:06:23","modified_gmt":"2025-01-10T10:06:23","slug":"tea-tree-tratamiento-cabello-y-cuero-cabelludo-paul-mitchell-200-ml","status":"publish","type":"product","link":"https:\/\/compraencieza.es\/en\/product\/tea-tree-tratamiento-cabello-y-cuero-cabelludo-paul-mitchell-200-ml\/","title":{"rendered":"Tea Tree Tratamiento Cabello y Cuero Cabelludo Paul Mitchell 200 ml"},"content":{"rendered":"<div class=\"product-addition\">\n<h2 class=\"product-addition-headline\">Descripci\u00f3n<\/h2>\n<div class=\"product-addition-content\">\n<p>Tratamiento calmante de cuero cabelludo.<\/p>\n<p><strong>\u00bfPARA QU\u00c9 EST\u00c1 INDICADO?<\/strong><br \/>\nPara cabello y cuero cabelludo seco y\/o irritado.<br \/>\n<strong>\u00bfQU\u00c9 ME APORTA?<\/strong><\/p>\n<p>Ganador del Premio Esroom de 2018 al Mejor producto para el cuero cabelludo, Tea Tree Hair y Scalp Treatment\u00ae repara e hidrata el cabello da\u00f1ado y seco mientras calma el cuero cabelludo. Una combinaci\u00f3n \u00fanica de acondicionadores y nutrientes repone la humedad del cabello, repara las hebras da\u00f1adas y protege contra da\u00f1os mayores. Adem\u00e1s, una mezcla calmante de ingredientes tonifica y nutre el cuero cabelludo.<\/p>\n<p>Sin parabenos. Protetor del color. Vegano.<\/p>\n<p><strong>\u00bfCOMO LO APLICO?<\/strong><\/p>\n<p>Aplica una peque\u00f1a cantidad y masajea en el cuero cabelludo y el cabello durante 3-5 minutos. Enjuague completamente.<\/p>\n<p><strong>PAUL MITCHELL TEA TREE HAIR &amp; SCALP TREATMENT<\/strong><\/p>\n<\/div>\n<div class=\"product-addition-expander\"><\/div>\n<\/div>\n<div class=\"product-addition\">\n<h2 class=\"product-addition-headline\">Informaci\u00f3n adicional sobre el producto<\/h2>\n<dl class=\"product-addition-list\">\n<dt>Tama\u00f1o de producto<\/dt>\n<dd>150ml<\/dd>\n<\/dl>\n<\/div>","protected":false},"excerpt":{"rendered":"<p>Descripci\u00f3n Tratamiento calmante de cuero cabelludo. \u00bfPARA QU\u00c9 EST\u00c1 INDICADO? Para cabello y cuero cabelludo seco y\/o irritado. \u00bfQU\u00c9 ME APORTA? Ganador del Premio Esroom de 2018 al Mejor producto para el cuero cabelludo, Tea Tree Hair y Scalp Treatment\u00ae repara e hidrata el cabello da\u00f1ado y seco mientras calma el cuero cabelludo. Una combinaci\u00f3n [&hellip;]<\/p>","protected":false},"featured_media":6276,"comment_status":"open","ping_status":"closed","template":"","meta":{"_acf_changed":false,"inline_featured_image":false},"product_cat":[105],"product_tag":[],"genre":[],"class_list":{"0":"post-6224","1":"product","2":"type-product","3":"status-publish","4":"has-post-thumbnail","6":"product_cat-salud","8":"first","9":"instock","10":"taxable","11":"shipping-taxable","12":"purchasable","13":"product-type-simple","14":"add-to-wishlist-after_add_to_cart"},"acf":[],"_links":{"self":[{"href":"https:\/\/compraencieza.es\/en\/wp-json\/wp\/v2\/product\/6224","targetHints":{"allow":["GET"]}}],"collection":[{"href":"https:\/\/compraencieza.es\/en\/wp-json\/wp\/v2\/product"}],"about":[{"href":"https:\/\/compraencieza.es\/en\/wp-json\/wp\/v2\/types\/product"}],"replies":[{"embeddable":true,"href":"https:\/\/compraencieza.es\/en\/wp-json\/wp\/v2\/comments?post=6224"}],"wp:featuredmedia":[{"embeddable":true,"href":"https:\/\/compraencieza.es\/en\/wp-json\/wp\/v2\/media\/6276"}],"wp:attachment":[{"href":"https:\/\/compraencieza.es\/en\/wp-json\/wp\/v2\/media?parent=6224"}],"wp:term":[{"taxonomy":"product_cat","embeddable":true,"href":"https:\/\/compraencieza.es\/en\/wp-json\/wp\/v2\/product_cat?post=6224"},{"taxonomy":"product_tag","embeddable":true,"href":"https:\/\/compraencieza.es\/en\/wp-json\/wp\/v2\/product_tag?post=6224"},{"taxonomy":"product_brand","embeddable":true,"href":"https:\/\/compraencieza.es\/en\/wp-json\/wp\/v2\/genre?post=6224"}],"curies":[{"name":"wp","href":"https:\/\/api.w.org\/{rel}","templated":true}]}}