{"id":6233,"date":"2025-01-10T10:56:17","date_gmt":"2025-01-10T09:56:17","guid":{"rendered":"https:\/\/compraencieza.es\/?post_type=product&#038;p=6233"},"modified":"2025-01-10T11:05:45","modified_gmt":"2025-01-10T10:05:45","slug":"champu-anticaspa-accion-instantanea","status":"publish","type":"product","link":"https:\/\/compraencieza.es\/en\/product\/champu-anticaspa-accion-instantanea\/","title":{"rendered":"Instant Action Anti-Dandruff Shampoo"},"content":{"rendered":"<p>Elimina instant\u00e1neamente y en profundidad la caspa visible y previene su ulterior formaci\u00f3n, gracias a la acci\u00f3n combinada de Piroctona olamina y una especial enzima exfoliante, que normalizan el ambiente microbiano y frenan la producci\u00f3n de escamas. Refuerza el sistema defensivo del cuero cabelludo, con una inmediata acci\u00f3n antipicor, gracias a la asociaci\u00f3n \u00fanica de activos y aceites esenciales: Melaleuca, antibacteriano y antif\u00fangico, Lavanda, tonificante, Romero, antis\u00e9ptico y estimulante. La f\u00f3rmula est\u00e1 enriquecida con Alanto\u00edna y Pantenol, de marcada acci\u00f3n hidratante, emoliente y reepitelizante, favoreciendo la restauraci\u00f3n de las condiciones fisiol\u00f3gicas normales. Brinda una agradable sensaci\u00f3n de frescor en el cuero cabelludo, y al mismo tiempo deja el cabello suave al tacto.<\/p>","protected":false},"excerpt":{"rendered":"<p>Elimina instant\u00e1neamente y en profundidad la caspa visible y previene su ulterior formaci\u00f3n, gracias a la acci\u00f3n combinada de Piroctona olamina y una especial enzima exfoliante, que normalizan el ambiente microbiano y frenan la producci\u00f3n de escamas. Refuerza el sistema defensivo del cuero cabelludo, con una inmediata acci\u00f3n antipicor, gracias a la asociaci\u00f3n \u00fanica de [&hellip;]<\/p>","protected":false},"featured_media":6286,"comment_status":"open","ping_status":"closed","template":"","meta":{"_acf_changed":false,"inline_featured_image":false},"product_cat":[105],"product_tag":[],"genre":[],"class_list":{"0":"post-6233","1":"product","2":"type-product","3":"status-publish","4":"has-post-thumbnail","6":"product_cat-salud","8":"first","9":"instock","10":"taxable","11":"shipping-taxable","12":"purchasable","13":"product-type-simple","14":"add-to-wishlist-after_add_to_cart"},"acf":[],"_links":{"self":[{"href":"https:\/\/compraencieza.es\/en\/wp-json\/wp\/v2\/product\/6233","targetHints":{"allow":["GET"]}}],"collection":[{"href":"https:\/\/compraencieza.es\/en\/wp-json\/wp\/v2\/product"}],"about":[{"href":"https:\/\/compraencieza.es\/en\/wp-json\/wp\/v2\/types\/product"}],"replies":[{"embeddable":true,"href":"https:\/\/compraencieza.es\/en\/wp-json\/wp\/v2\/comments?post=6233"}],"wp:featuredmedia":[{"embeddable":true,"href":"https:\/\/compraencieza.es\/en\/wp-json\/wp\/v2\/media\/6286"}],"wp:attachment":[{"href":"https:\/\/compraencieza.es\/en\/wp-json\/wp\/v2\/media?parent=6233"}],"wp:term":[{"taxonomy":"product_cat","embeddable":true,"href":"https:\/\/compraencieza.es\/en\/wp-json\/wp\/v2\/product_cat?post=6233"},{"taxonomy":"product_tag","embeddable":true,"href":"https:\/\/compraencieza.es\/en\/wp-json\/wp\/v2\/product_tag?post=6233"},{"taxonomy":"product_brand","embeddable":true,"href":"https:\/\/compraencieza.es\/en\/wp-json\/wp\/v2\/genre?post=6233"}],"curies":[{"name":"wp","href":"https:\/\/api.w.org\/{rel}","templated":true}]}}