{"id":6234,"date":"2025-01-10T10:56:17","date_gmt":"2025-01-10T09:56:17","guid":{"rendered":"https:\/\/compraencieza.es\/?post_type=product&#038;p=6234"},"modified":"2025-01-10T11:05:45","modified_gmt":"2025-01-10T10:05:45","slug":"tratamiento-intensivo-anticaida-hombre","status":"publish","type":"product","link":"https:\/\/compraencieza.es\/en\/product\/tratamiento-intensivo-anticaida-hombre\/","title":{"rendered":"Tratamiento Intensivo Ant\u00edcaida Hombre"},"content":{"rendered":"<div class=\"product attribute description\">\n<div>Tratamiento Intensivo Ant\u00edcaida Hombre:<\/div>\n<div><\/div>\n<div class=\"value\">Loci\u00f3n tonificante del cuero cabelludo, de intensa acci\u00f3n higi\u00e9nico-cosm\u00e9tica.<\/div>\n<\/div>\n<div class=\"productInfo__note text text-uppercase\">Lotion Concentr\u00e9e Naturalis Essentiae Sin parabenos Cl\u00ednicamente testado<\/div>\n<div>\n<div class=\"productInfo__subtitle\">\n<div class=\"product attribute overview\">\n<div class=\"value\">A base de Romero, Canela, Aloe, G\u00e1lbano, C\u00e1lamo, Alcanfor, Mirra, Nuez Moscada, Jengibre, Arnica montana<\/div>\n<\/div>\n<\/div>\n<div class=\"productInfo__ph\"><\/div>\n<\/div>","protected":false},"excerpt":{"rendered":"<p>Tratamiento Intensivo Ant\u00edcaida Hombre: Loci\u00f3n tonificante del cuero cabelludo, de intensa acci\u00f3n higi\u00e9nico-cosm\u00e9tica. Lotion Concentr\u00e9e Naturalis Essentiae Sin parabenos Cl\u00ednicamente testado A base de Romero, Canela, Aloe, G\u00e1lbano, C\u00e1lamo, Alcanfor, Mirra, Nuez Moscada, Jengibre, Arnica montana<\/p>","protected":false},"featured_media":6287,"comment_status":"open","ping_status":"closed","template":"","meta":{"_acf_changed":false,"inline_featured_image":false},"product_cat":[105],"product_tag":[],"genre":[],"class_list":{"0":"post-6234","1":"product","2":"type-product","3":"status-publish","4":"has-post-thumbnail","6":"product_cat-salud","8":"first","9":"instock","10":"taxable","11":"shipping-taxable","12":"purchasable","13":"product-type-simple","14":"add-to-wishlist-after_add_to_cart"},"acf":[],"_links":{"self":[{"href":"https:\/\/compraencieza.es\/en\/wp-json\/wp\/v2\/product\/6234","targetHints":{"allow":["GET"]}}],"collection":[{"href":"https:\/\/compraencieza.es\/en\/wp-json\/wp\/v2\/product"}],"about":[{"href":"https:\/\/compraencieza.es\/en\/wp-json\/wp\/v2\/types\/product"}],"replies":[{"embeddable":true,"href":"https:\/\/compraencieza.es\/en\/wp-json\/wp\/v2\/comments?post=6234"}],"wp:featuredmedia":[{"embeddable":true,"href":"https:\/\/compraencieza.es\/en\/wp-json\/wp\/v2\/media\/6287"}],"wp:attachment":[{"href":"https:\/\/compraencieza.es\/en\/wp-json\/wp\/v2\/media?parent=6234"}],"wp:term":[{"taxonomy":"product_cat","embeddable":true,"href":"https:\/\/compraencieza.es\/en\/wp-json\/wp\/v2\/product_cat?post=6234"},{"taxonomy":"product_tag","embeddable":true,"href":"https:\/\/compraencieza.es\/en\/wp-json\/wp\/v2\/product_tag?post=6234"},{"taxonomy":"product_brand","embeddable":true,"href":"https:\/\/compraencieza.es\/en\/wp-json\/wp\/v2\/genre?post=6234"}],"curies":[{"name":"wp","href":"https:\/\/api.w.org\/{rel}","templated":true}]}}