{"id":6235,"date":"2025-01-10T10:56:17","date_gmt":"2025-01-10T09:56:17","guid":{"rendered":"https:\/\/compraencieza.es\/?post_type=product&#038;p=6235"},"modified":"2025-01-10T11:05:45","modified_gmt":"2025-01-10T10:05:45","slug":"champu-sebo-equilibrante","status":"publish","type":"product","link":"https:\/\/compraencieza.es\/en\/product\/champu-sebo-equilibrante\/","title":{"rendered":"Champ\u00fa Sebo Equilibrante"},"content":{"rendered":"<p>Champ\u00fa seboequilibrante de formulaci\u00f3n equilibrada particular, estudiada para las necesidades espec\u00edficas de limpieza frecuente del cuero cabelludo seborreico.<\/p>","protected":false},"excerpt":{"rendered":"<p>Champ\u00fa seboequilibrante de formulaci\u00f3n equilibrada particular, estudiada para las necesidades espec\u00edficas de limpieza frecuente del cuero cabelludo seborreico.<\/p>","protected":false},"featured_media":6288,"comment_status":"open","ping_status":"closed","template":"","meta":{"_acf_changed":false,"inline_featured_image":false},"product_cat":[105],"product_tag":[],"genre":[],"class_list":{"0":"post-6235","1":"product","2":"type-product","3":"status-publish","4":"has-post-thumbnail","6":"product_cat-salud","8":"first","9":"instock","10":"taxable","11":"shipping-taxable","12":"purchasable","13":"product-type-simple","14":"add-to-wishlist-after_add_to_cart"},"acf":[],"_links":{"self":[{"href":"https:\/\/compraencieza.es\/en\/wp-json\/wp\/v2\/product\/6235","targetHints":{"allow":["GET"]}}],"collection":[{"href":"https:\/\/compraencieza.es\/en\/wp-json\/wp\/v2\/product"}],"about":[{"href":"https:\/\/compraencieza.es\/en\/wp-json\/wp\/v2\/types\/product"}],"replies":[{"embeddable":true,"href":"https:\/\/compraencieza.es\/en\/wp-json\/wp\/v2\/comments?post=6235"}],"wp:featuredmedia":[{"embeddable":true,"href":"https:\/\/compraencieza.es\/en\/wp-json\/wp\/v2\/media\/6288"}],"wp:attachment":[{"href":"https:\/\/compraencieza.es\/en\/wp-json\/wp\/v2\/media?parent=6235"}],"wp:term":[{"taxonomy":"product_cat","embeddable":true,"href":"https:\/\/compraencieza.es\/en\/wp-json\/wp\/v2\/product_cat?post=6235"},{"taxonomy":"product_tag","embeddable":true,"href":"https:\/\/compraencieza.es\/en\/wp-json\/wp\/v2\/product_tag?post=6235"},{"taxonomy":"product_brand","embeddable":true,"href":"https:\/\/compraencieza.es\/en\/wp-json\/wp\/v2\/genre?post=6235"}],"curies":[{"name":"wp","href":"https:\/\/api.w.org\/{rel}","templated":true}]}}