{"id":6236,"date":"2025-01-10T10:56:18","date_gmt":"2025-01-10T09:56:18","guid":{"rendered":"https:\/\/compraencieza.es\/?post_type=product&#038;p=6236"},"modified":"2025-01-10T11:05:45","modified_gmt":"2025-01-10T10:05:45","slug":"spray-voluminizante-idol-3","status":"publish","type":"product","link":"https:\/\/compraencieza.es\/en\/product\/spray-voluminizante-idol-3\/","title":{"rendered":"Spray Voluminizante Idol 3"},"content":{"rendered":"<p>Spray voluminizador de fijaci\u00f3n media. Aporta cuerpo a la fibra y volumen a las ra\u00edces.<\/p>\n<p><strong>C\u00d3MO UTILIZAR:<\/strong><br \/>\nPulverizar sobre el cabello h\u00famedo y distribuir en largos y puntas. Peinar y proceder al secado.<\/p>","protected":false},"excerpt":{"rendered":"<p>Spray voluminizador de fijaci\u00f3n media. Aporta cuerpo a la fibra y volumen a las ra\u00edces. C\u00d3MO UTILIZAR: Pulverizar sobre el cabello h\u00famedo y distribuir en largos y puntas. Peinar y proceder al secado.<\/p>","protected":false},"featured_media":6289,"comment_status":"open","ping_status":"closed","template":"","meta":{"_acf_changed":false,"inline_featured_image":false},"product_cat":[105],"product_tag":[],"genre":[],"class_list":{"0":"post-6236","1":"product","2":"type-product","3":"status-publish","4":"has-post-thumbnail","6":"product_cat-salud","8":"first","9":"instock","10":"taxable","11":"shipping-taxable","12":"purchasable","13":"product-type-simple","14":"add-to-wishlist-after_add_to_cart"},"acf":[],"_links":{"self":[{"href":"https:\/\/compraencieza.es\/en\/wp-json\/wp\/v2\/product\/6236","targetHints":{"allow":["GET"]}}],"collection":[{"href":"https:\/\/compraencieza.es\/en\/wp-json\/wp\/v2\/product"}],"about":[{"href":"https:\/\/compraencieza.es\/en\/wp-json\/wp\/v2\/types\/product"}],"replies":[{"embeddable":true,"href":"https:\/\/compraencieza.es\/en\/wp-json\/wp\/v2\/comments?post=6236"}],"wp:featuredmedia":[{"embeddable":true,"href":"https:\/\/compraencieza.es\/en\/wp-json\/wp\/v2\/media\/6289"}],"wp:attachment":[{"href":"https:\/\/compraencieza.es\/en\/wp-json\/wp\/v2\/media?parent=6236"}],"wp:term":[{"taxonomy":"product_cat","embeddable":true,"href":"https:\/\/compraencieza.es\/en\/wp-json\/wp\/v2\/product_cat?post=6236"},{"taxonomy":"product_tag","embeddable":true,"href":"https:\/\/compraencieza.es\/en\/wp-json\/wp\/v2\/product_tag?post=6236"},{"taxonomy":"product_brand","embeddable":true,"href":"https:\/\/compraencieza.es\/en\/wp-json\/wp\/v2\/genre?post=6236"}],"curies":[{"name":"wp","href":"https:\/\/api.w.org\/{rel}","templated":true}]}}