{"id":6257,"date":"2025-01-10T10:57:06","date_gmt":"2025-01-10T09:57:06","guid":{"rendered":"https:\/\/compraencieza.es\/?post_type=product&#038;p=6257"},"modified":"2025-01-10T11:05:45","modified_gmt":"2025-01-10T10:05:45","slug":"reestructurante-instantaneo-cabello-prodige-150-ml","status":"publish","type":"product","link":"https:\/\/compraencieza.es\/en\/product\/reestructurante-instantaneo-cabello-prodige-150-ml\/","title":{"rendered":"Reestructurante instant\u00e1neo Cabello Prodige 150 ml"},"content":{"rendered":"<p>REPARADOR INSTANT\u00c1NEO DEL CABELLO.<br \/>\nPerfeccionador sin enjuague que reestructura instant\u00e1neamente la fibra capilar. Un perfeccionador de la fibra capilar instant\u00e1neo que sella las cut\u00edculas, haciendo que el cabello sea suave y sedoso. Evita roturas y puntas abiertas. Para un cabello nutrido, instant\u00e1neamente brillante. Contiene Lifesaver Liposome (Leucina, Isoleucina, Valina, prote\u00ednas hidrolizadas de Espelta, Creatina), aceite de S\u00e9samo, prote\u00ednas de Cachemira. Despu\u00e9s de aplicar la m\u00e1scara de recuperaci\u00f3n profunda PRODIGE Ultimate, enjuague bien el cabello y seque con una toalla. Separe el cabello en secciones grandes y roc\u00ede el producto en cada secci\u00f3n, manteniendo a una distancia de 5 cm. Roc\u00ede sobre todo el largo del cabello.<br \/>\nNo enjuague. Secar el cabello<\/p>","protected":false},"excerpt":{"rendered":"<p>REPARADOR INSTANT\u00c1NEO DEL CABELLO. Perfeccionador sin enjuague que reestructura instant\u00e1neamente la fibra capilar. Un perfeccionador de la fibra capilar instant\u00e1neo que sella las cut\u00edculas, haciendo que el cabello sea suave y sedoso. Evita roturas y puntas abiertas. Para un cabello nutrido, instant\u00e1neamente brillante. Contiene Lifesaver Liposome (Leucina, Isoleucina, Valina, prote\u00ednas hidrolizadas de Espelta, Creatina), aceite [&hellip;]<\/p>","protected":false},"featured_media":6298,"comment_status":"open","ping_status":"closed","template":"","meta":{"_acf_changed":false,"inline_featured_image":false},"product_cat":[105],"product_tag":[],"genre":[],"class_list":{"0":"post-6257","1":"product","2":"type-product","3":"status-publish","4":"has-post-thumbnail","6":"product_cat-salud","8":"first","9":"instock","10":"taxable","11":"shipping-taxable","12":"purchasable","13":"product-type-simple","14":"add-to-wishlist-after_add_to_cart"},"acf":[],"_links":{"self":[{"href":"https:\/\/compraencieza.es\/en\/wp-json\/wp\/v2\/product\/6257","targetHints":{"allow":["GET"]}}],"collection":[{"href":"https:\/\/compraencieza.es\/en\/wp-json\/wp\/v2\/product"}],"about":[{"href":"https:\/\/compraencieza.es\/en\/wp-json\/wp\/v2\/types\/product"}],"replies":[{"embeddable":true,"href":"https:\/\/compraencieza.es\/en\/wp-json\/wp\/v2\/comments?post=6257"}],"wp:featuredmedia":[{"embeddable":true,"href":"https:\/\/compraencieza.es\/en\/wp-json\/wp\/v2\/media\/6298"}],"wp:attachment":[{"href":"https:\/\/compraencieza.es\/en\/wp-json\/wp\/v2\/media?parent=6257"}],"wp:term":[{"taxonomy":"product_cat","embeddable":true,"href":"https:\/\/compraencieza.es\/en\/wp-json\/wp\/v2\/product_cat?post=6257"},{"taxonomy":"product_tag","embeddable":true,"href":"https:\/\/compraencieza.es\/en\/wp-json\/wp\/v2\/product_tag?post=6257"},{"taxonomy":"product_brand","embeddable":true,"href":"https:\/\/compraencieza.es\/en\/wp-json\/wp\/v2\/genre?post=6257"}],"curies":[{"name":"wp","href":"https:\/\/api.w.org\/{rel}","templated":true}]}}