{"id":6258,"date":"2025-01-10T10:57:06","date_gmt":"2025-01-10T09:57:06","guid":{"rendered":"https:\/\/compraencieza.es\/?post_type=product&#038;p=6258"},"modified":"2025-01-10T11:05:45","modified_gmt":"2025-01-10T10:05:45","slug":"champu-regenerador-prodige-250-ml","status":"publish","type":"product","link":"https:\/\/compraencieza.es\/en\/product\/champu-regenerador-prodige-250-ml\/","title":{"rendered":"Champ\u00fa Regenerador Prodige 250 ml"},"content":{"rendered":"<p>Champ\u00fa que regenera y convierte la fibra capilar ultra sedosa. Limpia suavemente mientras nutre y repara intensamente la estructura del cabello estresado, restaurando su fuerza y brillo natural. Contiene Lifesaver Liposome (Leucina, Isoleucina, Valina, prote\u00ednas hidrolizadas de Espelta, Creatina), C\u00edpero, Sacha inci, aceites de Linaza, S\u00e9samo y Moringa y Pantenol.<br \/>\nAplicar uniformemente en el cabello, masajear suavemente. Enjuague bien. Elimine el exceso de agua y contin\u00fae el tratamiento con el PRODIGE Instant magnifying serum.<\/p>","protected":false},"excerpt":{"rendered":"<p>Champ\u00fa que regenera y convierte la fibra capilar ultra sedosa. Limpia suavemente mientras nutre y repara intensamente la estructura del cabello estresado, restaurando su fuerza y brillo natural. Contiene Lifesaver Liposome (Leucina, Isoleucina, Valina, prote\u00ednas hidrolizadas de Espelta, Creatina), C\u00edpero, Sacha inci, aceites de Linaza, S\u00e9samo y Moringa y Pantenol. Aplicar uniformemente en el cabello, [&hellip;]<\/p>","protected":false},"featured_media":6299,"comment_status":"open","ping_status":"closed","template":"","meta":{"_acf_changed":false,"inline_featured_image":false},"product_cat":[105],"product_tag":[],"genre":[],"class_list":{"0":"post-6258","1":"product","2":"type-product","3":"status-publish","4":"has-post-thumbnail","6":"product_cat-salud","8":"first","9":"instock","10":"taxable","11":"shipping-taxable","12":"purchasable","13":"product-type-simple","14":"add-to-wishlist-after_add_to_cart"},"acf":[],"_links":{"self":[{"href":"https:\/\/compraencieza.es\/en\/wp-json\/wp\/v2\/product\/6258","targetHints":{"allow":["GET"]}}],"collection":[{"href":"https:\/\/compraencieza.es\/en\/wp-json\/wp\/v2\/product"}],"about":[{"href":"https:\/\/compraencieza.es\/en\/wp-json\/wp\/v2\/types\/product"}],"replies":[{"embeddable":true,"href":"https:\/\/compraencieza.es\/en\/wp-json\/wp\/v2\/comments?post=6258"}],"wp:featuredmedia":[{"embeddable":true,"href":"https:\/\/compraencieza.es\/en\/wp-json\/wp\/v2\/media\/6299"}],"wp:attachment":[{"href":"https:\/\/compraencieza.es\/en\/wp-json\/wp\/v2\/media?parent=6258"}],"wp:term":[{"taxonomy":"product_cat","embeddable":true,"href":"https:\/\/compraencieza.es\/en\/wp-json\/wp\/v2\/product_cat?post=6258"},{"taxonomy":"product_tag","embeddable":true,"href":"https:\/\/compraencieza.es\/en\/wp-json\/wp\/v2\/product_tag?post=6258"},{"taxonomy":"product_brand","embeddable":true,"href":"https:\/\/compraencieza.es\/en\/wp-json\/wp\/v2\/genre?post=6258"}],"curies":[{"name":"wp","href":"https:\/\/api.w.org\/{rel}","templated":true}]}}