{"id":6268,"date":"2025-01-10T10:57:28","date_gmt":"2025-01-10T09:57:28","guid":{"rendered":"https:\/\/compraencieza.es\/?post_type=product&#038;p=6268"},"modified":"2025-01-10T11:05:45","modified_gmt":"2025-01-10T10:05:45","slug":"serum-cabello-brillante-50-ml","status":"publish","type":"product","link":"https:\/\/compraencieza.es\/en\/product\/serum-cabello-brillante-50-ml\/","title":{"rendered":"Shiny Hair Serum 50 ml"},"content":{"rendered":"<h2>Descripci\u00f3n<\/h2>\n<p>Iluminante \u2013 Protector \u2013 Aterciopelante \u2013 Film\u00f3geno \u2013 No deja residuos<br \/>\n<em><strong>USO ESPEC\u00cdFICO:<\/strong><\/em><br \/>\nAcabado de nutric\u00f3n.<br \/>\n<em><strong>BENEFICIO:<\/strong><\/em><br \/>\nGotas iluminadoras y nutritivas con un extraordinario efecto de brillo.<br \/>\n<em><strong>ACTION:<\/strong><\/em><br \/>\nProporcionan suavidad y esplendor. Textura de r\u00e1pida absorci\u00f3n, sin trazas residuales, que aporta un excepcional resplandor y sedosidad, ocultando las puntas abiertas. Proporciona docilidad para peinar el cabello y mantenimiento del peinado incluso en las melenas m\u00e1s crespas y rebeldes. Utilizado en cabellos te\u00f1idos, reaviva su luminosidad.<br \/>\n<em><strong>INDICATIONS:<\/strong><\/em><br \/>\nCabellos secos y castigados.<br \/>\n<em><strong>DIRECTIONS FOR USE:<\/strong><\/em><br \/>\nDistribuir algunas gotas sobra la palma de la mano y aplicar en cabello mojado o seco.<\/p>","protected":false},"excerpt":{"rendered":"<p>Descripci\u00f3n Iluminante \u2013 Protector \u2013 Aterciopelante \u2013 Film\u00f3geno \u2013 No deja residuos USO ESPEC\u00cdFICO: Acabado de nutric\u00f3n. BENEFICIO: Gotas iluminadoras y nutritivas con un extraordinario efecto de brillo. ACCI\u00d3N: Proporcionan suavidad y esplendor. Textura de r\u00e1pida absorci\u00f3n, sin trazas residuales, que aporta un excepcional resplandor y sedosidad, ocultando las puntas abiertas. Proporciona docilidad para peinar [&hellip;]<\/p>","protected":false},"featured_media":6314,"comment_status":"open","ping_status":"closed","template":"","meta":{"_acf_changed":false,"inline_featured_image":false},"product_cat":[105],"product_tag":[],"genre":[],"class_list":{"0":"post-6268","1":"product","2":"type-product","3":"status-publish","4":"has-post-thumbnail","6":"product_cat-salud","8":"first","9":"instock","10":"taxable","11":"shipping-taxable","12":"purchasable","13":"product-type-simple","14":"add-to-wishlist-after_add_to_cart"},"acf":[],"_links":{"self":[{"href":"https:\/\/compraencieza.es\/en\/wp-json\/wp\/v2\/product\/6268","targetHints":{"allow":["GET"]}}],"collection":[{"href":"https:\/\/compraencieza.es\/en\/wp-json\/wp\/v2\/product"}],"about":[{"href":"https:\/\/compraencieza.es\/en\/wp-json\/wp\/v2\/types\/product"}],"replies":[{"embeddable":true,"href":"https:\/\/compraencieza.es\/en\/wp-json\/wp\/v2\/comments?post=6268"}],"wp:featuredmedia":[{"embeddable":true,"href":"https:\/\/compraencieza.es\/en\/wp-json\/wp\/v2\/media\/6314"}],"wp:attachment":[{"href":"https:\/\/compraencieza.es\/en\/wp-json\/wp\/v2\/media?parent=6268"}],"wp:term":[{"taxonomy":"product_cat","embeddable":true,"href":"https:\/\/compraencieza.es\/en\/wp-json\/wp\/v2\/product_cat?post=6268"},{"taxonomy":"product_tag","embeddable":true,"href":"https:\/\/compraencieza.es\/en\/wp-json\/wp\/v2\/product_tag?post=6268"},{"taxonomy":"product_brand","embeddable":true,"href":"https:\/\/compraencieza.es\/en\/wp-json\/wp\/v2\/genre?post=6268"}],"curies":[{"name":"wp","href":"https:\/\/api.w.org\/{rel}","templated":true}]}}