{"id":6269,"date":"2025-01-10T10:57:28","date_gmt":"2025-01-10T09:57:28","guid":{"rendered":"https:\/\/compraencieza.es\/?post_type=product&#038;p=6269"},"modified":"2025-01-10T11:05:44","modified_gmt":"2025-01-10T10:05:44","slug":"crema-de-belleza-efecto-seda-cabello-prodige-50-ml","status":"publish","type":"product","link":"https:\/\/compraencieza.es\/en\/product\/crema-de-belleza-efecto-seda-cabello-prodige-50-ml\/","title":{"rendered":"Crema de Belleza Efecto Seda Cabello Prodige 50 ml"},"content":{"rendered":"<p>&nbsp;<\/p>\n<p>Rica crema infusionada con Lifesaver liposome, una combinaci\u00f3n extraordinaria de principios activos regeneradores. Una f\u00f3rmula \u00fanica, resultado de la investigaci\u00f3n cient\u00edfica incansable y de las asombrosas innovaciones Prodige, Divine Beauty Hair Cream activa y transforma el cabello.<\/p>\n<p><em><strong>FINALIDAD ESPEC\u00cdFICA:<\/strong><\/em><br \/>\nSu exclusiva f\u00f3rmula, intermedia entre tratamiento y styling, hace que sea especialmente vers\u00e1til. Disciplina, aporta brillo, cierra las escamas y proporciona un efecto antiest\u00e1tico, al tiempo que modela ligeramente el cabello con tan solo unas pocas gotas sublimes.<\/p>\n<p><em><strong>BENEFICIOS:<\/strong><\/em><br \/>\nLa exclusiva crema de belleza para el cabello.<\/p>\n<p><em><strong>INDICADO PARA:<\/strong><\/em><br \/>\nTodo tipo de cabello<\/p>\n<p><em><strong>MODO DE USO:<\/strong><\/em><br \/>\nAplicar una peque\u00f1a cantidad de crema sobre el cabello una vez quitado el exceso de agua con una toalla o sobre el cabello seco. Sin aclarado.<\/p>\n<p>&nbsp;<\/p>","protected":false},"excerpt":{"rendered":"<p>&nbsp; Rica crema infusionada con Lifesaver liposome, una combinaci\u00f3n extraordinaria de principios activos regeneradores. Una f\u00f3rmula \u00fanica, resultado de la investigaci\u00f3n cient\u00edfica incansable y de las asombrosas innovaciones Prodige, Divine Beauty Hair Cream activa y transforma el cabello. FINALIDAD ESPEC\u00cdFICA: Su exclusiva f\u00f3rmula, intermedia entre tratamiento y styling, hace que sea especialmente vers\u00e1til. Disciplina, aporta [&hellip;]<\/p>","protected":false},"featured_media":6315,"comment_status":"open","ping_status":"closed","template":"","meta":{"_acf_changed":false,"inline_featured_image":false},"product_cat":[105],"product_tag":[],"genre":[],"class_list":{"0":"post-6269","1":"product","2":"type-product","3":"status-publish","4":"has-post-thumbnail","6":"product_cat-salud","8":"first","9":"instock","10":"taxable","11":"shipping-taxable","12":"purchasable","13":"product-type-simple","14":"add-to-wishlist-after_add_to_cart"},"acf":[],"_links":{"self":[{"href":"https:\/\/compraencieza.es\/en\/wp-json\/wp\/v2\/product\/6269","targetHints":{"allow":["GET"]}}],"collection":[{"href":"https:\/\/compraencieza.es\/en\/wp-json\/wp\/v2\/product"}],"about":[{"href":"https:\/\/compraencieza.es\/en\/wp-json\/wp\/v2\/types\/product"}],"replies":[{"embeddable":true,"href":"https:\/\/compraencieza.es\/en\/wp-json\/wp\/v2\/comments?post=6269"}],"wp:featuredmedia":[{"embeddable":true,"href":"https:\/\/compraencieza.es\/en\/wp-json\/wp\/v2\/media\/6315"}],"wp:attachment":[{"href":"https:\/\/compraencieza.es\/en\/wp-json\/wp\/v2\/media?parent=6269"}],"wp:term":[{"taxonomy":"product_cat","embeddable":true,"href":"https:\/\/compraencieza.es\/en\/wp-json\/wp\/v2\/product_cat?post=6269"},{"taxonomy":"product_tag","embeddable":true,"href":"https:\/\/compraencieza.es\/en\/wp-json\/wp\/v2\/product_tag?post=6269"},{"taxonomy":"product_brand","embeddable":true,"href":"https:\/\/compraencieza.es\/en\/wp-json\/wp\/v2\/genre?post=6269"}],"curies":[{"name":"wp","href":"https:\/\/api.w.org\/{rel}","templated":true}]}}