{"id":6270,"date":"2025-01-10T10:57:28","date_gmt":"2025-01-10T09:57:28","guid":{"rendered":"https:\/\/compraencieza.es\/?post_type=product&#038;p=6270"},"modified":"2025-01-10T11:05:45","modified_gmt":"2025-01-10T10:05:45","slug":"aceite-aureo-huile-detoile-50-ml","status":"publish","type":"product","link":"https:\/\/compraencieza.es\/en\/product\/aceite-aureo-huile-detoile-50-ml\/","title":{"rendered":"Huile D&#039;\u00c9toile Golden Oil 50 ml"},"content":{"rendered":"<p>La textura aterciopelada, de r\u00e1pida absorci\u00f3n, vuelve el cabello instant\u00e1neamente radiante y brillante a la vista, suave, ligero y sedoso al tacto, embriagador al olfato. El complejo exclusivo de aceites (Sacha Inchi, Moringa, Chufa y semillas de Lino), rico en antioxidantes naturales, brinda extrema luminosidad y nutrici\u00f3n a la fibra, protegiendo el cabello y limitando su deshidrataci\u00f3n. Adecuado para todo tipo de cabellos, todos los d\u00edas, incluso varias veces al d\u00eda, para un toque de Esplendor inmediato.<\/p>","protected":false},"excerpt":{"rendered":"<p>La textura aterciopelada, de r\u00e1pida absorci\u00f3n, vuelve el cabello instant\u00e1neamente radiante y brillante a la vista, suave, ligero y sedoso al tacto, embriagador al olfato. El complejo exclusivo de aceites (Sacha Inchi, Moringa, Chufa y semillas de Lino), rico en antioxidantes naturales, brinda extrema luminosidad y nutrici\u00f3n a la fibra, protegiendo el cabello y limitando [&hellip;]<\/p>","protected":false},"featured_media":6316,"comment_status":"open","ping_status":"closed","template":"","meta":{"_acf_changed":false,"inline_featured_image":false},"product_cat":[105],"product_tag":[],"genre":[],"class_list":{"0":"post-6270","1":"product","2":"type-product","3":"status-publish","4":"has-post-thumbnail","6":"product_cat-salud","8":"first","9":"instock","10":"taxable","11":"shipping-taxable","12":"purchasable","13":"product-type-simple","14":"add-to-wishlist-after_add_to_cart"},"acf":[],"_links":{"self":[{"href":"https:\/\/compraencieza.es\/en\/wp-json\/wp\/v2\/product\/6270","targetHints":{"allow":["GET"]}}],"collection":[{"href":"https:\/\/compraencieza.es\/en\/wp-json\/wp\/v2\/product"}],"about":[{"href":"https:\/\/compraencieza.es\/en\/wp-json\/wp\/v2\/types\/product"}],"replies":[{"embeddable":true,"href":"https:\/\/compraencieza.es\/en\/wp-json\/wp\/v2\/comments?post=6270"}],"wp:featuredmedia":[{"embeddable":true,"href":"https:\/\/compraencieza.es\/en\/wp-json\/wp\/v2\/media\/6316"}],"wp:attachment":[{"href":"https:\/\/compraencieza.es\/en\/wp-json\/wp\/v2\/media?parent=6270"}],"wp:term":[{"taxonomy":"product_cat","embeddable":true,"href":"https:\/\/compraencieza.es\/en\/wp-json\/wp\/v2\/product_cat?post=6270"},{"taxonomy":"product_tag","embeddable":true,"href":"https:\/\/compraencieza.es\/en\/wp-json\/wp\/v2\/product_tag?post=6270"},{"taxonomy":"product_brand","embeddable":true,"href":"https:\/\/compraencieza.es\/en\/wp-json\/wp\/v2\/genre?post=6270"}],"curies":[{"name":"wp","href":"https:\/\/api.w.org\/{rel}","templated":true}]}}