{"id":6273,"date":"2025-01-10T10:57:29","date_gmt":"2025-01-10T09:57:29","guid":{"rendered":"https:\/\/compraencieza.es\/?post_type=product&#038;p=6273"},"modified":"2025-01-10T11:05:44","modified_gmt":"2025-01-10T10:05:44","slug":"champu-preventivo-piojos-ninos","status":"publish","type":"product","link":"https:\/\/compraencieza.es\/en\/product\/champu-preventivo-piojos-ninos\/","title":{"rendered":"Champ\u00fa Preventivo Piojos Ni\u00f1os"},"content":{"rendered":"<ul>\n<li><strong>Champ\u00fa preventivo infantil<\/strong>, pensado para proteger el cabello de los m\u00e1s peque\u00f1os en una suave f\u00f3rmula con ingredientes naturales.<\/li>\n<\/ul>\n<p>Cuidada combinaci\u00f3n de tensioactivos suaves, integrados en una\u00a0<em>f\u00f3rmula delicada con aceite \u00e1rbol de T\u00e9 y aceite esencial de lim\u00f3n<\/em>, exclusiva para el cuidado preventivo del cabello de ni\u00f1os mayores de tres a\u00f1os.<\/p>","protected":false},"excerpt":{"rendered":"<p>Champ\u00fa preventivo infantil, pensado para proteger el cabello de los m\u00e1s peque\u00f1os en una suave f\u00f3rmula con ingredientes naturales. Cuidada combinaci\u00f3n de tensioactivos suaves, integrados en una\u00a0f\u00f3rmula delicada con aceite \u00e1rbol de T\u00e9 y aceite esencial de lim\u00f3n, exclusiva para el cuidado preventivo del cabello de ni\u00f1os mayores de tres a\u00f1os.<\/p>","protected":false},"featured_media":6325,"comment_status":"open","ping_status":"closed","template":"","meta":{"_acf_changed":false,"inline_featured_image":false},"product_cat":[105],"product_tag":[],"genre":[],"class_list":{"0":"post-6273","1":"product","2":"type-product","3":"status-publish","4":"has-post-thumbnail","6":"product_cat-salud","8":"first","9":"instock","10":"taxable","11":"shipping-taxable","12":"purchasable","13":"product-type-simple","14":"add-to-wishlist-after_add_to_cart"},"acf":[],"_links":{"self":[{"href":"https:\/\/compraencieza.es\/en\/wp-json\/wp\/v2\/product\/6273","targetHints":{"allow":["GET"]}}],"collection":[{"href":"https:\/\/compraencieza.es\/en\/wp-json\/wp\/v2\/product"}],"about":[{"href":"https:\/\/compraencieza.es\/en\/wp-json\/wp\/v2\/types\/product"}],"replies":[{"embeddable":true,"href":"https:\/\/compraencieza.es\/en\/wp-json\/wp\/v2\/comments?post=6273"}],"wp:featuredmedia":[{"embeddable":true,"href":"https:\/\/compraencieza.es\/en\/wp-json\/wp\/v2\/media\/6325"}],"wp:attachment":[{"href":"https:\/\/compraencieza.es\/en\/wp-json\/wp\/v2\/media?parent=6273"}],"wp:term":[{"taxonomy":"product_cat","embeddable":true,"href":"https:\/\/compraencieza.es\/en\/wp-json\/wp\/v2\/product_cat?post=6273"},{"taxonomy":"product_tag","embeddable":true,"href":"https:\/\/compraencieza.es\/en\/wp-json\/wp\/v2\/product_tag?post=6273"},{"taxonomy":"product_brand","embeddable":true,"href":"https:\/\/compraencieza.es\/en\/wp-json\/wp\/v2\/genre?post=6273"}],"curies":[{"name":"wp","href":"https:\/\/api.w.org\/{rel}","templated":true}]}}