{"id":6280,"date":"2025-01-10T10:57:54","date_gmt":"2025-01-10T09:57:54","guid":{"rendered":"https:\/\/compraencieza.es\/?post_type=product&#038;p=6280"},"modified":"2025-01-10T11:05:44","modified_gmt":"2025-01-10T10:05:44","slug":"champu-reparador-keratin-plus-empower-250-ml","status":"publish","type":"product","link":"https:\/\/compraencieza.es\/en\/product\/champu-reparador-keratin-plus-empower-250-ml\/","title":{"rendered":"Keratin Plus Empower Repair Shampoo 250 ml"},"content":{"rendered":"<p>El champ\u00fa Refurbishing se caracteriza por una combinaci\u00f3n especial de polip\u00e9ptidos y oligop\u00e9ptidos vegetales derivados de legumbres y cereales, dise\u00f1ada para mejorar la apariencia del tallo del cabello. Con un efecto regenerador en\u00e9rgico, capaz de fortalecer y disciplinar toda la estructura, es la formulaci\u00f3n ideal para prevenir los da\u00f1os en el cabello causados por el estr\u00e9s qu\u00edmico y t\u00e9rmico. Ayuda a aumentar la resistencia del cabello al estr\u00e9s t\u00e9rmico del secador y las planchas, potenciando su capacidad para retener agua despu\u00e9s del secado.<\/p>","protected":false},"excerpt":{"rendered":"<p>El champ\u00fa Refurbishing se caracteriza por una combinaci\u00f3n especial de polip\u00e9ptidos y oligop\u00e9ptidos vegetales derivados de legumbres y cereales, dise\u00f1ada para mejorar la apariencia del tallo del cabello. Con un efecto regenerador en\u00e9rgico, capaz de fortalecer y disciplinar toda la estructura, es la formulaci\u00f3n ideal para prevenir los da\u00f1os en el cabello causados por el [&hellip;]<\/p>","protected":false},"featured_media":6326,"comment_status":"open","ping_status":"closed","template":"","meta":{"_acf_changed":false,"inline_featured_image":false},"product_cat":[105],"product_tag":[],"genre":[],"class_list":{"0":"post-6280","1":"product","2":"type-product","3":"status-publish","4":"has-post-thumbnail","6":"product_cat-salud","8":"first","9":"instock","10":"sale","11":"taxable","12":"shipping-taxable","13":"purchasable","14":"product-type-simple","15":"add-to-wishlist-after_add_to_cart"},"acf":[],"_links":{"self":[{"href":"https:\/\/compraencieza.es\/en\/wp-json\/wp\/v2\/product\/6280","targetHints":{"allow":["GET"]}}],"collection":[{"href":"https:\/\/compraencieza.es\/en\/wp-json\/wp\/v2\/product"}],"about":[{"href":"https:\/\/compraencieza.es\/en\/wp-json\/wp\/v2\/types\/product"}],"replies":[{"embeddable":true,"href":"https:\/\/compraencieza.es\/en\/wp-json\/wp\/v2\/comments?post=6280"}],"wp:featuredmedia":[{"embeddable":true,"href":"https:\/\/compraencieza.es\/en\/wp-json\/wp\/v2\/media\/6326"}],"wp:attachment":[{"href":"https:\/\/compraencieza.es\/en\/wp-json\/wp\/v2\/media?parent=6280"}],"wp:term":[{"taxonomy":"product_cat","embeddable":true,"href":"https:\/\/compraencieza.es\/en\/wp-json\/wp\/v2\/product_cat?post=6280"},{"taxonomy":"product_tag","embeddable":true,"href":"https:\/\/compraencieza.es\/en\/wp-json\/wp\/v2\/product_tag?post=6280"},{"taxonomy":"product_brand","embeddable":true,"href":"https:\/\/compraencieza.es\/en\/wp-json\/wp\/v2\/genre?post=6280"}],"curies":[{"name":"wp","href":"https:\/\/api.w.org\/{rel}","templated":true}]}}