{"id":6281,"date":"2025-01-10T10:57:54","date_gmt":"2025-01-10T09:57:54","guid":{"rendered":"https:\/\/compraencieza.es\/?post_type=product&#038;p=6281"},"modified":"2025-01-10T11:05:44","modified_gmt":"2025-01-10T10:05:44","slug":"mascarilla-reparadora-keratin-plus-empower-200-ml","status":"publish","type":"product","link":"https:\/\/compraencieza.es\/en\/product\/mascarilla-reparadora-keratin-plus-empower-200-ml\/","title":{"rendered":"Keratin Plus Empower Repair Mask 200 ml"},"content":{"rendered":"<p>Keratin Plus Empower Refurbishing Mask es la mascarilla ideal para reestructurar y regenerar la fibra capilar gracias a la presencia de la tecnolog\u00eda OXILAMINE\u00ae.<br \/>\nFortalece la acci\u00f3n reestructurante y disciplinante del champ\u00fa, coadyuvada por los polip\u00e9ptidos y oligop\u00e9ptidos vegetales derivados de legumbres y cereales. Su f\u00f3rmula, dise\u00f1ada para potenciar la acci\u00f3n fortalecedora de los tratamientos, es tambi\u00e9n ideal para la reconstrucci\u00f3n de las fibras da\u00f1adas, para mantenerlas en \u00f3ptimas condiciones con el tiempo.<br \/>\nTiene una acci\u00f3n progresiva que potencia la corpulencia del cabello.<\/p>","protected":false},"excerpt":{"rendered":"<p>Keratin Plus Empower Refurbishing Mask es la mascarilla ideal para reestructurar y regenerar la fibra capilar gracias a la presencia de la tecnolog\u00eda OXILAMINE\u00ae. Fortalece la acci\u00f3n reestructurante y disciplinante del champ\u00fa, coadyuvada por los polip\u00e9ptidos y oligop\u00e9ptidos vegetales derivados de legumbres y cereales. Su f\u00f3rmula, dise\u00f1ada para potenciar la acci\u00f3n fortalecedora de los tratamientos, [&hellip;]<\/p>","protected":false},"featured_media":6327,"comment_status":"open","ping_status":"closed","template":"","meta":{"_acf_changed":false,"inline_featured_image":false},"product_cat":[105],"product_tag":[],"genre":[],"class_list":{"0":"post-6281","1":"product","2":"type-product","3":"status-publish","4":"has-post-thumbnail","6":"product_cat-salud","8":"first","9":"instock","10":"sale","11":"taxable","12":"shipping-taxable","13":"purchasable","14":"product-type-simple","15":"add-to-wishlist-after_add_to_cart"},"acf":[],"_links":{"self":[{"href":"https:\/\/compraencieza.es\/en\/wp-json\/wp\/v2\/product\/6281","targetHints":{"allow":["GET"]}}],"collection":[{"href":"https:\/\/compraencieza.es\/en\/wp-json\/wp\/v2\/product"}],"about":[{"href":"https:\/\/compraencieza.es\/en\/wp-json\/wp\/v2\/types\/product"}],"replies":[{"embeddable":true,"href":"https:\/\/compraencieza.es\/en\/wp-json\/wp\/v2\/comments?post=6281"}],"wp:featuredmedia":[{"embeddable":true,"href":"https:\/\/compraencieza.es\/en\/wp-json\/wp\/v2\/media\/6327"}],"wp:attachment":[{"href":"https:\/\/compraencieza.es\/en\/wp-json\/wp\/v2\/media?parent=6281"}],"wp:term":[{"taxonomy":"product_cat","embeddable":true,"href":"https:\/\/compraencieza.es\/en\/wp-json\/wp\/v2\/product_cat?post=6281"},{"taxonomy":"product_tag","embeddable":true,"href":"https:\/\/compraencieza.es\/en\/wp-json\/wp\/v2\/product_tag?post=6281"},{"taxonomy":"product_brand","embeddable":true,"href":"https:\/\/compraencieza.es\/en\/wp-json\/wp\/v2\/genre?post=6281"}],"curies":[{"name":"wp","href":"https:\/\/api.w.org\/{rel}","templated":true}]}}