{"id":6283,"date":"2025-01-10T10:57:54","date_gmt":"2025-01-10T09:57:54","guid":{"rendered":"https:\/\/compraencieza.es\/?post_type=product&#038;p=6283"},"modified":"2025-01-10T11:05:44","modified_gmt":"2025-01-10T10:05:44","slug":"gelatina-bano-marshmallow","status":"publish","type":"product","link":"https:\/\/compraencieza.es\/en\/product\/gelatina-bano-marshmallow\/","title":{"rendered":"Gelatina Ba\u00f1o Marshmallow"},"content":{"rendered":"<p>En la l\u00ednea Delicious Skin Care encontramos la gelatina de ba\u00f1o con incre\u00edble aroma malvavisco.<\/p>\n<p>&nbsp;<\/p>\n<p>Proporciona un ba\u00f1o tonificante lleno de burbujas. Deja la piel limpia y con un delicioso aroma.<\/p>\n<p>&nbsp;<\/p>\n<p>Contiene una base limpiadora perfumada. Apta para veganos.<\/p>\n<p>&nbsp;<\/p>\n<p>*Producto apto a partir de 6 a\u00f1os.<\/p>\n<p>&nbsp;<\/p>\n<p>Modo de empleo: Sacar la cantidad deseada de gelatina con la mano seca y mezclarla con agua hasta crear espuma. Lavar suavemente la piel y enjuagar.<\/p>","protected":false},"excerpt":{"rendered":"<p>En la l\u00ednea Delicious Skin Care encontramos la gelatina de ba\u00f1o con incre\u00edble aroma malvavisco. &nbsp; Proporciona un ba\u00f1o tonificante lleno de burbujas. Deja la piel limpia y con un delicioso aroma. &nbsp; Contiene una base limpiadora perfumada. Apta para veganos. &nbsp; *Producto apto a partir de 6 a\u00f1os. &nbsp; Modo de empleo: Sacar la [&hellip;]<\/p>","protected":false},"featured_media":6329,"comment_status":"open","ping_status":"closed","template":"","meta":{"_acf_changed":false,"inline_featured_image":false},"product_cat":[105],"product_tag":[],"genre":[],"class_list":{"0":"post-6283","1":"product","2":"type-product","3":"status-publish","4":"has-post-thumbnail","6":"product_cat-salud","8":"first","9":"instock","10":"taxable","11":"shipping-taxable","12":"purchasable","13":"product-type-simple","14":"add-to-wishlist-after_add_to_cart"},"acf":[],"_links":{"self":[{"href":"https:\/\/compraencieza.es\/en\/wp-json\/wp\/v2\/product\/6283","targetHints":{"allow":["GET"]}}],"collection":[{"href":"https:\/\/compraencieza.es\/en\/wp-json\/wp\/v2\/product"}],"about":[{"href":"https:\/\/compraencieza.es\/en\/wp-json\/wp\/v2\/types\/product"}],"replies":[{"embeddable":true,"href":"https:\/\/compraencieza.es\/en\/wp-json\/wp\/v2\/comments?post=6283"}],"wp:featuredmedia":[{"embeddable":true,"href":"https:\/\/compraencieza.es\/en\/wp-json\/wp\/v2\/media\/6329"}],"wp:attachment":[{"href":"https:\/\/compraencieza.es\/en\/wp-json\/wp\/v2\/media?parent=6283"}],"wp:term":[{"taxonomy":"product_cat","embeddable":true,"href":"https:\/\/compraencieza.es\/en\/wp-json\/wp\/v2\/product_cat?post=6283"},{"taxonomy":"product_tag","embeddable":true,"href":"https:\/\/compraencieza.es\/en\/wp-json\/wp\/v2\/product_tag?post=6283"},{"taxonomy":"product_brand","embeddable":true,"href":"https:\/\/compraencieza.es\/en\/wp-json\/wp\/v2\/genre?post=6283"}],"curies":[{"name":"wp","href":"https:\/\/api.w.org\/{rel}","templated":true}]}}