{"id":6295,"date":"2025-01-10T10:58:16","date_gmt":"2025-01-10T09:58:16","guid":{"rendered":"https:\/\/compraencieza.es\/?post_type=product&#038;p=6295"},"modified":"2025-01-10T11:05:44","modified_gmt":"2025-01-10T10:05:44","slug":"perfume-princesas-arabia-50ml","status":"publish","type":"product","link":"https:\/\/compraencieza.es\/en\/product\/perfume-princesas-arabia-50ml\/","title":{"rendered":"Perfume Princesas Arabia 50ml"},"content":{"rendered":"<p>El Eau de parfum\u00a0 Ameerat Al Arab te permite disfrutar de su aroma durante mucho tiempo. Es una de las f\u00f3rmulas de perfume m\u00e1s concentradas ya que contiene entre un 10 % y un 20 % de aceites arom\u00e1ticos. Para una experiencia arom\u00e1tica a\u00fan m\u00e1s prolongada, combina tu Eau de parfum con los productos de cuidado de la piel Lattafa Ameerat Al Arab.<\/p>\n<p>&nbsp;<\/p>\n<p>Notas de salida<\/p>\n<p>Bergamota, C\u00edtricos<\/p>\n<p>&nbsp;<\/p>\n<p>Coraz\u00f3n<\/p>\n<p>Almizcle blanco, Aloe<\/p>\n<p>&nbsp;<\/p>\n<p>Base<\/p>\n<p>Jazm\u00edn, Notas amaderadas, Almizcle, Madera de agar<\/p>","protected":false},"excerpt":{"rendered":"<p>El Eau de parfum\u00a0 Ameerat Al Arab te permite disfrutar de su aroma durante mucho tiempo. Es una de las f\u00f3rmulas de perfume m\u00e1s concentradas ya que contiene entre un 10 % y un 20 % de aceites arom\u00e1ticos. Para una experiencia arom\u00e1tica a\u00fan m\u00e1s prolongada, combina tu Eau de parfum con los productos de [&hellip;]<\/p>","protected":false},"featured_media":6346,"comment_status":"open","ping_status":"closed","template":"","meta":{"_acf_changed":false,"inline_featured_image":false},"product_cat":[105],"product_tag":[],"genre":[],"class_list":{"0":"post-6295","1":"product","2":"type-product","3":"status-publish","4":"has-post-thumbnail","6":"product_cat-salud","8":"first","9":"instock","10":"taxable","11":"shipping-taxable","12":"purchasable","13":"product-type-simple","14":"add-to-wishlist-after_add_to_cart"},"acf":[],"_links":{"self":[{"href":"https:\/\/compraencieza.es\/en\/wp-json\/wp\/v2\/product\/6295","targetHints":{"allow":["GET"]}}],"collection":[{"href":"https:\/\/compraencieza.es\/en\/wp-json\/wp\/v2\/product"}],"about":[{"href":"https:\/\/compraencieza.es\/en\/wp-json\/wp\/v2\/types\/product"}],"replies":[{"embeddable":true,"href":"https:\/\/compraencieza.es\/en\/wp-json\/wp\/v2\/comments?post=6295"}],"wp:featuredmedia":[{"embeddable":true,"href":"https:\/\/compraencieza.es\/en\/wp-json\/wp\/v2\/media\/6346"}],"wp:attachment":[{"href":"https:\/\/compraencieza.es\/en\/wp-json\/wp\/v2\/media?parent=6295"}],"wp:term":[{"taxonomy":"product_cat","embeddable":true,"href":"https:\/\/compraencieza.es\/en\/wp-json\/wp\/v2\/product_cat?post=6295"},{"taxonomy":"product_tag","embeddable":true,"href":"https:\/\/compraencieza.es\/en\/wp-json\/wp\/v2\/product_tag?post=6295"},{"taxonomy":"product_brand","embeddable":true,"href":"https:\/\/compraencieza.es\/en\/wp-json\/wp\/v2\/genre?post=6295"}],"curies":[{"name":"wp","href":"https:\/\/api.w.org\/{rel}","templated":true}]}}