{"id":6302,"date":"2025-01-10T10:58:41","date_gmt":"2025-01-10T09:58:41","guid":{"rendered":"https:\/\/compraencieza.es\/?post_type=product&#038;p=6302"},"modified":"2025-01-10T11:05:44","modified_gmt":"2025-01-10T10:05:44","slug":"ampollas-caida-vitaxil-24x8","status":"publish","type":"product","link":"https:\/\/compraencieza.es\/en\/product\/ampollas-caida-vitaxil-24x8\/","title":{"rendered":"Ampollas Ca\u00edda Vitaxil (24\u00d78)"},"content":{"rendered":"<header class=\"et-l et-l--header\">\n<div class=\"et_builder_inner_content et_pb_gutters3 product has_et_pb_sticky\">\n<div class=\"et_pb_section et_pb_section_2_tb_header et_pb_sticky_module et_pb_with_background et_section_regular et_pb_section--with-menu et_pb_sticky et_pb_sticky--top\">\n<div class=\"et_pb_row et_pb_row_2_tb_header et_pb_gutters1 et_pb_row--with-menu\">\n<div class=\"et_pb_column et_pb_column_1_3 et_pb_column_6_tb_header et_pb_css_mix_blend_mode_passthrough\"><\/div>\n<div class=\"et_pb_column et_pb_column_1_3 et_pb_column_8_tb_header et_pb_css_mix_blend_mode_passthrough et-last-child et_pb_column--with-menu\">\n<div class=\"et_pb_module et_pb_blurb et_pb_blurb_3_tb_header dmm-tooltip et_clickable et_pb_text_align_left et_pb_blurb_position_top et_pb_bg_layout_light\">\n<div class=\"et_pb_blurb_content\">\n<div class=\"et_pb_main_blurb_image\">Ampollas ca\u00edda K89 Vitaxil<\/div>\n<\/div>\n<\/div>\n<\/div>\n<\/div>\n<\/div>\n<\/div>\n<\/header>\n<div id=\"et-main-area\">\n<div id=\"main-content\">\n<div class=\"et-l et-l--body\">\n<div class=\"et_builder_inner_content et_pb_gutters3 product\">\n<div class=\"et_pb_section et_pb_section_1_tb_body et_pb_with_background et_section_regular\">\n<div class=\"et_pb_row et_pb_row_2_tb_body divifashion_productdetail_tab\">\n<div class=\"et_pb_column et_pb_column_4_4 et_pb_column_3_tb_body et_pb_css_mix_blend_mode_passthrough et-last-child\">\n<div class=\"et_pb_with_border et_pb_module et_pb_wc_tabs et_pb_wc_tabs_0_tb_body et_pb_tabs et_pb_tabs_vertically_stacked\">\n<div class=\"et_pb_all_tabs\">\n<div class=\"et_pb_tab clearfix et_pb_active_content et-pb-active-slide\">\n<div class=\"et_pb_tab_content\">\n<p>Tratamiento antica\u00edda que prolonga el ciclo de la vida del cabello, dej\u00e1ndolo m\u00e1s el\u00e1stico y resistente. Esta soluci\u00f3n antica\u00edda debe su acci\u00f3n equilibrada con composici\u00f3n fundamentada en extracto de germen de trigo que combinado con frutos rojos aporta al bulbo piloso una nutrici\u00f3n equilibrada y compensada para favorecer su crecimiento. Estos extractos aportan \u00e1cidos esenciales, vitaminas C y E de origen natural y de alto poder antioxidante ofreciendo un efecto anti radicales libres que impide la degeneraci\u00f3n del bulbo piloso por envejecimiento prematuro .<\/p>\n<p>La presencia de mentol y alcanfor aportan un efecto de fr\u00edo calor estimulante de la circulaci\u00f3n sangu\u00ednea que aumenta el efecto nutriente y antioxidante de los extractos de germen de trigo y frutos rojos.<\/p>\n<h3>Characteristics:<\/h3>\n<ul>\n<li><strong>Favorece el crecimiento<\/strong><\/li>\n<li>Antioxidante<\/li>\n<li>Efecto fr\u00edo\/calor<\/li>\n<\/ul>\n<h3>Modo de uso:<\/h3>\n<p>Lavar el cabello de forma habitual y aplicar la ampolla de manera uniforme por el cuero cabelludo, masajeando para su correcta distribuci\u00f3n. Dejar actuar unos minutos y proceder al secado como habitualmente.<\/p>\n<\/div>\n<\/div>\n<\/div>\n<\/div>\n<\/div>\n<\/div>\n<\/div>\n<\/div>\n<\/div>\n<\/div>\n<\/div>","protected":false},"excerpt":{"rendered":"<p>Ampollas ca\u00edda K89 Vitaxil Tratamiento antica\u00edda que prolonga el ciclo de la vida del cabello, dej\u00e1ndolo m\u00e1s el\u00e1stico y resistente. Esta soluci\u00f3n antica\u00edda debe su acci\u00f3n equilibrada con composici\u00f3n fundamentada en extracto de germen de trigo que combinado con frutos rojos aporta al bulbo piloso una nutrici\u00f3n equilibrada y compensada para favorecer su crecimiento. Estos [&hellip;]<\/p>","protected":false},"featured_media":6347,"comment_status":"open","ping_status":"closed","template":"","meta":{"_acf_changed":false,"inline_featured_image":false},"product_cat":[105],"product_tag":[],"genre":[],"class_list":{"0":"post-6302","1":"product","2":"type-product","3":"status-publish","4":"has-post-thumbnail","6":"product_cat-salud","8":"first","9":"instock","10":"taxable","11":"shipping-taxable","12":"purchasable","13":"product-type-simple","14":"add-to-wishlist-after_add_to_cart"},"acf":[],"_links":{"self":[{"href":"https:\/\/compraencieza.es\/en\/wp-json\/wp\/v2\/product\/6302","targetHints":{"allow":["GET"]}}],"collection":[{"href":"https:\/\/compraencieza.es\/en\/wp-json\/wp\/v2\/product"}],"about":[{"href":"https:\/\/compraencieza.es\/en\/wp-json\/wp\/v2\/types\/product"}],"replies":[{"embeddable":true,"href":"https:\/\/compraencieza.es\/en\/wp-json\/wp\/v2\/comments?post=6302"}],"wp:featuredmedia":[{"embeddable":true,"href":"https:\/\/compraencieza.es\/en\/wp-json\/wp\/v2\/media\/6347"}],"wp:attachment":[{"href":"https:\/\/compraencieza.es\/en\/wp-json\/wp\/v2\/media?parent=6302"}],"wp:term":[{"taxonomy":"product_cat","embeddable":true,"href":"https:\/\/compraencieza.es\/en\/wp-json\/wp\/v2\/product_cat?post=6302"},{"taxonomy":"product_tag","embeddable":true,"href":"https:\/\/compraencieza.es\/en\/wp-json\/wp\/v2\/product_tag?post=6302"},{"taxonomy":"product_brand","embeddable":true,"href":"https:\/\/compraencieza.es\/en\/wp-json\/wp\/v2\/genre?post=6302"}],"curies":[{"name":"wp","href":"https:\/\/api.w.org\/{rel}","templated":true}]}}