{"id":6303,"date":"2025-01-10T10:58:41","date_gmt":"2025-01-10T09:58:41","guid":{"rendered":"https:\/\/compraencieza.es\/?post_type=product&#038;p=6303"},"modified":"2025-01-10T11:05:44","modified_gmt":"2025-01-10T10:05:44","slug":"ampollas-flash-repair-24x8","status":"publish","type":"product","link":"https:\/\/compraencieza.es\/en\/product\/ampollas-flash-repair-24x8\/","title":{"rendered":"Flash Repair Ampoules (24\u00d78)"},"content":{"rendered":"<p>Las ampollas Flash Repair Lotion son un tratamiento de reestructuraci\u00f3n intensiva flash para cabello seco, da\u00f1ado o tratado qu\u00edmicamente. Es un compuesto de oligoelementos que, en combinaci\u00f3n con cualquiera de los tratamientos de la l\u00ednea Sweet Care, maximiza sus efecto.<\/p>\n<p>Tratamiento de reestructuraci\u00f3n intensiva para cabellos da\u00f1ados, secos y tratados qu\u00edmicamente. Formulada con un complejo de Oligoelementos que penetran en la fibra capilar y reconstruyen las partes da\u00f1adas. Conseguir\u00e1s un resultado en tu cabello, fuerte, sano y brillante.<\/p>\n<p>&nbsp;<\/p>\n<p>Characteristics:<\/p>\n<p>Nutre sin aportar peso<\/p>\n<p>Protege el color<\/p>\n<p>Elimina el frizz<\/p>\n<p>Tacto sedoso<\/p>\n<p>Efecto instant\u00e1neo<\/p>\n<p>Modo de uso:<\/p>\n<p>Aplicar sobre el cabello h\u00famedo y distribuir uniformemente por todo el cabello con ayuda de un peine. Dejar actuar 5 minutos y aclarar con abundante agua.<\/p>\n<p>Caja 24 unidades 8ml<\/p>","protected":false},"excerpt":{"rendered":"<p>Las ampollas Flash Repair Lotion son un tratamiento de reestructuraci\u00f3n intensiva flash para cabello seco, da\u00f1ado o tratado qu\u00edmicamente. Es un compuesto de oligoelementos que, en combinaci\u00f3n con cualquiera de los tratamientos de la l\u00ednea Sweet Care, maximiza sus efecto. Tratamiento de reestructuraci\u00f3n intensiva para cabellos da\u00f1ados, secos y tratados qu\u00edmicamente. Formulada con un complejo [&hellip;]<\/p>","protected":false},"featured_media":6348,"comment_status":"open","ping_status":"closed","template":"","meta":{"_acf_changed":false,"inline_featured_image":false},"product_cat":[105],"product_tag":[],"genre":[],"class_list":{"0":"post-6303","1":"product","2":"type-product","3":"status-publish","4":"has-post-thumbnail","6":"product_cat-salud","8":"first","9":"instock","10":"taxable","11":"shipping-taxable","12":"purchasable","13":"product-type-simple","14":"add-to-wishlist-after_add_to_cart"},"acf":[],"_links":{"self":[{"href":"https:\/\/compraencieza.es\/en\/wp-json\/wp\/v2\/product\/6303","targetHints":{"allow":["GET"]}}],"collection":[{"href":"https:\/\/compraencieza.es\/en\/wp-json\/wp\/v2\/product"}],"about":[{"href":"https:\/\/compraencieza.es\/en\/wp-json\/wp\/v2\/types\/product"}],"replies":[{"embeddable":true,"href":"https:\/\/compraencieza.es\/en\/wp-json\/wp\/v2\/comments?post=6303"}],"wp:featuredmedia":[{"embeddable":true,"href":"https:\/\/compraencieza.es\/en\/wp-json\/wp\/v2\/media\/6348"}],"wp:attachment":[{"href":"https:\/\/compraencieza.es\/en\/wp-json\/wp\/v2\/media?parent=6303"}],"wp:term":[{"taxonomy":"product_cat","embeddable":true,"href":"https:\/\/compraencieza.es\/en\/wp-json\/wp\/v2\/product_cat?post=6303"},{"taxonomy":"product_tag","embeddable":true,"href":"https:\/\/compraencieza.es\/en\/wp-json\/wp\/v2\/product_tag?post=6303"},{"taxonomy":"product_brand","embeddable":true,"href":"https:\/\/compraencieza.es\/en\/wp-json\/wp\/v2\/genre?post=6303"}],"curies":[{"name":"wp","href":"https:\/\/api.w.org\/{rel}","templated":true}]}}