{"id":6304,"date":"2025-01-10T10:58:41","date_gmt":"2025-01-10T09:58:41","guid":{"rendered":"https:\/\/compraencieza.es\/?post_type=product&#038;p=6304"},"modified":"2025-01-10T11:05:44","modified_gmt":"2025-01-10T10:05:44","slug":"crema-dia-antiarrugas-saffron-ziaja","status":"publish","type":"product","link":"https:\/\/compraencieza.es\/en\/product\/crema-dia-antiarrugas-saffron-ziaja\/","title":{"rendered":"Crema D\u00eda Antiarrugas Saffron Ziaja"},"content":{"rendered":"<p>Crema de d\u00eda antiarrugas con col\u00e1geno para todo tipo de pieles maduras 60+<\/p>\n<p>&nbsp;<\/p>\n<p>Contienen ingredientes activos que estimulan el proceso de regeneraci\u00f3n de la piel.<\/p>\n<p>Con filtro UVA\/UVB previene el fotoenvejecimiento. Protecci\u00f3n solar SPF6.<\/p>\n<p>&nbsp;<\/p>\n<p>&#8211; Alisa las arrugas y l\u00edneas de expresi\u00f3n.<\/p>\n<p>&#8211; Mejora la elasticidad y la firmeza en un 90%.<\/p>\n<p>&#8211; Reduce la piel fl\u00e1cida.<\/p>\n<p>&#8211; Unifica el tono de la piel reduciendo la visibilidad de capilares.<\/p>\n<p>&#8211; Restaura el brillo natural de la piel.<\/p>\n<p>&nbsp;<\/p>\n<p>&nbsp;<\/p>\n<p>Ingredientes activos: P\u00e9ptidos de col\u00e1geno, \u00c1cido hialur\u00f3nico, Azafr\u00e1n rojo-oro.<\/p>\n<p>&nbsp;<\/p>\n<p>* P\u00e9ptidos de col\u00e1geno (an\u00e1logo de una secuencia \u00fanica de col\u00e1geno natural): proporcionan estabilidad estructural a la piel al aumentar la s\u00edntesis de col\u00e1geno y proteger las fibras de elastina.<\/p>\n<p>* \u00c1cido hialur\u00f3nico: proporciona un aumento de la hidrodin\u00e1mica y la elasticidad de la piel.<\/p>\n<p>* Azafr\u00e1n rojo-oro: contiene flavonoides y antioxidantes con propiedades antienvejecimiento.<\/p>\n<p>&nbsp;<\/p>\n<p>Modo de empleo: Aplicar una peque\u00f1a cantidad sobre el rostro y el cuello, en suaves movimientos circulares.<\/p>","protected":false},"excerpt":{"rendered":"<p>Crema de d\u00eda antiarrugas con col\u00e1geno para todo tipo de pieles maduras 60+ &nbsp; Contienen ingredientes activos que estimulan el proceso de regeneraci\u00f3n de la piel. Con filtro UVA\/UVB previene el fotoenvejecimiento. Protecci\u00f3n solar SPF6. &nbsp; &#8211; Alisa las arrugas y l\u00edneas de expresi\u00f3n. &#8211; Mejora la elasticidad y la firmeza en un 90%. &#8211; [&hellip;]<\/p>","protected":false},"featured_media":6349,"comment_status":"open","ping_status":"closed","template":"","meta":{"_acf_changed":false,"inline_featured_image":false},"product_cat":[105],"product_tag":[],"genre":[],"class_list":{"0":"post-6304","1":"product","2":"type-product","3":"status-publish","4":"has-post-thumbnail","6":"product_cat-salud","8":"first","9":"onbackorder","10":"taxable","11":"shipping-taxable","12":"purchasable","13":"product-type-simple","14":"add-to-wishlist-after_add_to_cart"},"acf":[],"_links":{"self":[{"href":"https:\/\/compraencieza.es\/en\/wp-json\/wp\/v2\/product\/6304","targetHints":{"allow":["GET"]}}],"collection":[{"href":"https:\/\/compraencieza.es\/en\/wp-json\/wp\/v2\/product"}],"about":[{"href":"https:\/\/compraencieza.es\/en\/wp-json\/wp\/v2\/types\/product"}],"replies":[{"embeddable":true,"href":"https:\/\/compraencieza.es\/en\/wp-json\/wp\/v2\/comments?post=6304"}],"wp:featuredmedia":[{"embeddable":true,"href":"https:\/\/compraencieza.es\/en\/wp-json\/wp\/v2\/media\/6349"}],"wp:attachment":[{"href":"https:\/\/compraencieza.es\/en\/wp-json\/wp\/v2\/media?parent=6304"}],"wp:term":[{"taxonomy":"product_cat","embeddable":true,"href":"https:\/\/compraencieza.es\/en\/wp-json\/wp\/v2\/product_cat?post=6304"},{"taxonomy":"product_tag","embeddable":true,"href":"https:\/\/compraencieza.es\/en\/wp-json\/wp\/v2\/product_tag?post=6304"},{"taxonomy":"product_brand","embeddable":true,"href":"https:\/\/compraencieza.es\/en\/wp-json\/wp\/v2\/genre?post=6304"}],"curies":[{"name":"wp","href":"https:\/\/api.w.org\/{rel}","templated":true}]}}