{"id":6305,"date":"2025-01-10T10:58:41","date_gmt":"2025-01-10T09:58:41","guid":{"rendered":"https:\/\/compraencieza.es\/?post_type=product&#038;p=6305"},"modified":"2025-01-10T11:05:44","modified_gmt":"2025-01-10T10:05:44","slug":"crema-noche-antiarrugas-saffron-ziaja","status":"publish","type":"product","link":"https:\/\/compraencieza.es\/en\/product\/crema-noche-antiarrugas-saffron-ziaja\/","title":{"rendered":"Saffron Ziaja Anti-Wrinkle Night Cream"},"content":{"rendered":"<p>Crema de noche antiarrugas con col\u00e1geno para todo tipo de pieles maduras 60+<\/p>\n<p>&nbsp;<\/p>\n<p>Contiene ingredientes activos que estimulan el proceso de regeneraci\u00f3n de la piel.<\/p>\n<p>&nbsp;<\/p>\n<p>&#8211; Suaviza las imperfecciones de la piel que aparecen durante el d\u00eda.<\/p>\n<p>&#8211; Reduce las arrugas (28%)*<\/p>\n<p>&#8211; Regenera y nutre la epidermis.<\/p>\n<p>&#8211; Previene la flacidez de la piel mejorando su firmeza y elasticidad.<\/p>\n<p>&#8211; Hidrata intensamente, reduce las rojeces y la sequedad de la piel.<\/p>\n<p>&#8211; Restaura la tono de la piel d\u00e1ndole un brillo rejuvenecido.<\/p>\n<p>&nbsp;<\/p>\n<p>*despu\u00e9s de 28 d\u00edas de tratamiento.<\/p>\n<p>&nbsp;<\/p>\n<p>&nbsp;<\/p>\n<p>Testado dermatol\u00f3gicamente.<\/p>\n<p>&nbsp;<\/p>\n<p>&nbsp;<\/p>\n<p>Ingredientes activos: P\u00e9ptidos de col\u00e1geno, \u00c1cido hialur\u00f3nico, Azafr\u00e1n rojo-oro.<\/p>\n<p>&nbsp;<\/p>\n<p>* P\u00e9ptidos de col\u00e1geno (an\u00e1logo de una secuencia \u00fanica de col\u00e1geno natural): proporcionan estabilidad estructural a la piel al aumentar la s\u00edntesis de col\u00e1geno y proteger las fibras de elastina.<\/p>\n<p>* \u00c1cido hialur\u00f3nico: proporciona un aumento de la hidrodin\u00e1mica y la elasticidad de la piel.<\/p>\n<p>* Azafr\u00e1n rojo-oro: contiene flavonoides y antioxidantes con propiedades antienvejecimiento.<\/p>\n<p>&nbsp;<\/p>\n<p>&nbsp;<\/p>\n<p>Modo de empleo: Aplicar ua peque\u00f1a cantidad sobre el rostro y el cuello, en suaves movimientos circulares.<\/p>","protected":false},"excerpt":{"rendered":"<p>Crema de noche antiarrugas con col\u00e1geno para todo tipo de pieles maduras 60+ &nbsp; Contiene ingredientes activos que estimulan el proceso de regeneraci\u00f3n de la piel. &nbsp; &#8211; Suaviza las imperfecciones de la piel que aparecen durante el d\u00eda. &#8211; Reduce las arrugas (28%)* &#8211; Regenera y nutre la epidermis. &#8211; Previene la flacidez de [&hellip;]<\/p>","protected":false},"featured_media":6350,"comment_status":"open","ping_status":"closed","template":"","meta":{"_acf_changed":false,"inline_featured_image":false},"product_cat":[105],"product_tag":[],"genre":[],"class_list":{"0":"post-6305","1":"product","2":"type-product","3":"status-publish","4":"has-post-thumbnail","6":"product_cat-salud","8":"first","9":"instock","10":"taxable","11":"shipping-taxable","12":"purchasable","13":"product-type-simple","14":"add-to-wishlist-after_add_to_cart"},"acf":[],"_links":{"self":[{"href":"https:\/\/compraencieza.es\/en\/wp-json\/wp\/v2\/product\/6305","targetHints":{"allow":["GET"]}}],"collection":[{"href":"https:\/\/compraencieza.es\/en\/wp-json\/wp\/v2\/product"}],"about":[{"href":"https:\/\/compraencieza.es\/en\/wp-json\/wp\/v2\/types\/product"}],"replies":[{"embeddable":true,"href":"https:\/\/compraencieza.es\/en\/wp-json\/wp\/v2\/comments?post=6305"}],"wp:featuredmedia":[{"embeddable":true,"href":"https:\/\/compraencieza.es\/en\/wp-json\/wp\/v2\/media\/6350"}],"wp:attachment":[{"href":"https:\/\/compraencieza.es\/en\/wp-json\/wp\/v2\/media?parent=6305"}],"wp:term":[{"taxonomy":"product_cat","embeddable":true,"href":"https:\/\/compraencieza.es\/en\/wp-json\/wp\/v2\/product_cat?post=6305"},{"taxonomy":"product_tag","embeddable":true,"href":"https:\/\/compraencieza.es\/en\/wp-json\/wp\/v2\/product_tag?post=6305"},{"taxonomy":"product_brand","embeddable":true,"href":"https:\/\/compraencieza.es\/en\/wp-json\/wp\/v2\/genre?post=6305"}],"curies":[{"name":"wp","href":"https:\/\/api.w.org\/{rel}","templated":true}]}}