{"id":6306,"date":"2025-01-10T10:58:41","date_gmt":"2025-01-10T09:58:41","guid":{"rendered":"https:\/\/compraencieza.es\/?post_type=product&#038;p=6306"},"modified":"2025-01-10T11:05:44","modified_gmt":"2025-01-10T10:05:44","slug":"contorno-ojos-antiarrugas-saffron-ziaja","status":"publish","type":"product","link":"https:\/\/compraencieza.es\/en\/product\/contorno-ojos-antiarrugas-saffron-ziaja\/","title":{"rendered":"Contorno Ojos Antiarrugas Saffron Ziaja"},"content":{"rendered":"<p>Crema contorno de ojos antiarrugas con col\u00e1geno para todo tipo de pieles maduras 60+<\/p>\n<p>&#8211; Alisa la piel de alrededor de los ojos propensa a la fragilidad.<br \/>\n&#8211; Reduce las imperfecciones de la piel fatigada.<br \/>\n&#8211; Proporciona una hidrataci\u00f3n duradera despu\u00e9s de solo una aplicaci\u00f3n.<br \/>\n&#8211; Suaviza las arrugas.<br \/>\n&#8211; Unifica el tono de la piel y le proporciona radiaci\u00f3n d\u00e1ndole un brillo juvenil.<br \/>\n&#8211; No irrita los ojos, incluso en los ojos m\u00e1s sensibles.<\/p>\n<p>Ingredientes activos: P\u00e9ptidos de col\u00e1geno, \u00c1cido hialur\u00f3nico, Azafr\u00e1n rojo-oro<\/p>\n<p>* P\u00e9ptidos de col\u00e1geno (an\u00e1logo de una secuencia \u00fanica de col\u00e1geno natural): proporcionan estabilidad estructural a la piel al aumentar la s\u00edntesis de col\u00e1geno y proteger las fibras de elastina.<br \/>\n* \u00c1cido hialur\u00f3nico: proporciona un aumento de la hidrodin\u00e1mica y la elasticidad de la piel.<br \/>\n* Azafr\u00e1n rojo-oro: contiene flavonoides y antioxidantes con propiedades antienvejecimiento.<\/p>\n<p>Modo de empleo: Aplicar en la piel del contorno de ojos con suaves toquecitos.<\/p>","protected":false},"excerpt":{"rendered":"<p>Crema contorno de ojos antiarrugas con col\u00e1geno para todo tipo de pieles maduras 60+ &#8211; Alisa la piel de alrededor de los ojos propensa a la fragilidad. &#8211; Reduce las imperfecciones de la piel fatigada. &#8211; Proporciona una hidrataci\u00f3n duradera despu\u00e9s de solo una aplicaci\u00f3n. &#8211; Suaviza las arrugas. &#8211; Unifica el tono de la [&hellip;]<\/p>","protected":false},"featured_media":6357,"comment_status":"open","ping_status":"closed","template":"","meta":{"_acf_changed":false,"inline_featured_image":false},"product_cat":[105],"product_tag":[],"genre":[],"class_list":{"0":"post-6306","1":"product","2":"type-product","3":"status-publish","4":"has-post-thumbnail","6":"product_cat-salud","8":"first","9":"instock","10":"taxable","11":"shipping-taxable","12":"purchasable","13":"product-type-simple","14":"add-to-wishlist-after_add_to_cart"},"acf":[],"_links":{"self":[{"href":"https:\/\/compraencieza.es\/en\/wp-json\/wp\/v2\/product\/6306","targetHints":{"allow":["GET"]}}],"collection":[{"href":"https:\/\/compraencieza.es\/en\/wp-json\/wp\/v2\/product"}],"about":[{"href":"https:\/\/compraencieza.es\/en\/wp-json\/wp\/v2\/types\/product"}],"replies":[{"embeddable":true,"href":"https:\/\/compraencieza.es\/en\/wp-json\/wp\/v2\/comments?post=6306"}],"wp:featuredmedia":[{"embeddable":true,"href":"https:\/\/compraencieza.es\/en\/wp-json\/wp\/v2\/media\/6357"}],"wp:attachment":[{"href":"https:\/\/compraencieza.es\/en\/wp-json\/wp\/v2\/media?parent=6306"}],"wp:term":[{"taxonomy":"product_cat","embeddable":true,"href":"https:\/\/compraencieza.es\/en\/wp-json\/wp\/v2\/product_cat?post=6306"},{"taxonomy":"product_tag","embeddable":true,"href":"https:\/\/compraencieza.es\/en\/wp-json\/wp\/v2\/product_tag?post=6306"},{"taxonomy":"product_brand","embeddable":true,"href":"https:\/\/compraencieza.es\/en\/wp-json\/wp\/v2\/genre?post=6306"}],"curies":[{"name":"wp","href":"https:\/\/api.w.org\/{rel}","templated":true}]}}