{"id":6307,"date":"2025-01-10T10:58:41","date_gmt":"2025-01-10T09:58:41","guid":{"rendered":"https:\/\/compraencieza.es\/?post_type=product&#038;p=6307"},"modified":"2025-01-10T11:05:44","modified_gmt":"2025-01-10T10:05:44","slug":"serum-concentrado-antiarrugas-jasmine","status":"publish","type":"product","link":"https:\/\/compraencieza.es\/en\/product\/serum-concentrado-antiarrugas-jasmine\/","title":{"rendered":"S\u00e9rum Concentrado Antiarrugas Jasmine"},"content":{"rendered":"<header id=\"header\" class=\"desktop-header-style-w-2\">\n<div id=\"mobile-header\" class=\"mobile-header-style-3\">\n<div class=\"sticky-mobile-wrapper\">\n<div id=\"mobile-header-sticky\" class=\"stuck stuck-down\">\n<div class=\"mobile-buttons-bar\">\n<div class=\"container\">\n<div class=\"row no-gutters align-items-center row-mobile-buttons\">\n<div class=\"col col-mobile-btn col-mobile-btn-cart ps-shoppingcart text-center dropdown\">\n<div id=\"mobile-cart-wrapper\"><\/div>\n<\/div>\n<\/div>\n<\/div>\n<\/div>\n<\/div>\n<\/div>\n<\/div>\n<\/header>\n<section id=\"wrapper\">\n<nav class=\"breadcrumb\" data-depth=\"5\">\n<div class=\"container-fluid\">\n<div class=\"row align-items-center\">\n<div class=\"col col-auto\"><\/div>\n<\/div>\n<\/div>\n<\/nav>\n<div id=\"inner-wrapper\" class=\"container\">\n<div id=\"content-wrapper\">\n<section id=\"main\">\n<div id=\"main-product-wrapper\">\n<div class=\"row product-info-row\">\n<div class=\"col-md-7 col-product-info\">\n<div class=\"product-information\">\n<div class=\"product-actions\">\n<form id=\"add-to-cart-or-refresh\" action=\"https:\/\/ziajashop.es\/carrito\" method=\"post\">\n<div class=\"product-additional-info\">S\u00e9rum concentrado antiarrugas para el cuidado facial d\u00eda y noche de las pieles maduras de m\u00e1s de 50 a\u00f1os.<\/div>\n<\/form>\n<\/div>\n<\/div>\n<\/div>\n<\/div>\n<div class=\"tabs product-tabs\">\n<div id=\"product-infos-tabs-content\" class=\"tab-content\">\n<div id=\"description\" class=\"tab-pane in active\">\n<div class=\"product-description\">\n<div class=\"rte-content\">\n<p>S\u00e9rum recomendado para piel madura, piel seca o piel con manchas de pigmentaci\u00f3n.<\/p>\n<p>&#8211; Mejora la densidad de la piel<br \/>\n-&gt;microcol\u00e1geno \/ geniste\u00edna<br \/>\nfortalece las fibras de col\u00e1geno y de elastina.<br \/>\nreafirma la piel y previene la p\u00e9rdida de elasticidad.<\/p>\n<p>&#8211; Evita la flacidez, suaviza las arrugas<br \/>\n-&gt;calcio \/ \u00e1cido hialur\u00f3nico<br \/>\nreduce las arrugas y mejora la elasticidad de la piel.<\/p>\n<p>&#8211; Regenera la epidermis<br \/>\n-&gt;manteca de jazm\u00edn \/ \u00e1cidos grasos esenciales de aceite de oliva y de coco<br \/>\nestimula la producci\u00f3n natural de l\u00edpidos.<br \/>\nefecto nutritivo y m\u00e1xima suavidad para la piel.<\/p>\n<p>&#8211; Mejora el tono de la piel<br \/>\n-&gt;complejo iluminador<br \/>\ncorrige el tono desigual de la piel.<br \/>\ndisminuye las manchas, proporciona una piel radiante y uniforme.<\/p>\n<p>EFECTIVIDAD PROBADA*<br \/>\n&#8211; reducci\u00f3n de arrugas en un 27%<br \/>\n&#8211; mejora de la suavidad de la piel en un 37%<br \/>\n&#8211; rugosidad de la piel reducida en un 39%<\/p>\n<p>*resultados obtenidos despu\u00e9s de 28 d\u00edas de tratamiento<\/p>\n<p>Modo de empleo: Aplicar con peque\u00f1os toquecitos para que se absorba mejor y m\u00e1s r\u00e1pido. Aplicar 2-3 veces por semana.<br \/>\nRecomendado para masajes faciales y de la zona del cuello.<\/p>\n<p>Suitable for vegans.<\/p>\n<\/div>\n<\/div>\n<\/div>\n<\/div>\n<\/div>\n<\/div>\n<\/section>\n<\/div>\n<\/div>\n<\/section>","protected":false},"excerpt":{"rendered":"<p>S\u00e9rum concentrado antiarrugas para el cuidado facial d\u00eda y noche de las pieles maduras de m\u00e1s de 50 a\u00f1os. S\u00e9rum recomendado para piel madura, piel seca o piel con manchas de pigmentaci\u00f3n. &#8211; Mejora la densidad de la piel -&gt;microcol\u00e1geno \/ geniste\u00edna fortalece las fibras de col\u00e1geno y de elastina. reafirma la piel y previene [&hellip;]<\/p>","protected":false},"featured_media":6358,"comment_status":"open","ping_status":"closed","template":"","meta":{"_acf_changed":false,"inline_featured_image":false},"product_cat":[105],"product_tag":[],"genre":[],"class_list":{"0":"post-6307","1":"product","2":"type-product","3":"status-publish","4":"has-post-thumbnail","6":"product_cat-salud","8":"first","9":"instock","10":"taxable","11":"shipping-taxable","12":"purchasable","13":"product-type-simple","14":"add-to-wishlist-after_add_to_cart"},"acf":[],"_links":{"self":[{"href":"https:\/\/compraencieza.es\/en\/wp-json\/wp\/v2\/product\/6307","targetHints":{"allow":["GET"]}}],"collection":[{"href":"https:\/\/compraencieza.es\/en\/wp-json\/wp\/v2\/product"}],"about":[{"href":"https:\/\/compraencieza.es\/en\/wp-json\/wp\/v2\/types\/product"}],"replies":[{"embeddable":true,"href":"https:\/\/compraencieza.es\/en\/wp-json\/wp\/v2\/comments?post=6307"}],"wp:featuredmedia":[{"embeddable":true,"href":"https:\/\/compraencieza.es\/en\/wp-json\/wp\/v2\/media\/6358"}],"wp:attachment":[{"href":"https:\/\/compraencieza.es\/en\/wp-json\/wp\/v2\/media?parent=6307"}],"wp:term":[{"taxonomy":"product_cat","embeddable":true,"href":"https:\/\/compraencieza.es\/en\/wp-json\/wp\/v2\/product_cat?post=6307"},{"taxonomy":"product_tag","embeddable":true,"href":"https:\/\/compraencieza.es\/en\/wp-json\/wp\/v2\/product_tag?post=6307"},{"taxonomy":"product_brand","embeddable":true,"href":"https:\/\/compraencieza.es\/en\/wp-json\/wp\/v2\/genre?post=6307"}],"curies":[{"name":"wp","href":"https:\/\/api.w.org\/{rel}","templated":true}]}}