{"id":6308,"date":"2025-01-10T10:58:41","date_gmt":"2025-01-10T09:58:41","guid":{"rendered":"https:\/\/compraencieza.es\/?post_type=product&#038;p=6308"},"modified":"2025-01-10T11:05:44","modified_gmt":"2025-01-10T10:05:44","slug":"vitamina-c-b3-pack-regalo","status":"publish","type":"product","link":"https:\/\/compraencieza.es\/en\/product\/vitamina-c-b3-pack-regalo\/","title":{"rendered":"Vitamina C.B3 Pack Regalo"},"content":{"rendered":"<p>Vitamina C.B3 Pack Regalo:<\/p>\n<p>Experimenta el secreto de una piel radiante y renovada con este set, dise\u00f1ado para cuidar tanto tu rostro como tu cuerpo. \u00a1Dale a tu piel una experiencia de belleza incomparable!<\/p>\n<p>&nbsp;<\/p>\n<p>Descubre los productos que incluye el Set de Regalo de Vitamina C.B3:<\/p>\n<p>&nbsp;<\/p>\n<p>&#8211; VITAMINA C.B3 NIACINAMIDA T\u00f3nico facial en spray 190ml: T\u00f3nico facial multivitam\u00ednico en spray para todo tipo de pieles, ideal antes y despu\u00e9s del maquillaje. Combina Vitamina C y Niacinamida para iluminar, reducir manchas, minimizar poros y mejorar la textura. Tonifica, hidrata, revitaliza y deja una sensaci\u00f3n fresca con un aroma energizante.<\/p>\n<p>&nbsp;<\/p>\n<p>&#8211; VITAMINA C.B3 NIACINAMIDA Crema facial de d\u00eda revitalizante Wake Me Up 50ml: Crema facial ligera con acabado satinado que revitaliza la piel por la ma\u00f1ana, combina Vitamina C y Niacinamida para iluminar, hidratar y unificar el tono, dejando un brillo juvenil.<\/p>\n<p>&nbsp;<\/p>\n<p>&#8211; VITAMINA C.B3 NIACINAMIDA B\u00e1lsamo corporal regenerador 200ml: B\u00e1lsamo corporal ligero con cuidado multivitam\u00ednico que combina Vitamina C y Niacinamida para iluminar, hidratar y alisar la piel, mejorando su elasticidad y dej\u00e1ndola suave y perfumada.<\/p>\n<p>&nbsp;<\/p>\n<p>El regalo ideal para quienes buscan cuidar su piel con cosm\u00e9ticos de alta calidad y eficacia comprobada. \u00a1Regala luminosidad y juventud para la piel con este exclusivo set!<\/p>","protected":false},"excerpt":{"rendered":"<p>Vitamina C.B3 Pack Regalo: Experimenta el secreto de una piel radiante y renovada con este set, dise\u00f1ado para cuidar tanto tu rostro como tu cuerpo. \u00a1Dale a tu piel una experiencia de belleza incomparable! &nbsp; Descubre los productos que incluye el Set de Regalo de Vitamina C.B3: &nbsp; &#8211; VITAMINA C.B3 NIACINAMIDA T\u00f3nico facial en [&hellip;]<\/p>","protected":false},"featured_media":6359,"comment_status":"open","ping_status":"closed","template":"","meta":{"_acf_changed":false,"inline_featured_image":false},"product_cat":[105],"product_tag":[],"genre":[],"class_list":{"0":"post-6308","1":"product","2":"type-product","3":"status-publish","4":"has-post-thumbnail","6":"product_cat-salud","8":"first","9":"outofstock","10":"taxable","11":"shipping-taxable","12":"purchasable","13":"product-type-simple","14":"add-to-wishlist-after_add_to_cart"},"acf":[],"_links":{"self":[{"href":"https:\/\/compraencieza.es\/en\/wp-json\/wp\/v2\/product\/6308","targetHints":{"allow":["GET"]}}],"collection":[{"href":"https:\/\/compraencieza.es\/en\/wp-json\/wp\/v2\/product"}],"about":[{"href":"https:\/\/compraencieza.es\/en\/wp-json\/wp\/v2\/types\/product"}],"replies":[{"embeddable":true,"href":"https:\/\/compraencieza.es\/en\/wp-json\/wp\/v2\/comments?post=6308"}],"wp:featuredmedia":[{"embeddable":true,"href":"https:\/\/compraencieza.es\/en\/wp-json\/wp\/v2\/media\/6359"}],"wp:attachment":[{"href":"https:\/\/compraencieza.es\/en\/wp-json\/wp\/v2\/media?parent=6308"}],"wp:term":[{"taxonomy":"product_cat","embeddable":true,"href":"https:\/\/compraencieza.es\/en\/wp-json\/wp\/v2\/product_cat?post=6308"},{"taxonomy":"product_tag","embeddable":true,"href":"https:\/\/compraencieza.es\/en\/wp-json\/wp\/v2\/product_tag?post=6308"},{"taxonomy":"product_brand","embeddable":true,"href":"https:\/\/compraencieza.es\/en\/wp-json\/wp\/v2\/genre?post=6308"}],"curies":[{"name":"wp","href":"https:\/\/api.w.org\/{rel}","templated":true}]}}