{"id":6310,"date":"2025-01-10T10:58:41","date_gmt":"2025-01-10T09:58:41","guid":{"rendered":"https:\/\/compraencieza.es\/?post_type=product&#038;p=6310"},"modified":"2025-01-10T11:05:44","modified_gmt":"2025-01-10T10:05:44","slug":"champu-reparador-purificante-300ml","status":"publish","type":"product","link":"https:\/\/compraencieza.es\/en\/product\/champu-reparador-purificante-300ml\/","title":{"rendered":"Purifying Repair Shampoo 300ml"},"content":{"rendered":"<header id=\"header\" class=\"header_header__H4xSA header\">\n<div class=\"promotions-bar_promotions-bar__71yVH promotions-bar\">\n<div id=\"promotions-bar\" class=\"swiper swiper-no-swiping swiper-initialized swiper-horizontal swiper-android basic_swiper__Qag0j promotions-bar-swiper swiper-backface-hidden\">\n<div class=\"swiper-wrapper\">\n<div class=\"swiper-slide swiper-slide-prev\" data-swiper-slide-index=\"2\">\n<div class=\"promotions-bar-item header-font no-time-counter\">\n<p>Champ\u00fa de\u00a0<strong>Salerm<\/strong>\u00a0que ayuda a capturar impurezas y eliminar residuos que podr\u00edan obstruir la fibra capilar, preparando el cabello para procedimientos t\u00e9cnicos.<\/p>\n<p><strong>Characteristics:<\/strong><\/p>\n<p>-Elimina restos e impurezas.<\/p>\n<p>-Abre la cut\u00edcula capilar.<\/p>\n<p>-Tecnolog\u00eda micelar.<\/p>\n<p>-Elaborado con glicerina.<\/p>\n<p>-Libre de siliconas.<\/p>\n<p>-Libre de parabenos.<\/p>\n<p>-Totalmente vegano.<\/p>\n<p>-Especialmente recomendado para aplicaci\u00f3n en el sal\u00f3n y como mantenimiento con tratamientos personalizados seg\u00fan el diagn\u00f3stico del estilista.<\/p>\n<p>-Pro-Tech es la l\u00ednea profesional que sirve como componente complementario durante el tratamiento t\u00e9cnico en el sal\u00f3n, siendo el compa\u00f1ero ideal para un tratamiento -integral del cabello por parte del profesional.<\/p>\n<p>-El colaborador m\u00e1s completo para los servicios t\u00e9cnicos.<\/p>\n<p>-Ofrece posibilidades infinitas y combinaciones personalizadas.<\/p>\n<p>-Desarrolla tus habilidades como profesional experto.<\/p>\n<p><strong>Modo de uso:<\/strong><\/p>\n<p>1. Aplicar sobre el cabello mojado.<\/p>\n<p>2. Realizar un masaje.<\/p>\n<p>3. Enjuagar.<\/p>\n<\/div>\n<\/div>\n<\/div>\n<\/div>\n<\/div>\n<\/header>","protected":false},"excerpt":{"rendered":"<p>Champ\u00fa de\u00a0Salerm\u00a0que ayuda a capturar impurezas y eliminar residuos que podr\u00edan obstruir la fibra capilar, preparando el cabello para procedimientos t\u00e9cnicos. Caracter\u00edsticas: -Elimina restos e impurezas. -Abre la cut\u00edcula capilar. -Tecnolog\u00eda micelar. -Elaborado con glicerina. -Libre de siliconas. -Libre de parabenos. -Totalmente vegano. -Especialmente recomendado para aplicaci\u00f3n en el sal\u00f3n y como mantenimiento con tratamientos [&hellip;]<\/p>","protected":false},"featured_media":6361,"comment_status":"open","ping_status":"closed","template":"","meta":{"_acf_changed":false,"inline_featured_image":false},"product_cat":[105],"product_tag":[],"genre":[],"class_list":{"0":"post-6310","1":"product","2":"type-product","3":"status-publish","4":"has-post-thumbnail","6":"product_cat-salud","8":"first","9":"instock","10":"taxable","11":"shipping-taxable","12":"purchasable","13":"product-type-simple","14":"add-to-wishlist-after_add_to_cart"},"acf":[],"_links":{"self":[{"href":"https:\/\/compraencieza.es\/en\/wp-json\/wp\/v2\/product\/6310","targetHints":{"allow":["GET"]}}],"collection":[{"href":"https:\/\/compraencieza.es\/en\/wp-json\/wp\/v2\/product"}],"about":[{"href":"https:\/\/compraencieza.es\/en\/wp-json\/wp\/v2\/types\/product"}],"replies":[{"embeddable":true,"href":"https:\/\/compraencieza.es\/en\/wp-json\/wp\/v2\/comments?post=6310"}],"wp:featuredmedia":[{"embeddable":true,"href":"https:\/\/compraencieza.es\/en\/wp-json\/wp\/v2\/media\/6361"}],"wp:attachment":[{"href":"https:\/\/compraencieza.es\/en\/wp-json\/wp\/v2\/media?parent=6310"}],"wp:term":[{"taxonomy":"product_cat","embeddable":true,"href":"https:\/\/compraencieza.es\/en\/wp-json\/wp\/v2\/product_cat?post=6310"},{"taxonomy":"product_tag","embeddable":true,"href":"https:\/\/compraencieza.es\/en\/wp-json\/wp\/v2\/product_tag?post=6310"},{"taxonomy":"product_brand","embeddable":true,"href":"https:\/\/compraencieza.es\/en\/wp-json\/wp\/v2\/genre?post=6310"}],"curies":[{"name":"wp","href":"https:\/\/api.w.org\/{rel}","templated":true}]}}