{"id":6311,"date":"2025-01-10T10:58:41","date_gmt":"2025-01-10T09:58:41","guid":{"rendered":"https:\/\/compraencieza.es\/?post_type=product&#038;p=6311"},"modified":"2025-01-10T11:05:44","modified_gmt":"2025-01-10T10:05:44","slug":"tonico-facial-iluminador-vitamina-c-b3","status":"publish","type":"product","link":"https:\/\/compraencieza.es\/en\/product\/tonico-facial-iluminador-vitamina-c-b3\/","title":{"rendered":"T\u00f3nico Facial Iluminador Vitamina C.B3"},"content":{"rendered":"<p>T\u00f3nico iluminador activo para rostro, con \u00e1cido hidra-exfoliante.<\/p>\n<p>&nbsp;<\/p>\n<p>Este producto combina la potencia de la Vitamina C y la Niacinamida, cuya sinergia ilumina la piel, reduce la apariencia de manchas oscuras, minimiza los poros y mejora la textura general de la piel.<\/p>\n<p>&nbsp;<\/p>\n<p>Adem\u00e1s, este t\u00f3nico facial contiene una exclusiva f\u00f3rmula que combina un 1% de [AHA+PHA]. Esta potente mezcla de \u00e1cidos alfa hidroxi\u00e1cidos (AHA) y poli-hidroxi\u00e1cidos (PHA) est\u00e1 dise\u00f1ada para proporcionar una exfoliaci\u00f3n suave pero efectiva, renovando la piel y mejorando su textura. Los AHA, como el \u00e1cido glic\u00f3lico, ayudan a eliminar las c\u00e9lulas muertas de la superficie, mientras que los PHA, como el \u00e1cido lactobi\u00f3nico, ofrecen propiedades antioxidantes y humectantes adicionales. Este d\u00fao din\u00e1mico trabaja en conjunto para minimizar los poros, aclarar las manchas oscuras y suavizar las l\u00edneas finas, dejando la piel radiante y rejuvenecida.<\/p>\n<p>&nbsp;<\/p>\n<p>&#8211; Limpia perfectamente y exfolia suavemente la epidermis, reduciendo la visibilidad de los puntos negros.<\/p>\n<p>&#8211; Trabaja suavemente sin riesgo de irritaci\u00f3n de la piel. Alisa y revitaliza.<\/p>\n<p>&#8211; Restaura la energ\u00eda de la piel y aporta vitaminas.<\/p>\n<p>&#8211; Deja una agradable sensaci\u00f3n de frescor.<\/p>\n<p>&#8211; No contiene alcohol.<\/p>\n<p>&#8211; Recomendado para pieles maduras, apagadas, mixtas y grasas.<\/p>\n<p>&nbsp;<\/p>\n<p>Ingredientes principales: niacinamida, vitamina C, \u00e1cido lactobi\u00f3nico, \u00e1cidos frutales: l\u00e1ctico, c\u00edtrico, glic\u00f3lico, maleico y tart\u00e1rico, obtenido de extracto de fruta de la pasi\u00f3n, az\u00facar de ca\u00f1a.<\/p>\n<p>Apto a partir de 20 a\u00f1os.<\/p>\n<p>&nbsp;<\/p>\n<p>DIRECTIONS FOR USE:<\/p>\n<p>Aplicar sobre un disco de algod\u00f3n y limpiar la piel. Evitar el contorno de ojos. Recomendado para la noche, 2-3 veces a la semana.<\/p>\n<p>&nbsp;<\/p>\n<p>&nbsp;<\/p>\n<p>L\u00ednea Vitamina C.B3 Niacinamida: Una selecci\u00f3n de 8 cosm\u00e9ticos veganos para el cuidado del rostro y el cuerpo dise\u00f1ados con la tendencia flash effect, es decir, una revitalizaci\u00f3n intensiva de la piel basada en rituales cortos y sin m\u00faltiples etapas que pueden realizarse por la ma\u00f1ana despu\u00e9s de despertarse y antes de acostarse como parte de la regeneraci\u00f3n nocturna de la piel.<\/p>","protected":false},"excerpt":{"rendered":"<p>T\u00f3nico iluminador activo para rostro, con \u00e1cido hidra-exfoliante. &nbsp; Este producto combina la potencia de la Vitamina C y la Niacinamida, cuya sinergia ilumina la piel, reduce la apariencia de manchas oscuras, minimiza los poros y mejora la textura general de la piel. &nbsp; Adem\u00e1s, este t\u00f3nico facial contiene una exclusiva f\u00f3rmula que combina un [&hellip;]<\/p>","protected":false},"featured_media":6367,"comment_status":"open","ping_status":"closed","template":"","meta":{"_acf_changed":false,"inline_featured_image":false},"product_cat":[105],"product_tag":[],"genre":[],"class_list":{"0":"post-6311","1":"product","2":"type-product","3":"status-publish","4":"has-post-thumbnail","6":"product_cat-salud","8":"first","9":"instock","10":"taxable","11":"shipping-taxable","12":"purchasable","13":"product-type-simple","14":"add-to-wishlist-after_add_to_cart"},"acf":[],"_links":{"self":[{"href":"https:\/\/compraencieza.es\/en\/wp-json\/wp\/v2\/product\/6311","targetHints":{"allow":["GET"]}}],"collection":[{"href":"https:\/\/compraencieza.es\/en\/wp-json\/wp\/v2\/product"}],"about":[{"href":"https:\/\/compraencieza.es\/en\/wp-json\/wp\/v2\/types\/product"}],"replies":[{"embeddable":true,"href":"https:\/\/compraencieza.es\/en\/wp-json\/wp\/v2\/comments?post=6311"}],"wp:featuredmedia":[{"embeddable":true,"href":"https:\/\/compraencieza.es\/en\/wp-json\/wp\/v2\/media\/6367"}],"wp:attachment":[{"href":"https:\/\/compraencieza.es\/en\/wp-json\/wp\/v2\/media?parent=6311"}],"wp:term":[{"taxonomy":"product_cat","embeddable":true,"href":"https:\/\/compraencieza.es\/en\/wp-json\/wp\/v2\/product_cat?post=6311"},{"taxonomy":"product_tag","embeddable":true,"href":"https:\/\/compraencieza.es\/en\/wp-json\/wp\/v2\/product_tag?post=6311"},{"taxonomy":"product_brand","embeddable":true,"href":"https:\/\/compraencieza.es\/en\/wp-json\/wp\/v2\/genre?post=6311"}],"curies":[{"name":"wp","href":"https:\/\/api.w.org\/{rel}","templated":true}]}}