{"id":6312,"date":"2025-01-10T10:58:41","date_gmt":"2025-01-10T09:58:41","guid":{"rendered":"https:\/\/compraencieza.es\/?post_type=product&#038;p=6312"},"modified":"2025-01-10T11:05:44","modified_gmt":"2025-01-10T10:05:44","slug":"gel-de-ducha-y-champu","status":"publish","type":"product","link":"https:\/\/compraencieza.es\/en\/product\/gel-de-ducha-y-champu\/","title":{"rendered":"Shower Gel and Shampoo"},"content":{"rendered":"<header id=\"header\" class=\"desktop-header-style-w-2\">\n<div id=\"mobile-header\" class=\"mobile-header-style-3\">\n<div class=\"sticky-mobile-wrapper\">\n<div id=\"mobile-header-sticky\" class=\"stuck stuck-down\">\n<div class=\"mobile-buttons-bar\">\n<div class=\"container\">\n<div class=\"row no-gutters align-items-center row-mobile-buttons\">\n<div id=\"mobile-btn-search\" class=\"col col-mobile-btn col-mobile-btn-search text-center\"><\/div>\n<\/div>\n<\/div>\n<\/div>\n<\/div>\n<\/div>\n<\/div>\n<\/header>\n<section id=\"wrapper\">\n<div id=\"inner-wrapper\" class=\"container\">\n<div id=\"content-wrapper\">\n<section id=\"main\">\n<div id=\"main-product-wrapper\">\n<div class=\"tabs product-tabs\">\n<p>Gel de ducha y champ\u00fa 3 en 1 para rostro, cuerpo y cabello.<\/p>\n<div id=\"product-infos-tabs-content\" class=\"tab-content\">\n<div id=\"description\" class=\"tab-pane in active\">\n<div class=\"product-description\">\n<div class=\"rte-content\">\n<p>Limpia suavemente la piel y el cabello proporcionando sensaci\u00f3n de frescor y relajaci\u00f3n.<br \/>\nNo afecta el pH natural de la piel.<br \/>\nTiene un agradable aroma. Perfecto para un momento de spa en casa.<\/p>\n<p>100ml<\/p>\n<p>Formulaci\u00f3n micelar.<br \/>\nContiene cafe\u00edna, extracto de higo, manteca de illipe, s\u00edlice e inulina.<\/p>\n<p>MODO DE EMPLEO: Aplicar el gel sobre el cabello y el cuero cabelludo humedecido, en rostro o cuerpo. Masajear hasta crear espuma. Enjuagar bien con agua tibia.<\/p>\n<\/div>\n<\/div>\n<\/div>\n<\/div>\n<\/div>\n<\/div>\n<\/section>\n<\/div>\n<\/div>\n<\/section>","protected":false},"excerpt":{"rendered":"<p>Gel de ducha y champ\u00fa 3 en 1 para rostro, cuerpo y cabello. Limpia suavemente la piel y el cabello proporcionando sensaci\u00f3n de frescor y relajaci\u00f3n. No afecta el pH natural de la piel. Tiene un agradable aroma. Perfecto para un momento de spa en casa. 100ml Formulaci\u00f3n micelar. Contiene cafe\u00edna, extracto de higo, manteca [&hellip;]<\/p>","protected":false},"featured_media":6368,"comment_status":"open","ping_status":"closed","template":"","meta":{"_acf_changed":false,"inline_featured_image":false},"product_cat":[105],"product_tag":[],"genre":[],"class_list":{"0":"post-6312","1":"product","2":"type-product","3":"status-publish","4":"has-post-thumbnail","6":"product_cat-salud","8":"first","9":"onbackorder","10":"taxable","11":"shipping-taxable","12":"purchasable","13":"product-type-simple","14":"add-to-wishlist-after_add_to_cart"},"acf":[],"_links":{"self":[{"href":"https:\/\/compraencieza.es\/en\/wp-json\/wp\/v2\/product\/6312","targetHints":{"allow":["GET"]}}],"collection":[{"href":"https:\/\/compraencieza.es\/en\/wp-json\/wp\/v2\/product"}],"about":[{"href":"https:\/\/compraencieza.es\/en\/wp-json\/wp\/v2\/types\/product"}],"replies":[{"embeddable":true,"href":"https:\/\/compraencieza.es\/en\/wp-json\/wp\/v2\/comments?post=6312"}],"wp:featuredmedia":[{"embeddable":true,"href":"https:\/\/compraencieza.es\/en\/wp-json\/wp\/v2\/media\/6368"}],"wp:attachment":[{"href":"https:\/\/compraencieza.es\/en\/wp-json\/wp\/v2\/media?parent=6312"}],"wp:term":[{"taxonomy":"product_cat","embeddable":true,"href":"https:\/\/compraencieza.es\/en\/wp-json\/wp\/v2\/product_cat?post=6312"},{"taxonomy":"product_tag","embeddable":true,"href":"https:\/\/compraencieza.es\/en\/wp-json\/wp\/v2\/product_tag?post=6312"},{"taxonomy":"product_brand","embeddable":true,"href":"https:\/\/compraencieza.es\/en\/wp-json\/wp\/v2\/genre?post=6312"}],"curies":[{"name":"wp","href":"https:\/\/api.w.org\/{rel}","templated":true}]}}