{"id":6319,"date":"2025-01-10T10:59:06","date_gmt":"2025-01-10T09:59:06","guid":{"rendered":"https:\/\/compraencieza.es\/?post_type=product&#038;p=6319"},"modified":"2025-01-10T11:05:44","modified_gmt":"2025-01-10T10:05:44","slug":"serum-corporal-anticelulitico","status":"publish","type":"product","link":"https:\/\/compraencieza.es\/en\/product\/serum-corporal-anticelulitico\/","title":{"rendered":"S\u00e9rum Corporal Anticelul\u00edtico"},"content":{"rendered":"<p>\u00adSerum corporal hidratante reafirmante y anticelul\u00edtico.<\/p>\n<p>Su f\u00f3rmula concentrada hidrata intensamente, reafirma y proporciona elasticidad a la piel. Enriquecido con s\u00edlice y \u00e1cido alg\u00ednico, suaviza la piel notablemente. Tiene un agradable aroma a mango. Perfecto para un momento de spa en casa.<\/p>\n<p>Contiene un 95% de ingredientes de origen natural.<\/p>\n<p>MODO DE EMPLEO: Masajear suavemente sobre la piel y dejar actuar hasta su total absorci\u00f3n. Apto para uso diario.<\/p>\n<p>\u00a1Vegan friendly!<\/p>\n<hr \/>\n<p>&nbsp;<\/p>","protected":false},"excerpt":{"rendered":"<p>\u00adSerum corporal hidratante reafirmante y anticelul\u00edtico. Su f\u00f3rmula concentrada hidrata intensamente, reafirma y proporciona elasticidad a la piel. Enriquecido con s\u00edlice y \u00e1cido alg\u00ednico, suaviza la piel notablemente. Tiene un agradable aroma a mango. Perfecto para un momento de spa en casa. Contiene un 95% de ingredientes de origen natural. MODO DE EMPLEO: Masajear suavemente [&hellip;]<\/p>","protected":false},"featured_media":6369,"comment_status":"open","ping_status":"closed","template":"","meta":{"_acf_changed":false,"inline_featured_image":false},"product_cat":[105],"product_tag":[],"genre":[],"class_list":{"0":"post-6319","1":"product","2":"type-product","3":"status-publish","4":"has-post-thumbnail","6":"product_cat-salud","8":"first","9":"instock","10":"taxable","11":"shipping-taxable","12":"purchasable","13":"product-type-simple","14":"add-to-wishlist-after_add_to_cart"},"acf":[],"_links":{"self":[{"href":"https:\/\/compraencieza.es\/en\/wp-json\/wp\/v2\/product\/6319","targetHints":{"allow":["GET"]}}],"collection":[{"href":"https:\/\/compraencieza.es\/en\/wp-json\/wp\/v2\/product"}],"about":[{"href":"https:\/\/compraencieza.es\/en\/wp-json\/wp\/v2\/types\/product"}],"replies":[{"embeddable":true,"href":"https:\/\/compraencieza.es\/en\/wp-json\/wp\/v2\/comments?post=6319"}],"wp:featuredmedia":[{"embeddable":true,"href":"https:\/\/compraencieza.es\/en\/wp-json\/wp\/v2\/media\/6369"}],"wp:attachment":[{"href":"https:\/\/compraencieza.es\/en\/wp-json\/wp\/v2\/media?parent=6319"}],"wp:term":[{"taxonomy":"product_cat","embeddable":true,"href":"https:\/\/compraencieza.es\/en\/wp-json\/wp\/v2\/product_cat?post=6319"},{"taxonomy":"product_tag","embeddable":true,"href":"https:\/\/compraencieza.es\/en\/wp-json\/wp\/v2\/product_tag?post=6319"},{"taxonomy":"product_brand","embeddable":true,"href":"https:\/\/compraencieza.es\/en\/wp-json\/wp\/v2\/genre?post=6319"}],"curies":[{"name":"wp","href":"https:\/\/api.w.org\/{rel}","templated":true}]}}