{"id":6320,"date":"2025-01-10T10:59:06","date_gmt":"2025-01-10T09:59:06","guid":{"rendered":"https:\/\/compraencieza.es\/?post_type=product&#038;p=6320"},"modified":"2025-01-10T11:05:44","modified_gmt":"2025-01-10T10:05:44","slug":"pomada-baby","status":"publish","type":"product","link":"https:\/\/compraencieza.es\/en\/product\/pomada-baby\/","title":{"rendered":"Pomada Baby"},"content":{"rendered":"<p>Pomada para el pa\u00f1al antipicores para reci\u00e9n nacidos y ni\u00f1os que ayuda a aliviar la irritaci\u00f3n causada por el roce del pa\u00f1al.<\/p>\n<p>&nbsp;<\/p>\n<p>ACTION:<\/p>\n<p>&#8211; Previene la dermatitis del pa\u00f1al.<\/p>\n<p>&#8211; Crea una capa protectora sobre la piel<\/p>\n<p>&#8211; Una excelente barrera para la humedad.<\/p>\n<p>&#8211; Alivia rozaduras, irritaciones y rojeces de la epidermis.<\/p>\n<p>&#8211; Reduce la tendencia a su formaci\u00f3n.<\/p>\n<p>&nbsp;<\/p>\n<p>No es un producto apto para veganos.<\/p>\n<p>&nbsp;<\/p>\n<p>Ingredientes activos: vitamina F, vitamina E, \u00f3xido de zinc, provitamina B5 (d-panthenol), extracto de algod\u00f3n, lanolina.<\/p>\n<p>&nbsp;<\/p>\n<ul>\n<li>Modo de empleo: Aplicar crema en el culito del beb\u00e9 y en los lugares propensos a enrojecerse. Para u<!--more-->so frecuente.<\/li>\n<\/ul>","protected":false},"excerpt":{"rendered":"<p>Pomada para el pa\u00f1al antipicores para reci\u00e9n nacidos y ni\u00f1os que ayuda a aliviar la irritaci\u00f3n causada por el roce del pa\u00f1al. &nbsp; ACCI\u00d3N: &#8211; Previene la dermatitis del pa\u00f1al. &#8211; Crea una capa protectora sobre la piel &#8211; Una excelente barrera para la humedad. &#8211; Alivia rozaduras, irritaciones y rojeces de la epidermis. &#8211; [&hellip;]<\/p>","protected":false},"featured_media":6370,"comment_status":"open","ping_status":"closed","template":"","meta":{"_acf_changed":false,"inline_featured_image":false},"product_cat":[105],"product_tag":[],"genre":[],"class_list":{"0":"post-6320","1":"product","2":"type-product","3":"status-publish","4":"has-post-thumbnail","6":"product_cat-salud","8":"first","9":"instock","10":"taxable","11":"shipping-taxable","12":"purchasable","13":"product-type-simple","14":"add-to-wishlist-after_add_to_cart"},"acf":[],"_links":{"self":[{"href":"https:\/\/compraencieza.es\/en\/wp-json\/wp\/v2\/product\/6320","targetHints":{"allow":["GET"]}}],"collection":[{"href":"https:\/\/compraencieza.es\/en\/wp-json\/wp\/v2\/product"}],"about":[{"href":"https:\/\/compraencieza.es\/en\/wp-json\/wp\/v2\/types\/product"}],"replies":[{"embeddable":true,"href":"https:\/\/compraencieza.es\/en\/wp-json\/wp\/v2\/comments?post=6320"}],"wp:featuredmedia":[{"embeddable":true,"href":"https:\/\/compraencieza.es\/en\/wp-json\/wp\/v2\/media\/6370"}],"wp:attachment":[{"href":"https:\/\/compraencieza.es\/en\/wp-json\/wp\/v2\/media?parent=6320"}],"wp:term":[{"taxonomy":"product_cat","embeddable":true,"href":"https:\/\/compraencieza.es\/en\/wp-json\/wp\/v2\/product_cat?post=6320"},{"taxonomy":"product_tag","embeddable":true,"href":"https:\/\/compraencieza.es\/en\/wp-json\/wp\/v2\/product_tag?post=6320"},{"taxonomy":"product_brand","embeddable":true,"href":"https:\/\/compraencieza.es\/en\/wp-json\/wp\/v2\/genre?post=6320"}],"curies":[{"name":"wp","href":"https:\/\/api.w.org\/{rel}","templated":true}]}}