{"id":6324,"date":"2025-01-10T10:59:06","date_gmt":"2025-01-10T09:59:06","guid":{"rendered":"https:\/\/compraencieza.es\/?post_type=product&#038;p=6324"},"modified":"2025-01-10T11:05:44","modified_gmt":"2025-01-10T10:05:44","slug":"baby-body-and-hair-shower","status":"publish","type":"product","link":"https:\/\/compraencieza.es\/en\/product\/baby-body-and-hair-shower\/","title":{"rendered":"Baby Body and Hair Shower"},"content":{"rendered":"<p>Ziaja Baby.<\/p>\n<p>Vegan product.<\/p>\n<p>98% of ingredients of natural origin.<\/p>\n<p>Age: +6 months.<\/p>\n<p>&nbsp;<\/p>\n<p>2-in-1 shower gel and shampoo specially formulated to not irritate the eyes. For the body and hair of babies from 6 months of age. Ideal for babies with thin, delicate, dry skin or sensitive scalp.<\/p>\n<p>&nbsp;<\/p>\n<p>ACTION:<\/p>\n<p>\u2013 Gently cleanses skin and hair preventing dry skin.<\/p>\n<p>\u2013 It does not damage the skin\u2019s natural protective layer, but rather cares for and protects it.<\/p>\n<p>\u2013 It does not cause irritation and is specially formulated not to irritate the eyes.<\/p>\n<p>\u2013 Makes hair easier to comb.<\/p>\n<p>&nbsp;<\/p>\n<p>Active ingredients: provitamin B5 (d-panthenol), chamomile extract.<\/p>\n<p>Does not contain liquid paraffin.<\/p>\n<p>&nbsp;<\/p>\n<p>Directions for use: Apply a small amount to damp body or hair and massage in. Rinse with warm water.<\/p>","protected":false},"excerpt":{"rendered":"<p>Ziaja Baby. Producto vegano. 98% de ingredientes de origen natural. Edad: +6 meses. &nbsp; Gel de ducha y champ\u00fa 2 en 1 especialmente formulado para no irritar los ojos. Para el cuerpo y el cabello de beb\u00e9s a partir de 6 meses de edad. Ideal para beb\u00e9s con piel fina, delicada, seca o cuero cabelludo [&hellip;]<\/p>","protected":false},"featured_media":6379,"comment_status":"open","ping_status":"closed","template":"","meta":{"_acf_changed":false,"inline_featured_image":false},"product_cat":[105],"product_tag":[],"genre":[],"class_list":{"0":"post-6324","1":"product","2":"type-product","3":"status-publish","4":"has-post-thumbnail","6":"product_cat-salud","8":"first","9":"instock","10":"taxable","11":"shipping-taxable","12":"purchasable","13":"product-type-simple","14":"add-to-wishlist-after_add_to_cart"},"acf":[],"_links":{"self":[{"href":"https:\/\/compraencieza.es\/en\/wp-json\/wp\/v2\/product\/6324","targetHints":{"allow":["GET"]}}],"collection":[{"href":"https:\/\/compraencieza.es\/en\/wp-json\/wp\/v2\/product"}],"about":[{"href":"https:\/\/compraencieza.es\/en\/wp-json\/wp\/v2\/types\/product"}],"replies":[{"embeddable":true,"href":"https:\/\/compraencieza.es\/en\/wp-json\/wp\/v2\/comments?post=6324"}],"wp:featuredmedia":[{"embeddable":true,"href":"https:\/\/compraencieza.es\/en\/wp-json\/wp\/v2\/media\/6379"}],"wp:attachment":[{"href":"https:\/\/compraencieza.es\/en\/wp-json\/wp\/v2\/media?parent=6324"}],"wp:term":[{"taxonomy":"product_cat","embeddable":true,"href":"https:\/\/compraencieza.es\/en\/wp-json\/wp\/v2\/product_cat?post=6324"},{"taxonomy":"product_tag","embeddable":true,"href":"https:\/\/compraencieza.es\/en\/wp-json\/wp\/v2\/product_tag?post=6324"},{"taxonomy":"product_brand","embeddable":true,"href":"https:\/\/compraencieza.es\/en\/wp-json\/wp\/v2\/genre?post=6324"}],"curies":[{"name":"wp","href":"https:\/\/api.w.org\/{rel}","templated":true}]}}