{"id":6330,"date":"2025-01-10T10:59:27","date_gmt":"2025-01-10T09:59:27","guid":{"rendered":"https:\/\/compraencieza.es\/?post_type=product&#038;p=6330"},"modified":"2025-01-10T11:05:44","modified_gmt":"2025-01-10T10:05:44","slug":"mascarilla-restauradora-global-restore","status":"publish","type":"product","link":"https:\/\/compraencieza.es\/en\/product\/mascarilla-restauradora-global-restore\/","title":{"rendered":"Global Restore Restorative Mask"},"content":{"rendered":"<p>Mascarilla de reestructuraci\u00f3n del cabello. Restaura y fortalece el cabello, enriquecido con Queratina Hidrolizada.<\/p>\n<p><b>PRINCIPIOS ACTIVOS:<\/b><\/p>\n<p>Queratina Hidrolizada: Restaura y acondiciona el cabello.<\/p>\n<p>Prote\u00ednas de Seda: Aporta brillo y suavidad, creando una pel\u00edcula protectora que impide que se da\u00f1e el cabello.<\/p>\n<p><b>CARACTER\u00cdSTICAS:<\/b><\/p>\n<p>Reestructura el cabello intensamente.<\/p>\n<p>Rellena y reconstruye la fibra capilar.<\/p>\n<p>Hidrata y acondiciona en profundidad.<\/p>\n<p><b>ESPECIALMENTE INDICADO PARA:<\/b><\/p>\n<p>Cabellos estropeados<\/p>\n<p>Cabellos secos<\/p>\n<p>Cabellos con mechas<\/p>\n<p>Cabellos coloreados<\/p>\n<p><b>DIRECTIONS FOR USE:<\/b><\/p>\n<p>Aplicar sobre el cabello h\u00famedo, previamente lavado, dejar actuar 10 minutos y aclarar abundantemente. Para multiplicar su efecto podemos mezclar con una ampollas Flash Repair y aplicar calor.<\/p>","protected":false},"excerpt":{"rendered":"<p>Mascarilla de reestructuraci\u00f3n del cabello. Restaura y fortalece el cabello, enriquecido con Queratina Hidrolizada. PRINCIPIOS ACTIVOS: Queratina Hidrolizada: Restaura y acondiciona el cabello. Prote\u00ednas de Seda: Aporta brillo y suavidad, creando una pel\u00edcula protectora que impide que se da\u00f1e el cabello. CARACTER\u00cdSTICAS: Reestructura el cabello intensamente. Rellena y reconstruye la fibra capilar. Hidrata y acondiciona [&hellip;]<\/p>","protected":false},"featured_media":6380,"comment_status":"open","ping_status":"closed","template":"","meta":{"_acf_changed":false,"inline_featured_image":false},"product_cat":[105],"product_tag":[],"genre":[],"class_list":{"0":"post-6330","1":"product","2":"type-product","3":"status-publish","4":"has-post-thumbnail","6":"product_cat-salud","8":"first","9":"outofstock","10":"taxable","11":"shipping-taxable","12":"purchasable","13":"product-type-simple","14":"add-to-wishlist-after_add_to_cart"},"acf":[],"_links":{"self":[{"href":"https:\/\/compraencieza.es\/en\/wp-json\/wp\/v2\/product\/6330","targetHints":{"allow":["GET"]}}],"collection":[{"href":"https:\/\/compraencieza.es\/en\/wp-json\/wp\/v2\/product"}],"about":[{"href":"https:\/\/compraencieza.es\/en\/wp-json\/wp\/v2\/types\/product"}],"replies":[{"embeddable":true,"href":"https:\/\/compraencieza.es\/en\/wp-json\/wp\/v2\/comments?post=6330"}],"wp:featuredmedia":[{"embeddable":true,"href":"https:\/\/compraencieza.es\/en\/wp-json\/wp\/v2\/media\/6380"}],"wp:attachment":[{"href":"https:\/\/compraencieza.es\/en\/wp-json\/wp\/v2\/media?parent=6330"}],"wp:term":[{"taxonomy":"product_cat","embeddable":true,"href":"https:\/\/compraencieza.es\/en\/wp-json\/wp\/v2\/product_cat?post=6330"},{"taxonomy":"product_tag","embeddable":true,"href":"https:\/\/compraencieza.es\/en\/wp-json\/wp\/v2\/product_tag?post=6330"},{"taxonomy":"product_brand","embeddable":true,"href":"https:\/\/compraencieza.es\/en\/wp-json\/wp\/v2\/genre?post=6330"}],"curies":[{"name":"wp","href":"https:\/\/api.w.org\/{rel}","templated":true}]}}