{"id":6334,"date":"2025-01-10T10:59:27","date_gmt":"2025-01-10T09:59:27","guid":{"rendered":"https:\/\/compraencieza.es\/?post_type=product&#038;p=6334"},"modified":"2025-01-10T11:05:44","modified_gmt":"2025-01-10T10:05:44","slug":"champu-reparador-global-repair","status":"publish","type":"product","link":"https:\/\/compraencieza.es\/en\/product\/champu-reparador-global-repair\/","title":{"rendered":"Champ\u00fa Reparador Global Repair"},"content":{"rendered":"<p>Champ\u00fa que nutre en profundidad rellenando y reconstruyendo la fibra capilar. Repara y fortalece el cabello da\u00f1ado por excesos qu\u00edmicos o uso excesivo del calor.<\/p>\n<p><strong>PRINCIPIOS ACTIVOS:<\/strong><\/p>\n<p>Keravis: Complejo de prote\u00ednas que penetran en la corteza del cabello generando fuerza desde el interior a la vez que protege el cabello creando una pel\u00edcula sobre \u00e9l. Estas propiedades se combinan para fortalecer el cabello y reducir sus da\u00f1os.<\/p>\n<p><strong>CARACTER\u00cdSTICAS:<\/strong><\/p>\n<p>Repara y fortalece el cabello da\u00f1ado.<strong><br \/>\n<\/strong><\/p>\n<p>Regenera, rellena y reconstruye.<\/p>\n<p>Mejora la elasticidad y densidad del cabello.<\/p>\n<p><b>INDICADO PARA:\u00a0<\/b><\/p>\n<p>Cabellos estropeados<\/p>\n<p>Cabellos castigados<\/p>\n<p>Cabellos con mechas<\/p>\n<p>Cabellos decolorados<\/p>\n<p>Cabellos quebradizos<\/p>\n<p><strong>MODO DE USO:<\/strong><\/p>\n<p>Aplicar sobre el cabello mojado, masajear hasta conseguir una espuma densa y aclarar abundantemente.<\/p>","protected":false},"excerpt":{"rendered":"<p>Champ\u00fa que nutre en profundidad rellenando y reconstruyendo la fibra capilar. Repara y fortalece el cabello da\u00f1ado por excesos qu\u00edmicos o uso excesivo del calor. PRINCIPIOS ACTIVOS: Keravis: Complejo de prote\u00ednas que penetran en la corteza del cabello generando fuerza desde el interior a la vez que protege el cabello creando una pel\u00edcula sobre \u00e9l. [&hellip;]<\/p>","protected":false},"featured_media":6389,"comment_status":"open","ping_status":"closed","template":"","meta":{"_acf_changed":false,"inline_featured_image":false},"product_cat":[105],"product_tag":[],"genre":[],"class_list":{"0":"post-6334","1":"product","2":"type-product","3":"status-publish","4":"has-post-thumbnail","6":"product_cat-salud","8":"first","9":"instock","10":"taxable","11":"shipping-taxable","12":"purchasable","13":"product-type-simple","14":"add-to-wishlist-after_add_to_cart"},"acf":[],"_links":{"self":[{"href":"https:\/\/compraencieza.es\/en\/wp-json\/wp\/v2\/product\/6334","targetHints":{"allow":["GET"]}}],"collection":[{"href":"https:\/\/compraencieza.es\/en\/wp-json\/wp\/v2\/product"}],"about":[{"href":"https:\/\/compraencieza.es\/en\/wp-json\/wp\/v2\/types\/product"}],"replies":[{"embeddable":true,"href":"https:\/\/compraencieza.es\/en\/wp-json\/wp\/v2\/comments?post=6334"}],"wp:featuredmedia":[{"embeddable":true,"href":"https:\/\/compraencieza.es\/en\/wp-json\/wp\/v2\/media\/6389"}],"wp:attachment":[{"href":"https:\/\/compraencieza.es\/en\/wp-json\/wp\/v2\/media?parent=6334"}],"wp:term":[{"taxonomy":"product_cat","embeddable":true,"href":"https:\/\/compraencieza.es\/en\/wp-json\/wp\/v2\/product_cat?post=6334"},{"taxonomy":"product_tag","embeddable":true,"href":"https:\/\/compraencieza.es\/en\/wp-json\/wp\/v2\/product_tag?post=6334"},{"taxonomy":"product_brand","embeddable":true,"href":"https:\/\/compraencieza.es\/en\/wp-json\/wp\/v2\/genre?post=6334"}],"curies":[{"name":"wp","href":"https:\/\/api.w.org\/{rel}","templated":true}]}}