{"id":6341,"date":"2025-01-10T10:59:49","date_gmt":"2025-01-10T09:59:49","guid":{"rendered":"https:\/\/compraencieza.es\/?post_type=product&#038;p=6341"},"modified":"2025-01-10T11:05:43","modified_gmt":"2025-01-10T10:05:43","slug":"lip-gloss-pina","status":"publish","type":"product","link":"https:\/\/compraencieza.es\/en\/product\/lip-gloss-pina\/","title":{"rendered":"Lip Gloss Pi\u00f1a"},"content":{"rendered":"<p>&nbsp;<\/p>\n<hr \/>\n<p>Producto vegano de textura intensa, espesa y agradable con aroma y sabor a pi\u00f1a tropical. Suaviza, nutre e ilumina sutilmente.<\/p>\n<ol>\n<li>Un brillo de labios dulce con una textura espesa y agradable. Con ingredientes nutritivos y aroma tropical a pi\u00f1a, este b\u00e1lsamo proporciona un brillo natura a los labios.<\/li>\n<\/ol>\n<p>ACCI\u00d3N<\/p>\n<ol>\n<li>&#8211; Se integra f\u00e1cilmente en los labios.<\/li>\n<li>&#8211; Suaviza y nutre los labios.<\/li>\n<li>&#8211; Ilumina sutilmente.<\/li>\n<li>&#8211; Huele y sabe a fresco.<\/li>\n<li>&#8211; F\u00e1cil de usar.<\/li>\n<li>&#8211; No es pegajoso.<\/li>\n<li>\u00bfCu\u00e1l es tu d\u00fao de exfoliante + brillo labial favorito? \u00bfTal vez prefieres combinar la jugosidad de la sand\u00eda con la dulzura de la ciruela mirabelle? \u00bfO crear una mezcla tropical de pi\u00f1a y mango?<\/li>\n<li>\u00a1Disfruta de los 4 brillos y los 4 exfoliantes labiales con deliciosos aromas y cuida de tus labios a diario!\u00ad<\/li>\n<li>MODO DE EMPLEO: Aplicar la cantidad deseada de brillo sobre los labios.<\/li>\n<li>INGREDIENTES ACTIVOS: ACEITE DE JOJOBA, CERA MICROCRISTALINA.<\/li>\n<li>INCIS: Paraffinum Liquidum (aceite mineral), copol\u00edmero de etileno\/propileno\/estireno, copol\u00edmero de butileno\/etileno\/estireno, Cera Microcristallina (cera microcristalina), aceite de semilla de Simmondsia Chinensis (jojoba), isohexadecano, perfume (fragancia), limoneno, citral, sorbitol, sint\u00e9tico Fluorflogopita, CI 77891 (di\u00f3xido de titanio), \u00f3xido de esta\u00f1o, sacarina s\u00f3dica.<\/li>\n<\/ol>\n<p><!--more--><\/p>","protected":false},"excerpt":{"rendered":"<p>&nbsp; Producto vegano de textura intensa, espesa y agradable con aroma y sabor a pi\u00f1a tropical. Suaviza, nutre e ilumina sutilmente. Un brillo de labios dulce con una textura espesa y agradable. Con ingredientes nutritivos y aroma tropical a pi\u00f1a, este b\u00e1lsamo proporciona un brillo natura a los labios. ACCI\u00d3N &#8211; Se integra f\u00e1cilmente en [&hellip;]<\/p>","protected":false},"featured_media":6391,"comment_status":"open","ping_status":"closed","template":"","meta":{"_acf_changed":false,"inline_featured_image":false},"product_cat":[105],"product_tag":[],"genre":[],"class_list":{"0":"post-6341","1":"product","2":"type-product","3":"status-publish","4":"has-post-thumbnail","6":"product_cat-salud","8":"first","9":"onbackorder","10":"taxable","11":"shipping-taxable","12":"purchasable","13":"product-type-simple","14":"add-to-wishlist-after_add_to_cart"},"acf":[],"_links":{"self":[{"href":"https:\/\/compraencieza.es\/en\/wp-json\/wp\/v2\/product\/6341","targetHints":{"allow":["GET"]}}],"collection":[{"href":"https:\/\/compraencieza.es\/en\/wp-json\/wp\/v2\/product"}],"about":[{"href":"https:\/\/compraencieza.es\/en\/wp-json\/wp\/v2\/types\/product"}],"replies":[{"embeddable":true,"href":"https:\/\/compraencieza.es\/en\/wp-json\/wp\/v2\/comments?post=6341"}],"wp:featuredmedia":[{"embeddable":true,"href":"https:\/\/compraencieza.es\/en\/wp-json\/wp\/v2\/media\/6391"}],"wp:attachment":[{"href":"https:\/\/compraencieza.es\/en\/wp-json\/wp\/v2\/media?parent=6341"}],"wp:term":[{"taxonomy":"product_cat","embeddable":true,"href":"https:\/\/compraencieza.es\/en\/wp-json\/wp\/v2\/product_cat?post=6341"},{"taxonomy":"product_tag","embeddable":true,"href":"https:\/\/compraencieza.es\/en\/wp-json\/wp\/v2\/product_tag?post=6341"},{"taxonomy":"product_brand","embeddable":true,"href":"https:\/\/compraencieza.es\/en\/wp-json\/wp\/v2\/genre?post=6341"}],"curies":[{"name":"wp","href":"https:\/\/api.w.org\/{rel}","templated":true}]}}