{"id":6342,"date":"2025-01-10T10:59:49","date_gmt":"2025-01-10T09:59:49","guid":{"rendered":"https:\/\/compraencieza.es\/?post_type=product&#038;p=6342"},"modified":"2025-01-10T11:05:43","modified_gmt":"2025-01-10T10:05:43","slug":"champu-preparador-purificante-1200ml","status":"publish","type":"product","link":"https:\/\/compraencieza.es\/en\/product\/champu-preparador-purificante-1200ml\/","title":{"rendered":"Champ\u00fa Preparador Purificante 1200ml"},"content":{"rendered":"<h4>Champ\u00fa Preparador Purificante HAIRLAB PRO-TECH Purifiyng Primer Salerm 1200ml<\/h4>\n<p><strong>Champ\u00fa micelar purificante y\u00a0<\/strong><strong>antidep\u00f3sito<\/strong>. Ayuda a captar impurezas y eliminar residuos que puedan obstruir la fibra capilar, preparando el cabello para el servicio t\u00e9cnico.<\/p>\n<ul>\n<li>Elimina residuos e impurezas.<\/li>\n<li>Apertura de la cut\u00edcula.<\/li>\n<li>Tecnoclog\u00eda micelar.<\/li>\n<li>Formulado con glicerina.<\/li>\n<li>Sin siliconas.<\/li>\n<li>Sin parabenos.<\/li>\n<li>100% vegano.<\/li>\n<\/ul>\n<p>Especialmente indicado para su uso en sal\u00f3n y como mantenimiento con tratamientos diagnosticados a medida por el estilista.<\/p>\n<div class=\"pd-main-desc\">\n<p><strong>BENEFICIOS<\/strong><\/p>\n<div class=\"tab_product-tab-content__vAcQD product-tab-content benefits\">\n<div class=\"tab_product-tab-content__vAcQD product-tab-content benefits\">\n<p><strong>Pro-Tech es la gama\u00a0<\/strong><strong>profesional que act\u00faa como componente adicional\u00a0<\/strong>del servicio t\u00e9cnico en el sal\u00f3n. El aliado perfecto para un tratamiento completo del cabello por parte del profesional.<\/p>\n<ul>\n<li>El aliado m\u00e1s completo para el servicio t\u00e9cnico.<\/li>\n<li>Posibilidades infinitas y combinaciones a medida.<\/li>\n<li>Crece como experto profesional.<\/li>\n<\/ul>\n<\/div>\n<\/div>\n<p class=\"tab_product-tab-content__vAcQD product-tab-content benefits\"><strong>INGREDIENTES<\/strong><\/p>\n<p class=\"tab_product-tab-content__vAcQD product-tab-content benefits\">Formulado con glicerina y tecnolog\u00eda micelar.<\/p>\n<p><strong>MODO DE EMPLEO<\/strong><\/p>\n<ul>\n<li>Aplicar sobre cabello h\u00famedo.<\/li>\n<li>Masajear y enjuagar.<\/li>\n<\/ul>\n<\/div>","protected":false},"excerpt":{"rendered":"<p>Champ\u00fa Preparador Purificante HAIRLAB PRO-TECH Purifiyng Primer Salerm 1200ml Champ\u00fa micelar purificante y\u00a0antidep\u00f3sito. Ayuda a captar impurezas y eliminar residuos que puedan obstruir la fibra capilar, preparando el cabello para el servicio t\u00e9cnico. Elimina residuos e impurezas. Apertura de la cut\u00edcula. Tecnoclog\u00eda micelar. Formulado con glicerina. Sin siliconas. Sin parabenos. 100% vegano. Especialmente indicado para [&hellip;]<\/p>","protected":false},"featured_media":6397,"comment_status":"open","ping_status":"closed","template":"","meta":{"_acf_changed":false,"inline_featured_image":false},"product_cat":[105],"product_tag":[],"genre":[],"class_list":{"0":"post-6342","1":"product","2":"type-product","3":"status-publish","4":"has-post-thumbnail","6":"product_cat-salud","8":"first","9":"instock","10":"taxable","11":"shipping-taxable","12":"purchasable","13":"product-type-simple","14":"add-to-wishlist-after_add_to_cart"},"acf":[],"_links":{"self":[{"href":"https:\/\/compraencieza.es\/en\/wp-json\/wp\/v2\/product\/6342","targetHints":{"allow":["GET"]}}],"collection":[{"href":"https:\/\/compraencieza.es\/en\/wp-json\/wp\/v2\/product"}],"about":[{"href":"https:\/\/compraencieza.es\/en\/wp-json\/wp\/v2\/types\/product"}],"replies":[{"embeddable":true,"href":"https:\/\/compraencieza.es\/en\/wp-json\/wp\/v2\/comments?post=6342"}],"wp:featuredmedia":[{"embeddable":true,"href":"https:\/\/compraencieza.es\/en\/wp-json\/wp\/v2\/media\/6397"}],"wp:attachment":[{"href":"https:\/\/compraencieza.es\/en\/wp-json\/wp\/v2\/media?parent=6342"}],"wp:term":[{"taxonomy":"product_cat","embeddable":true,"href":"https:\/\/compraencieza.es\/en\/wp-json\/wp\/v2\/product_cat?post=6342"},{"taxonomy":"product_tag","embeddable":true,"href":"https:\/\/compraencieza.es\/en\/wp-json\/wp\/v2\/product_tag?post=6342"},{"taxonomy":"product_brand","embeddable":true,"href":"https:\/\/compraencieza.es\/en\/wp-json\/wp\/v2\/genre?post=6342"}],"curies":[{"name":"wp","href":"https:\/\/api.w.org\/{rel}","templated":true}]}}