{"id":6343,"date":"2025-01-10T10:59:49","date_gmt":"2025-01-10T09:59:49","guid":{"rendered":"https:\/\/compraencieza.es\/?post_type=product&#038;p=6343"},"modified":"2025-01-10T11:05:43","modified_gmt":"2025-01-10T10:05:43","slug":"champu-voluminizador-1200ml","status":"publish","type":"product","link":"https:\/\/compraencieza.es\/en\/product\/champu-voluminizador-1200ml\/","title":{"rendered":"Champ\u00fa Voluminizador 1200ml"},"content":{"rendered":"<p><strong>Champ\u00fa con cafe\u00edna energizante<\/strong>, especial para cabellos finos y sin volumen. Elimina suavemente la obstrucci\u00f3n del fol\u00edculo piloso y rodea la fibra para un cabello vigoroso, voluminoso, sin peso y saludable.<\/p>\n<ul>\n<li>Efecto Push Up.<\/li>\n<li>Cocktail de aminoaidos.<\/li>\n<li>Para cabello fino.<\/li>\n<li>Sin parabenos.<\/li>\n<li>100% vegano.<\/li>\n<\/ul>\n<p><strong>Especialmente indicada para cabello fino y sin volumen.<\/strong><\/p>\n<p><strong>Volume Up es la g<\/strong><strong>ama\u00a0<\/strong><strong>de efecto\u00a0<\/strong><strong>voluminizador<\/strong><strong>\u00a0y vigorizante inmediato.\u00a0<\/strong>Aporta cuerpo y textura al cabello para conseguir un volumen natural.<\/p>\n<ul>\n<li>Da cuerpo y volumen al cabello.<\/li>\n<li>Limpieza y tratamiento sin aporte de peso.<\/li>\n<li>Efecto push-up en la fibra capilar<\/li>\n<\/ul>\n<div class=\"tab_product-tab-content__vAcQD product-tab-content ingredients\">\n<p>Formulado con cafe\u00edna energizante y un cocktail de amino\u00e1cidos.<\/p>\n<\/div>\n<h3>C\u00f3mo usarlo:<\/h3>\n<ol>\n<li>Aplica el champ\u00fa sobre el cabello h\u00famedo.<\/li>\n<li>Masajea suavemente para que haga espuma.<\/li>\n<li>Enjuaga bien y repite si es necesario para un mayor volumen.<\/li>\n<\/ol>\n<p>Este champ\u00fa es perfecto para complementar tu rutina diaria si buscas un cabello m\u00e1s voluminoso, saludable y f\u00e1cil de manejar.<\/p>","protected":false},"excerpt":{"rendered":"<p>Champ\u00fa con cafe\u00edna energizante, especial para cabellos finos y sin volumen. Elimina suavemente la obstrucci\u00f3n del fol\u00edculo piloso y rodea la fibra para un cabello vigoroso, voluminoso, sin peso y saludable. Efecto Push Up. Cocktail de aminoaidos. Para cabello fino. Sin parabenos. 100% vegano. Especialmente indicada para cabello fino y sin volumen. Volume Up es [&hellip;]<\/p>","protected":false},"featured_media":6398,"comment_status":"open","ping_status":"closed","template":"","meta":{"_acf_changed":false,"inline_featured_image":false},"product_cat":[105],"product_tag":[],"genre":[],"class_list":{"0":"post-6343","1":"product","2":"type-product","3":"status-publish","4":"has-post-thumbnail","6":"product_cat-salud","8":"first","9":"instock","10":"taxable","11":"shipping-taxable","12":"purchasable","13":"product-type-simple","14":"add-to-wishlist-after_add_to_cart"},"acf":[],"_links":{"self":[{"href":"https:\/\/compraencieza.es\/en\/wp-json\/wp\/v2\/product\/6343","targetHints":{"allow":["GET"]}}],"collection":[{"href":"https:\/\/compraencieza.es\/en\/wp-json\/wp\/v2\/product"}],"about":[{"href":"https:\/\/compraencieza.es\/en\/wp-json\/wp\/v2\/types\/product"}],"replies":[{"embeddable":true,"href":"https:\/\/compraencieza.es\/en\/wp-json\/wp\/v2\/comments?post=6343"}],"wp:featuredmedia":[{"embeddable":true,"href":"https:\/\/compraencieza.es\/en\/wp-json\/wp\/v2\/media\/6398"}],"wp:attachment":[{"href":"https:\/\/compraencieza.es\/en\/wp-json\/wp\/v2\/media?parent=6343"}],"wp:term":[{"taxonomy":"product_cat","embeddable":true,"href":"https:\/\/compraencieza.es\/en\/wp-json\/wp\/v2\/product_cat?post=6343"},{"taxonomy":"product_tag","embeddable":true,"href":"https:\/\/compraencieza.es\/en\/wp-json\/wp\/v2\/product_tag?post=6343"},{"taxonomy":"product_brand","embeddable":true,"href":"https:\/\/compraencieza.es\/en\/wp-json\/wp\/v2\/genre?post=6343"}],"curies":[{"name":"wp","href":"https:\/\/api.w.org\/{rel}","templated":true}]}}