{"id":6352,"date":"2025-01-10T11:00:10","date_gmt":"2025-01-10T10:00:10","guid":{"rendered":"https:\/\/compraencieza.es\/?post_type=product&#038;p=6352"},"modified":"2025-01-10T11:05:43","modified_gmt":"2025-01-10T10:05:43","slug":"perfume-yara-50-ml","status":"publish","type":"product","link":"https:\/\/compraencieza.es\/en\/product\/perfume-yara-50-ml\/","title":{"rendered":"Yara Perfume 50 ml"},"content":{"rendered":"<p><b>Yara Rosa<\/b>\u00a050ml de ard a zaafaran de Lattafa es es una fragancia para Mujeres.<\/p>\n<p>flores brillantes y frutas dulces en un contexto de vainilla. La fragancia est\u00e1 creada para mujeres que aman la embriagadora dulzura de la vainilla.<\/p>\n<p>El c\u00e1lido y cremoso aroma de vainilla pintar\u00e1 el d\u00eda en tonos rosados. Al principio, se revela el fascinante olor de las flores de colores brillantes, lo que le da al aroma encanto y lujo.<\/p>\n<p>Las frutas tropicales quedan perfectas en esta composici\u00f3n femenina en polvo que te recordar\u00e1 los ex\u00f3ticos d\u00edas de vacaciones. El s\u00e1ndalo y el almizcle enriquecen el retrogusto de vainilla no s\u00f3lo con dulzura sino tambi\u00e9n con profundidad y longevidad. Gracias a ellos, el aroma te envolver\u00e1 y embriagar\u00e1 no solo a ti, sino tambi\u00e9n a quienes te rodean.<\/p>\n<p><strong>Notas altas:<\/strong>\u00a0heliotropo, orqu\u00eddea y mandarina.<\/p>\n<p><strong>Notas de coraz\u00f3n:<\/strong>\u00a0frutas tropicales.<\/p>\n<p><strong>Notas de fondo:<\/strong>\u00a0vainilla, almizcle y s\u00e1ndalo.<\/p>","protected":false},"excerpt":{"rendered":"<p>Yara Rosa\u00a050ml de ard a zaafaran de Lattafa es es una fragancia para Mujeres. flores brillantes y frutas dulces en un contexto de vainilla. La fragancia est\u00e1 creada para mujeres que aman la embriagadora dulzura de la vainilla. El c\u00e1lido y cremoso aroma de vainilla pintar\u00e1 el d\u00eda en tonos rosados. Al principio, se revela [&hellip;]<\/p>","protected":false},"featured_media":6401,"comment_status":"open","ping_status":"closed","template":"","meta":{"_acf_changed":false,"inline_featured_image":false},"product_cat":[105],"product_tag":[],"genre":[],"class_list":{"0":"post-6352","1":"product","2":"type-product","3":"status-publish","4":"has-post-thumbnail","6":"product_cat-salud","8":"first","9":"instock","10":"sale","11":"taxable","12":"shipping-taxable","13":"purchasable","14":"product-type-simple","15":"add-to-wishlist-after_add_to_cart"},"acf":[],"_links":{"self":[{"href":"https:\/\/compraencieza.es\/en\/wp-json\/wp\/v2\/product\/6352","targetHints":{"allow":["GET"]}}],"collection":[{"href":"https:\/\/compraencieza.es\/en\/wp-json\/wp\/v2\/product"}],"about":[{"href":"https:\/\/compraencieza.es\/en\/wp-json\/wp\/v2\/types\/product"}],"replies":[{"embeddable":true,"href":"https:\/\/compraencieza.es\/en\/wp-json\/wp\/v2\/comments?post=6352"}],"wp:featuredmedia":[{"embeddable":true,"href":"https:\/\/compraencieza.es\/en\/wp-json\/wp\/v2\/media\/6401"}],"wp:attachment":[{"href":"https:\/\/compraencieza.es\/en\/wp-json\/wp\/v2\/media?parent=6352"}],"wp:term":[{"taxonomy":"product_cat","embeddable":true,"href":"https:\/\/compraencieza.es\/en\/wp-json\/wp\/v2\/product_cat?post=6352"},{"taxonomy":"product_tag","embeddable":true,"href":"https:\/\/compraencieza.es\/en\/wp-json\/wp\/v2\/product_tag?post=6352"},{"taxonomy":"product_brand","embeddable":true,"href":"https:\/\/compraencieza.es\/en\/wp-json\/wp\/v2\/genre?post=6352"}],"curies":[{"name":"wp","href":"https:\/\/api.w.org\/{rel}","templated":true}]}}