{"id":6353,"date":"2025-01-10T11:00:10","date_gmt":"2025-01-10T10:00:10","guid":{"rendered":"https:\/\/compraencieza.es\/?post_type=product&#038;p=6353"},"modified":"2025-01-10T11:05:43","modified_gmt":"2025-01-10T10:05:43","slug":"set-rizador-de-pelo-cepillo-y-pinzas-cortex-pro","status":"publish","type":"product","link":"https:\/\/compraencieza.es\/en\/product\/set-rizador-de-pelo-cepillo-y-pinzas-cortex-pro\/","title":{"rendered":"Set Rizador de Pelo, Cepillo y Pinzas Cortex Pro"},"content":{"rendered":"<div class=\"product_detail-description\">\n<div class=\"block__container\">\n<p class=\"composition__title\">Set rizador de pelo, cepillo y pinzas CTI007 Cer\u00e1mica \u00a1Todo lo que necesitas para un peinado de peluquer\u00eda!<\/p>\n<p class=\"composition__value\">Rizador para todo tipo y textura de cabello.<\/p>\n<\/div>\n<\/div>\n<div class=\"product_detail-description\">\n<div class=\"block__container\">\n<p class=\"composition__value\">Barril cer\u00e1mico. Potente tecnolog\u00eda I\u00f3nica. Frena y previene la rotura. Agarre ergon\u00f3mico y antideslizante. Calienta r\u00e1pida y uniformemente hasta 190\u00baC.<\/p>\n<\/div>\n<\/div>\n<div class=\"product_detail-description\">\n<div class=\"block__container\">\n<p class=\"composition__value\">Cable giratorio 360\u00ba, evita enredos. Gancho para colgar. El cepillo con cerdas de nylon, suaviza y desenreda el pelo. Coj\u00edn para evitar la rotura, absorbe los posibles tirones durante el cepillado. El set incluye 2 clips para ayudarte en el peinado y separar secciones del cabello.<\/p>\n<\/div>\n<\/div>","protected":false},"excerpt":{"rendered":"<p>Set rizador de pelo, cepillo y pinzas CTI007 Cer\u00e1mica \u00a1Todo lo que necesitas para un peinado de peluquer\u00eda! Rizador para todo tipo y textura de cabello. Barril cer\u00e1mico. Potente tecnolog\u00eda I\u00f3nica. Frena y previene la rotura. Agarre ergon\u00f3mico y antideslizante. Calienta r\u00e1pida y uniformemente hasta 190\u00baC. Cable giratorio 360\u00ba, evita enredos. Gancho para colgar. El [&hellip;]<\/p>","protected":false},"featured_media":6402,"comment_status":"open","ping_status":"closed","template":"","meta":{"_acf_changed":false,"inline_featured_image":false},"product_cat":[105],"product_tag":[],"genre":[],"class_list":{"0":"post-6353","1":"product","2":"type-product","3":"status-publish","4":"has-post-thumbnail","6":"product_cat-salud","8":"first","9":"instock","10":"taxable","11":"shipping-taxable","12":"purchasable","13":"product-type-simple","14":"add-to-wishlist-after_add_to_cart"},"acf":[],"_links":{"self":[{"href":"https:\/\/compraencieza.es\/en\/wp-json\/wp\/v2\/product\/6353","targetHints":{"allow":["GET"]}}],"collection":[{"href":"https:\/\/compraencieza.es\/en\/wp-json\/wp\/v2\/product"}],"about":[{"href":"https:\/\/compraencieza.es\/en\/wp-json\/wp\/v2\/types\/product"}],"replies":[{"embeddable":true,"href":"https:\/\/compraencieza.es\/en\/wp-json\/wp\/v2\/comments?post=6353"}],"wp:featuredmedia":[{"embeddable":true,"href":"https:\/\/compraencieza.es\/en\/wp-json\/wp\/v2\/media\/6402"}],"wp:attachment":[{"href":"https:\/\/compraencieza.es\/en\/wp-json\/wp\/v2\/media?parent=6353"}],"wp:term":[{"taxonomy":"product_cat","embeddable":true,"href":"https:\/\/compraencieza.es\/en\/wp-json\/wp\/v2\/product_cat?post=6353"},{"taxonomy":"product_tag","embeddable":true,"href":"https:\/\/compraencieza.es\/en\/wp-json\/wp\/v2\/product_tag?post=6353"},{"taxonomy":"product_brand","embeddable":true,"href":"https:\/\/compraencieza.es\/en\/wp-json\/wp\/v2\/genre?post=6353"}],"curies":[{"name":"wp","href":"https:\/\/api.w.org\/{rel}","templated":true}]}}