{"id":6355,"date":"2025-01-10T11:00:10","date_gmt":"2025-01-10T10:00:10","guid":{"rendered":"https:\/\/compraencieza.es\/?post_type=product&#038;p=6355"},"modified":"2025-01-10T11:05:43","modified_gmt":"2025-01-10T10:05:43","slug":"fluido-modelador-rizos-idol-5","status":"publish","type":"product","link":"https:\/\/compraencieza.es\/en\/product\/fluido-modelador-rizos-idol-5\/","title":{"rendered":"Fluido Modelador Rizos Idol 5"},"content":{"rendered":"<h3><strong>Acci\u00f3n modeladora para rizos definidos y suaves.<\/strong><\/h3>\n<p><strong>Medavita Idol Curly Vertigo<\/strong>\u00a0ofrece una acci\u00f3n modeladora que remata el cabello rizado y ondulado de forma suave y natural. Elimina el encrespamiento, aporta cuerpo y elasticidad a los rizos y garantiza una perfecta separaci\u00f3n sin apelmazar.<\/p>\n<p><strong>Caracter\u00edsticas<\/strong><\/p>\n<ul>\n<li><strong>Fijaci\u00f3n Fuerte:<\/strong>\u00a0Garantiza un peinado duradero, manteniendo los rizos definidos y en forma durante todo el d\u00eda.<\/li>\n<li><strong>Elimina el frizz:<\/strong>\u00a0Combate el frizz para un look ordenado y natural.<\/li>\n<li><strong>Aporta Cuerpo y Elasticidad:<\/strong>\u00a0El cabello luce m\u00e1s voluminoso, el\u00e1stico y vital.<\/li>\n<li><strong>Separaci\u00f3n Perfecta:<\/strong>\u00a0Cada rizo queda definido y separado evitando el efecto \u00abbloqueado\u00bb.<\/li>\n<\/ul>\n<h3><strong>Ingredientes naturales para un cabello sano y protegido<\/strong><\/h3>\n<p>El fluido de peinado est\u00e1 enriquecido con una combinaci\u00f3n de aceites y prote\u00ednas naturales que ofrecen numerosos beneficios para la salud del cabello:<\/p>\n<ul>\n<li><strong>Aceite de Semilla de Girasol:<\/strong>\u00a0Rico en vitaminas y minerales, nutre y protege el cabello de los da\u00f1os ambientales.<\/li>\n<li><strong>Aceite de Jojoba:<\/strong>\u00a0Hidratante y emoliente, ayuda a mantener el cabello suave y brillante.<\/li>\n<li><strong>Aceite de Almendras Dulces:<\/strong>\u00a0Reestructurante y protector, previene la deshidrataci\u00f3n y mejora la elasticidad del cabello.<\/li>\n<li><strong>Prote\u00ednas de Trigo:<\/strong>\u00a0Penetra f\u00e1cilmente en el tallo del cabello, mejorando el cuerpo, brillo y suavidad.<\/li>\n<li><strong>Sacha Inchi (Plukenetia volubilis):<\/strong>\u00a0Antioxidante natural, nutre, reestructura y protege el cabello, previniendo la deshidrataci\u00f3n y mejorando el brillo.<\/li>\n<\/ul>\n<h3><span style=\"font-size: 18.72px;\">Instructions for use: <\/span><\/h3>\n<h3><span style=\"font-size: 16px;\">Para obtener mejores resultados, siga cuidadosamente estas instrucciones de uso:<\/span><\/h3>\n<ol>\n<li><strong>Aplique el producto:<\/strong>\u00a0aplique una peque\u00f1a cantidad de producto en sus manos.<\/li>\n<li><strong>Distribuir sobre el cabello:<\/strong>\u00a0Aplicar sobre el cabello lavado y secado con toalla.<\/li>\n<li><strong>Secado:<\/strong>\u00a0Proceder al secado con difusor.<\/li>\n<li><strong>Peinado:<\/strong>\u00a0Completar con el peinado deseado.<\/li>\n<\/ol>","protected":false},"excerpt":{"rendered":"<p>Acci\u00f3n modeladora para rizos definidos y suaves. Medavita Idol Curly Vertigo\u00a0ofrece una acci\u00f3n modeladora que remata el cabello rizado y ondulado de forma suave y natural. Elimina el encrespamiento, aporta cuerpo y elasticidad a los rizos y garantiza una perfecta separaci\u00f3n sin apelmazar. Caracter\u00edsticas Fijaci\u00f3n Fuerte:\u00a0Garantiza un peinado duradero, manteniendo los rizos definidos y en [&hellip;]<\/p>","protected":false},"featured_media":6410,"comment_status":"open","ping_status":"closed","template":"","meta":{"_acf_changed":false,"inline_featured_image":false},"product_cat":[105],"product_tag":[],"genre":[],"class_list":{"0":"post-6355","1":"product","2":"type-product","3":"status-publish","4":"has-post-thumbnail","6":"product_cat-salud","8":"first","9":"instock","10":"taxable","11":"shipping-taxable","12":"purchasable","13":"product-type-simple","14":"add-to-wishlist-after_add_to_cart"},"acf":[],"_links":{"self":[{"href":"https:\/\/compraencieza.es\/en\/wp-json\/wp\/v2\/product\/6355","targetHints":{"allow":["GET"]}}],"collection":[{"href":"https:\/\/compraencieza.es\/en\/wp-json\/wp\/v2\/product"}],"about":[{"href":"https:\/\/compraencieza.es\/en\/wp-json\/wp\/v2\/types\/product"}],"replies":[{"embeddable":true,"href":"https:\/\/compraencieza.es\/en\/wp-json\/wp\/v2\/comments?post=6355"}],"wp:featuredmedia":[{"embeddable":true,"href":"https:\/\/compraencieza.es\/en\/wp-json\/wp\/v2\/media\/6410"}],"wp:attachment":[{"href":"https:\/\/compraencieza.es\/en\/wp-json\/wp\/v2\/media?parent=6355"}],"wp:term":[{"taxonomy":"product_cat","embeddable":true,"href":"https:\/\/compraencieza.es\/en\/wp-json\/wp\/v2\/product_cat?post=6355"},{"taxonomy":"product_tag","embeddable":true,"href":"https:\/\/compraencieza.es\/en\/wp-json\/wp\/v2\/product_tag?post=6355"},{"taxonomy":"product_brand","embeddable":true,"href":"https:\/\/compraencieza.es\/en\/wp-json\/wp\/v2\/genre?post=6355"}],"curies":[{"name":"wp","href":"https:\/\/api.w.org\/{rel}","templated":true}]}}