{"id":6362,"date":"2025-01-10T11:00:31","date_gmt":"2025-01-10T10:00:31","guid":{"rendered":"https:\/\/compraencieza.es\/?post_type=product&#038;p=6362"},"modified":"2025-01-10T11:05:43","modified_gmt":"2025-01-10T10:05:43","slug":"tratamiento-anticaida-locion-concentrada-y-ampollas-13x6","status":"publish","type":"product","link":"https:\/\/compraencieza.es\/en\/product\/tratamiento-anticaida-locion-concentrada-y-ampollas-13x6\/","title":{"rendered":"Tratamiento Antica\u00edda Loci\u00f3n Concentrada y Ampollas 13&#215;6"},"content":{"rendered":"<p><strong>MEDAVITA Loci\u00f3n Concentr\u00e9e Homme Tratamiento Antica\u00edda Viales 13x6ml<\/strong><\/p>\n<p>Viales: Coadyuvante del tratamiento intensivo en la prevenci\u00f3n de la ca\u00edda del cabello masculino, para un cabello m\u00e1s fuerte y lleno y un bulbo m\u00e1s vital y receptivo a los est\u00edmulos. Contiene el exclusivo pool de potentes activos vegetales funcionales de la Loci\u00f3n Concentr\u00e9e (Aloe, Jengibre, C\u00e1lamo, Alcanfor, \u00c1rnica, G\u00e1lbano, Romero, Canela, Mirra, Nuez moscada) que estimulan el crecimiento, fortalecen el sistema de anclaje y alargan la fase de vida de la cabello. Enriquecido con Serenoa repens, un potente inhibidor de la 5alfa-reductasa y de la transformaci\u00f3n de testosterona en dihidrotestosterona, responsable de la alopecia androgen\u00e9tica y estados inflamatorios relacionados. Los numerosos extractos de plantas en los que es rica la f\u00f3rmula tienen una fuerte acci\u00f3n antioxidante y aumentan el flujo de la microcirculaci\u00f3n, revitalizando el metabolismo del bulbo piloso y manteniendo el cuero cabelludo constantemente humedecido e hidratado. Loci\u00f3n Concentr\u00e9e Homme est\u00e1 indicada para todo tipo de piel masculina, especialmente si es at\u00f3nica, con microcirculaci\u00f3n lenta. Advertencia: no aplicar inmediatamente despu\u00e9s de un servicio t\u00e9cnico de coloraci\u00f3n y\/o decoloraci\u00f3n.<\/p>\n<p>Shampoo ducha: Ducha-champ\u00fa tonificante de acci\u00f3n hidratante y energizante.<\/p>\n<p><strong>C\u00d3MO UTILIZAR:<\/strong><\/p>\n<p>Ampollas: despu\u00e9s de aplicar LOTION CONCENTR\u00c9E HOMME Shampoo antica\u00edda para hombre, distribuir la loci\u00f3n directamente sobre el cuero cabelludo. Realizar un ligero masaje con movimientos circulares. No enjuagar. Consultar las instrucciones de uso en el interior. *(Coadyuvante en la prevenci\u00f3n de la ca\u00edda del cabello).<\/p>\n<p>Shampoo de Ducha: distribuir uniformemente sobre el cuerpo y el cabello con una<br \/>\nmasajear suavemente y aclarar.<\/p>","protected":false},"excerpt":{"rendered":"<p>MEDAVITA Loci\u00f3n Concentr\u00e9e Homme Tratamiento Antica\u00edda Viales 13x6ml Viales: Coadyuvante del tratamiento intensivo en la prevenci\u00f3n de la ca\u00edda del cabello masculino, para un cabello m\u00e1s fuerte y lleno y un bulbo m\u00e1s vital y receptivo a los est\u00edmulos. Contiene el exclusivo pool de potentes activos vegetales funcionales de la Loci\u00f3n Concentr\u00e9e (Aloe, Jengibre, C\u00e1lamo, [&hellip;]<\/p>","protected":false},"featured_media":6412,"comment_status":"open","ping_status":"closed","template":"","meta":{"_acf_changed":false,"inline_featured_image":false},"product_cat":[105],"product_tag":[],"genre":[],"class_list":{"0":"post-6362","1":"product","2":"type-product","3":"status-publish","4":"has-post-thumbnail","6":"product_cat-salud","8":"first","9":"instock","10":"taxable","11":"shipping-taxable","12":"purchasable","13":"product-type-simple","14":"add-to-wishlist-after_add_to_cart"},"acf":[],"_links":{"self":[{"href":"https:\/\/compraencieza.es\/en\/wp-json\/wp\/v2\/product\/6362","targetHints":{"allow":["GET"]}}],"collection":[{"href":"https:\/\/compraencieza.es\/en\/wp-json\/wp\/v2\/product"}],"about":[{"href":"https:\/\/compraencieza.es\/en\/wp-json\/wp\/v2\/types\/product"}],"replies":[{"embeddable":true,"href":"https:\/\/compraencieza.es\/en\/wp-json\/wp\/v2\/comments?post=6362"}],"wp:featuredmedia":[{"embeddable":true,"href":"https:\/\/compraencieza.es\/en\/wp-json\/wp\/v2\/media\/6412"}],"wp:attachment":[{"href":"https:\/\/compraencieza.es\/en\/wp-json\/wp\/v2\/media?parent=6362"}],"wp:term":[{"taxonomy":"product_cat","embeddable":true,"href":"https:\/\/compraencieza.es\/en\/wp-json\/wp\/v2\/product_cat?post=6362"},{"taxonomy":"product_tag","embeddable":true,"href":"https:\/\/compraencieza.es\/en\/wp-json\/wp\/v2\/product_tag?post=6362"},{"taxonomy":"product_brand","embeddable":true,"href":"https:\/\/compraencieza.es\/en\/wp-json\/wp\/v2\/genre?post=6362"}],"curies":[{"name":"wp","href":"https:\/\/api.w.org\/{rel}","templated":true}]}}