{"id":6363,"date":"2025-01-10T11:00:31","date_gmt":"2025-01-10T10:00:31","guid":{"rendered":"https:\/\/compraencieza.es\/?post_type=product&#038;p=6363"},"modified":"2025-01-10T11:05:43","modified_gmt":"2025-01-10T10:05:43","slug":"champu-cabello-tenido-family-fresh-delice-coco","status":"publish","type":"product","link":"https:\/\/compraencieza.es\/en\/product\/champu-cabello-tenido-family-fresh-delice-coco\/","title":{"rendered":"Family Fresh D\u00e9lice Coconut Shampoo for Dyed Hair"},"content":{"rendered":"<div class=\"content-product-h\">DESCRIPCI\u00d3N<\/div>\n<div class=\"content-product-desc\">El champ\u00fa para cabello te\u00f1ido Byphasse Family Fresh D\u00e9lice revitaliza y protege el color.<\/div>\n<div class=\"content-product-table\">\n<div class=\"content-product-row\">\n<div class=\"content-product-h\">TIPO DE PRODUCTO: CHAMP\u00da<\/div>\n<\/div>\n<div class=\"content-product-row\">\n<div class=\"content-product-h\">TIPO DE CUIDADO: CUIDADO CAPILAR<\/div>\n<\/div>\n<div class=\"content-product-row\">\n<div class=\"content-product-h\">FAMILIA: FAMILY FRESH DELICE<\/div>\n<\/div>\n<div class=\"content-product-row\">\n<div class=\"content-product-h\">TIPO DE PIEL\/CABELLO: CABELLO TE\u00d1IDO<\/div>\n<\/div>\n<div class=\"content-product-row\">\n<div class=\"content-product-h\">TAMA\u00d1O: 750m<\/div>\n<\/div>\n<\/div>","protected":false},"excerpt":{"rendered":"<p>DESCRIPCI\u00d3N El champ\u00fa para cabello te\u00f1ido Byphasse Family Fresh D\u00e9lice revitaliza y protege el color. TIPO DE PRODUCTO: CHAMP\u00da TIPO DE CUIDADO: CUIDADO CAPILAR FAMILIA: FAMILY FRESH DELICE TIPO DE PIEL\/CABELLO: CABELLO TE\u00d1IDO TAMA\u00d1O: 750m<\/p>","protected":false},"featured_media":6413,"comment_status":"open","ping_status":"closed","template":"","meta":{"_acf_changed":false,"inline_featured_image":false},"product_cat":[105],"product_tag":[],"genre":[],"class_list":{"0":"post-6363","1":"product","2":"type-product","3":"status-publish","4":"has-post-thumbnail","6":"product_cat-salud","8":"first","9":"outofstock","10":"taxable","11":"shipping-taxable","12":"purchasable","13":"product-type-simple","14":"add-to-wishlist-after_add_to_cart"},"acf":[],"_links":{"self":[{"href":"https:\/\/compraencieza.es\/en\/wp-json\/wp\/v2\/product\/6363","targetHints":{"allow":["GET"]}}],"collection":[{"href":"https:\/\/compraencieza.es\/en\/wp-json\/wp\/v2\/product"}],"about":[{"href":"https:\/\/compraencieza.es\/en\/wp-json\/wp\/v2\/types\/product"}],"replies":[{"embeddable":true,"href":"https:\/\/compraencieza.es\/en\/wp-json\/wp\/v2\/comments?post=6363"}],"wp:featuredmedia":[{"embeddable":true,"href":"https:\/\/compraencieza.es\/en\/wp-json\/wp\/v2\/media\/6413"}],"wp:attachment":[{"href":"https:\/\/compraencieza.es\/en\/wp-json\/wp\/v2\/media?parent=6363"}],"wp:term":[{"taxonomy":"product_cat","embeddable":true,"href":"https:\/\/compraencieza.es\/en\/wp-json\/wp\/v2\/product_cat?post=6363"},{"taxonomy":"product_tag","embeddable":true,"href":"https:\/\/compraencieza.es\/en\/wp-json\/wp\/v2\/product_tag?post=6363"},{"taxonomy":"product_brand","embeddable":true,"href":"https:\/\/compraencieza.es\/en\/wp-json\/wp\/v2\/genre?post=6363"}],"curies":[{"name":"wp","href":"https:\/\/api.w.org\/{rel}","templated":true}]}}