{"id":6365,"date":"2025-01-10T11:00:31","date_gmt":"2025-01-10T10:00:31","guid":{"rendered":"https:\/\/compraencieza.es\/?post_type=product&#038;p=6365"},"modified":"2025-01-10T11:05:43","modified_gmt":"2025-01-10T10:05:43","slug":"acondicionador-hidratante-sweet-care-330-ml","status":"publish","type":"product","link":"https:\/\/compraencieza.es\/en\/product\/acondicionador-hidratante-sweet-care-330-ml\/","title":{"rendered":"Sweet Care Moisturizing Conditioner 330 ml"},"content":{"rendered":"<p>El Acondicionador hidratante K89 Sweet care est\u00e1 formulado con \u00e1cido hialur\u00f3nico y aceite de pepita de uva, proporcionando una hidrataci\u00f3n profunda y duradera. Este acondicionador desenreda y suaviza el cabello, dej\u00e1ndolo brillante y manejable.<\/p>\n<p>Ideal para todo tipo de cabellos, especialmente aquellos secos y opacos. Aporta elasticidad y luminosidad, mejorando la salud y apariencia del cabello desde la primera aplicaci\u00f3n.<\/p>","protected":false},"excerpt":{"rendered":"<p>El Acondicionador hidratante K89 Sweet care est\u00e1 formulado con \u00e1cido hialur\u00f3nico y aceite de pepita de uva, proporcionando una hidrataci\u00f3n profunda y duradera. Este acondicionador desenreda y suaviza el cabello, dej\u00e1ndolo brillante y manejable. Ideal para todo tipo de cabellos, especialmente aquellos secos y opacos. Aporta elasticidad y luminosidad, mejorando la salud y apariencia del [&hellip;]<\/p>","protected":false},"featured_media":6421,"comment_status":"open","ping_status":"closed","template":"","meta":{"_acf_changed":false,"inline_featured_image":false},"product_cat":[105],"product_tag":[],"genre":[],"class_list":{"0":"post-6365","1":"product","2":"type-product","3":"status-publish","4":"has-post-thumbnail","6":"product_cat-salud","8":"first","9":"instock","10":"taxable","11":"shipping-taxable","12":"purchasable","13":"product-type-simple","14":"add-to-wishlist-after_add_to_cart"},"acf":[],"_links":{"self":[{"href":"https:\/\/compraencieza.es\/en\/wp-json\/wp\/v2\/product\/6365","targetHints":{"allow":["GET"]}}],"collection":[{"href":"https:\/\/compraencieza.es\/en\/wp-json\/wp\/v2\/product"}],"about":[{"href":"https:\/\/compraencieza.es\/en\/wp-json\/wp\/v2\/types\/product"}],"replies":[{"embeddable":true,"href":"https:\/\/compraencieza.es\/en\/wp-json\/wp\/v2\/comments?post=6365"}],"wp:featuredmedia":[{"embeddable":true,"href":"https:\/\/compraencieza.es\/en\/wp-json\/wp\/v2\/media\/6421"}],"wp:attachment":[{"href":"https:\/\/compraencieza.es\/en\/wp-json\/wp\/v2\/media?parent=6365"}],"wp:term":[{"taxonomy":"product_cat","embeddable":true,"href":"https:\/\/compraencieza.es\/en\/wp-json\/wp\/v2\/product_cat?post=6365"},{"taxonomy":"product_tag","embeddable":true,"href":"https:\/\/compraencieza.es\/en\/wp-json\/wp\/v2\/product_tag?post=6365"},{"taxonomy":"product_brand","embeddable":true,"href":"https:\/\/compraencieza.es\/en\/wp-json\/wp\/v2\/genre?post=6365"}],"curies":[{"name":"wp","href":"https:\/\/api.w.org\/{rel}","templated":true}]}}