{"id":6373,"date":"2025-01-10T11:00:53","date_gmt":"2025-01-10T10:00:53","guid":{"rendered":"https:\/\/compraencieza.es\/?post_type=product&#038;p=6373"},"modified":"2025-01-10T11:05:43","modified_gmt":"2025-01-10T10:05:43","slug":"plancha-titanium-plus","status":"publish","type":"product","link":"https:\/\/compraencieza.es\/en\/product\/plancha-titanium-plus\/","title":{"rendered":"Plancha Titanium plus"},"content":{"rendered":"<p>Plancha Vitafran Titanium Plus:<\/p>\n<p>Placas revestidas con Titanium para la distribuci\u00f3n homog\u00e9nea de la temperatura.<\/p>\n<p>Sistema avanzado basculante de las placas.<\/p>\n<p>Metal Ceramic Heater para un alcance r\u00e1pido y uniforme de la temperatura.<\/p>\n<p>M\u00e1ximo temperatura de 230\u00ba C con termostato regulado.<\/p>\n<p>Plancha dise\u00f1ada para secar y planchar el pelo mojado.<\/p>\n<p>Cable de 3 metros de longitud.<\/p>\n<p>Sleep mode: funci\u00f3n de apagado de la plancha despu\u00e9s de 60 minutos de inactividad.<\/p>\n<p>&nbsp;<\/p>","protected":false},"excerpt":{"rendered":"<p>Plancha Vitafran Titanium Plus: Placas revestidas con Titanium para la distribuci\u00f3n homog\u00e9nea de la temperatura. Sistema avanzado basculante de las placas. Metal Ceramic Heater para un alcance r\u00e1pido y uniforme de la temperatura. M\u00e1ximo temperatura de 230\u00ba C con termostato regulado. Plancha dise\u00f1ada para secar y planchar el pelo mojado. Cable de 3 metros de [&hellip;]<\/p>","protected":false},"featured_media":6424,"comment_status":"open","ping_status":"closed","template":"","meta":{"_acf_changed":false,"inline_featured_image":false},"product_cat":[105],"product_tag":[],"genre":[],"class_list":{"0":"post-6373","1":"product","2":"type-product","3":"status-publish","4":"has-post-thumbnail","6":"product_cat-salud","8":"first","9":"instock","10":"taxable","11":"shipping-taxable","12":"purchasable","13":"product-type-simple","14":"add-to-wishlist-after_add_to_cart"},"acf":[],"_links":{"self":[{"href":"https:\/\/compraencieza.es\/en\/wp-json\/wp\/v2\/product\/6373","targetHints":{"allow":["GET"]}}],"collection":[{"href":"https:\/\/compraencieza.es\/en\/wp-json\/wp\/v2\/product"}],"about":[{"href":"https:\/\/compraencieza.es\/en\/wp-json\/wp\/v2\/types\/product"}],"replies":[{"embeddable":true,"href":"https:\/\/compraencieza.es\/en\/wp-json\/wp\/v2\/comments?post=6373"}],"wp:featuredmedia":[{"embeddable":true,"href":"https:\/\/compraencieza.es\/en\/wp-json\/wp\/v2\/media\/6424"}],"wp:attachment":[{"href":"https:\/\/compraencieza.es\/en\/wp-json\/wp\/v2\/media?parent=6373"}],"wp:term":[{"taxonomy":"product_cat","embeddable":true,"href":"https:\/\/compraencieza.es\/en\/wp-json\/wp\/v2\/product_cat?post=6373"},{"taxonomy":"product_tag","embeddable":true,"href":"https:\/\/compraencieza.es\/en\/wp-json\/wp\/v2\/product_tag?post=6373"},{"taxonomy":"product_brand","embeddable":true,"href":"https:\/\/compraencieza.es\/en\/wp-json\/wp\/v2\/genre?post=6373"}],"curies":[{"name":"wp","href":"https:\/\/api.w.org\/{rel}","templated":true}]}}