{"id":6375,"date":"2025-01-10T11:00:53","date_gmt":"2025-01-10T10:00:53","guid":{"rendered":"https:\/\/compraencieza.es\/?post_type=product&#038;p=6375"},"modified":"2025-01-10T11:05:43","modified_gmt":"2025-01-10T10:05:43","slug":"champu-solido-act-now","status":"publish","type":"product","link":"https:\/\/compraencieza.es\/en\/product\/champu-solido-act-now\/","title":{"rendered":"Champ\u00fa S\u00f3lido Act Now"},"content":{"rendered":"<p>Champ\u00fa limpiador s\u00f3lido<\/p>\n<p>\u00a1Indola act\u00faa ahora! \u00a1Champ\u00fa s\u00f3lido para el mejor cuidado! El embalaje no contiene pl\u00e1stico y, por lo tanto, es extremadamente duradero. El champ\u00fa s\u00f3lido limpia el cuero cabelludo y el cabello y les da el brillo m\u00e1s hermoso.<\/p>\n<p>Characteristics:<\/p>\n<p>Champ\u00fa s\u00f3lido<br \/>\nLimpia el cabello y el cuero cabelludo.<br \/>\nBrillo natural<br \/>\nComposici\u00f3n con manteca de karit\u00e9<br \/>\n100% vegano<br \/>\nElecci\u00f3n ecol\u00f3gica<br \/>\nSin sulfato<br \/>\nApto para todo tipo de cabello<\/p>\n<p>Uso:<\/p>\n<p>1. Aplicar sobre el cabello h\u00famedo<br \/>\n2. Enjabonarse.<br \/>\n3. Luego enju\u00e1galas bien.<\/p>","protected":false},"excerpt":{"rendered":"<p>Champ\u00fa limpiador s\u00f3lido \u00a1Indola act\u00faa ahora! \u00a1Champ\u00fa s\u00f3lido para el mejor cuidado! El embalaje no contiene pl\u00e1stico y, por lo tanto, es extremadamente duradero. El champ\u00fa s\u00f3lido limpia el cuero cabelludo y el cabello y les da el brillo m\u00e1s hermoso. Caracter\u00edsticas: Champ\u00fa s\u00f3lido Limpia el cabello y el cuero cabelludo. Brillo natural Composici\u00f3n con [&hellip;]<\/p>","protected":false},"featured_media":6426,"comment_status":"open","ping_status":"closed","template":"","meta":{"_acf_changed":false,"inline_featured_image":false},"product_cat":[105],"product_tag":[],"genre":[],"class_list":{"0":"post-6375","1":"product","2":"type-product","3":"status-publish","4":"has-post-thumbnail","6":"product_cat-salud","8":"first","9":"instock","10":"taxable","11":"shipping-taxable","12":"purchasable","13":"product-type-simple","14":"add-to-wishlist-after_add_to_cart"},"acf":[],"_links":{"self":[{"href":"https:\/\/compraencieza.es\/en\/wp-json\/wp\/v2\/product\/6375","targetHints":{"allow":["GET"]}}],"collection":[{"href":"https:\/\/compraencieza.es\/en\/wp-json\/wp\/v2\/product"}],"about":[{"href":"https:\/\/compraencieza.es\/en\/wp-json\/wp\/v2\/types\/product"}],"replies":[{"embeddable":true,"href":"https:\/\/compraencieza.es\/en\/wp-json\/wp\/v2\/comments?post=6375"}],"wp:featuredmedia":[{"embeddable":true,"href":"https:\/\/compraencieza.es\/en\/wp-json\/wp\/v2\/media\/6426"}],"wp:attachment":[{"href":"https:\/\/compraencieza.es\/en\/wp-json\/wp\/v2\/media?parent=6375"}],"wp:term":[{"taxonomy":"product_cat","embeddable":true,"href":"https:\/\/compraencieza.es\/en\/wp-json\/wp\/v2\/product_cat?post=6375"},{"taxonomy":"product_tag","embeddable":true,"href":"https:\/\/compraencieza.es\/en\/wp-json\/wp\/v2\/product_tag?post=6375"},{"taxonomy":"product_brand","embeddable":true,"href":"https:\/\/compraencieza.es\/en\/wp-json\/wp\/v2\/genre?post=6375"}],"curies":[{"name":"wp","href":"https:\/\/api.w.org\/{rel}","templated":true}]}}